{"id":8196,"date":"2014-10-17T17:45:41","date_gmt":"2014-10-17T16:45:41","guid":{"rendered":"https:\/\/www.bonberenea.com\/?post_type=product&#038;p=8196"},"modified":"2018-04-21T21:45:29","modified_gmt":"2018-04-21T20:45:29","slug":"bonberenea-txaranga-bihar-ez-da-gaur","status":"publish","type":"product","link":"https:\/\/www.bonberenea.com\/es\/online-denda\/bonberenea-txaranga-bihar-ez-da-gaur\/","title":{"rendered":"Bonberenea Txaranga &#8220;Bihar ez da Gaur&#8221;"},"content":{"rendered":"<p>Cuando se okupa una casa y se crea un gaztetxe, la realidad (o varias realidades) sufre\/n una transformaci\u00f3n. Un edificio que ha sido utilizado para cualquier funci\u00f3n (talleres, f\u00e1bricas, viviendas, cuarteles, casas de bomberos&#8230;) y ha sido abandonado, adquiere una nueva utilidad y al mismo tiempo, juega un papel distinto en la sociedad. Nada nuevo hasta ahora.<\/p>\n<p><a href=\"https:\/\/bonberenea.com\/wp-content\/uploads\/2014\/10\/Bonberenea-Txaranga-promo.jpg\"><img decoding=\"async\" class=\"aligncenter wp-image-11775\" src=\"https:\/\/bonberenea.com\/wp-content\/uploads\/2014\/10\/Bonberenea-Txaranga-promo.jpg\" alt=\"Bonberenea-Txaranga-promo\" width=\"503\" height=\"279\" srcset=\"https:\/\/www.bonberenea.com\/wp-content\/uploads\/2014\/10\/Bonberenea-Txaranga-promo.jpg 806w, https:\/\/www.bonberenea.com\/wp-content\/uploads\/2014\/10\/Bonberenea-Txaranga-promo-300x166.jpg 300w, https:\/\/www.bonberenea.com\/wp-content\/uploads\/2014\/10\/Bonberenea-Txaranga-promo-663x367.jpg 663w\" sizes=\"(max-width: 503px) 100vw, 503px\" \/><\/a><\/p>\n<p>Algo parecido le ha sucedido a Bonberenea Txaranga \u00faltimamente, aunque el proceso venga de lejos. Probablemente desde aquella primera \u201cchapuza\u201d. Se puede decir que este grupo de j\u00f3venes ha provisto de una nueva utilidad a los instrumentos y a la propia txaranga, okupando as\u00ed nuevos espacios. La t\u00e9cnica para hacer sonar a trompetas, trombones, saxos y dem\u00e1s sigue siendo la misma, el formato de la txaranga tampoco ha cambiado (no es muy diferente al resto de txarangas) y en el fondo, la intenci\u00f3n es la del principio. Pero la evoluci\u00f3n es una de las se\u00f1as de identidad de este grupo, y la evoluci\u00f3n exige actualizar el ma\u00f1ana, aunque se corra el riesgo de que unx sea tomadx por locx. \u201c<em>Pena eta lotsa, ausartaren kondena<\/em>\u201d.<\/p>\n<p><em>Bihar ez da gaur<\/em> (Ma\u00f1ana no es hoy) es el nombre del nuevo disco de la txaranga del gaztetxe de Tolosa. La \u00faltima perla de una evoluci\u00f3n permanente, su nuevo trabajo. 8 canciones, composiciones propias todas ellas (salvo una versi\u00f3n del grupo DUT). Ni kalejiras, ni fandangos, ni habaneras&#8230; Nadando en nuevos mares, Bonberenea Txaranga contin\u00faa sin miedo a nuevos estilos en este disco. La mezcla, masterizaci\u00f3n y dem\u00e1s van a cargo de Karlos Osinaga. Con colaboraciones de gente cercana (Sorkun Rubio, Juantxo Arakama&#8230;), las protagonistas son la innovaci\u00f3n y la evoluci\u00f3n. La canci\u00f3n <em>Era berria (<\/em>nueva manera o forma) y su t\u00edtulo resumen a la perfecci\u00f3n lo dicho hasta ahora: estamos ante una nueva forma de entender una txaranga.<\/p>\n<p>Aviso a puristas: escuchadlo con calma y disfrutad. Disfrutad mucho.<\/p>\n<p><iframe width=\"425\" height=\"344\" src=\"http:\/\/www.youtube.com\/embed\/1WAfiVoIS-g?wmode=transparent\" frameborder=\"0\" allowfullscreen> <\/iframe><\/p>\n<audio class=\"wp-audio-shortcode\" id=\"audio-8196-2\" preload=\"none\" style=\"width: 100%;\" controls=\"controls\"><source type=\"audio\/mpeg\" src=\"https:\/\/bonberenea.com\/wp-content\/uploads\/2014\/11\/Bonberenea-Txaranga-Triskaketa.mp3?_=2\" \/><a href=\"https:\/\/bonberenea.com\/wp-content\/uploads\/2014\/11\/Bonberenea-Txaranga-Triskaketa.mp3\">https:\/\/bonberenea.com\/wp-content\/uploads\/2014\/11\/Bonberenea-Txaranga-Triskaketa.mp3<\/a><\/audio>\n<p>Contacto:<br \/>\ninfo@bonberenea.com<br \/>\nMattin 620 778 618<\/p>","protected":false},"excerpt":{"rendered":"<p>Cuando se okupa una casa y se crea un gaztetxe, la realidad (o varias realidades) sufre\/n una transformaci\u00f3n. Un edificio que ha sido utilizado para cualquier funci\u00f3n (talleres, f\u00e1bricas, viviendas, cuarteles, casas de bomberos&#8230;) y ha sido abandonado, adquiere una [&hellip;]<\/p>\n","protected":false},"featured_media":8197,"template":"","meta":{"_exactmetrics_skip_tracking":false,"_exactmetrics_sitenote_active":false,"_exactmetrics_sitenote_note":"","_exactmetrics_sitenote_category":0},"product_cat":[134],"product_tag":[441,442,205,497],"_links":{"self":[{"href":"https:\/\/www.bonberenea.com\/es\/wp-json\/wp\/v2\/product\/8196"}],"collection":[{"href":"https:\/\/www.bonberenea.com\/es\/wp-json\/wp\/v2\/product"}],"about":[{"href":"https:\/\/www.bonberenea.com\/es\/wp-json\/wp\/v2\/types\/product"}],"wp:featuredmedia":[{"embeddable":true,"href":"https:\/\/www.bonberenea.com\/es\/wp-json\/wp\/v2\/media\/8197"}],"wp:attachment":[{"href":"https:\/\/www.bonberenea.com\/es\/wp-json\/wp\/v2\/media?parent=8196"}],"wp:term":[{"taxonomy":"product_cat","embeddable":true,"href":"https:\/\/www.bonberenea.com\/es\/wp-json\/wp\/v2\/product_cat?post=8196"},{"taxonomy":"product_tag","embeddable":true,"href":"https:\/\/www.bonberenea.com\/es\/wp-json\/wp\/v2\/product_tag?post=8196"}],"curies":[{"name":"wp","href":"https:\/\/api.w.org\/{rel}","templated":true}]}}