{"id":4871,"date":"2014-09-06T16:17:31","date_gmt":"2014-09-06T15:17:31","guid":{"rendered":"https:\/\/www.bonberenea.com\/?post_type=product&#038;p=4871"},"modified":"2015-03-04T12:45:14","modified_gmt":"2015-03-04T11:45:14","slug":"bonberenea-10-urte-liburua","status":"publish","type":"product","link":"https:\/\/www.bonberenea.com\/es\/online-denda\/bonberenea-10-urte-liburua\/","title":{"rendered":"Bonberenea 10 urte libro"},"content":{"rendered":"<p><\/p>\n<p><p>Este recordatorio es parte de la celebraci\u00f3n del d\u00e9cimo aniversario de Bonberenea.<\/p>\n<p>En el, se narran las vivencias que han tenido lugar en Bonberenea estos \u00faltimos diez a\u00f1os, pero no solo eso, tambien es el testimonio grafico de las actividades que se han realizado, fotos de conciertos, charlas, competiciones, noticias de prensa escrita o carteles.<\/p>\n<p>No es m\u00e1s que el recuerdo de un proyecto que cree en si mismo y en la autogestion.<\/p>\n<p>Felicidades Bonberenea!!!<\/p>\n<p><b>Contacto:<br \/>\n<\/b><a href=\"mailto:info@bonberenea.com\">info@bonberenea.com<\/a><br \/>\n<a href=\"www.bonberenea.com\">www.bonberenea.com<\/a><\/p>\n<\/p>\n<p><\/p>","protected":false},"excerpt":{"rendered":"<p>Este recordatorio es parte de la celebraci\u00f3n del d\u00e9cimo aniversario de Bonberenea. En el, se narran las vivencias que han tenido lugar en Bonberenea estos \u00faltimos diez a\u00f1os, pero no solo eso, tambien es el testimonio grafico de las actividades [&hellip;]<\/p>\n","protected":false},"featured_media":4869,"template":"","meta":{"_exactmetrics_skip_tracking":false,"_exactmetrics_sitenote_active":false,"_exactmetrics_sitenote_note":"","_exactmetrics_sitenote_category":0},"product_cat":[148],"product_tag":[],"_links":{"self":[{"href":"https:\/\/www.bonberenea.com\/es\/wp-json\/wp\/v2\/product\/4871"}],"collection":[{"href":"https:\/\/www.bonberenea.com\/es\/wp-json\/wp\/v2\/product"}],"about":[{"href":"https:\/\/www.bonberenea.com\/es\/wp-json\/wp\/v2\/types\/product"}],"wp:featuredmedia":[{"embeddable":true,"href":"https:\/\/www.bonberenea.com\/es\/wp-json\/wp\/v2\/media\/4869"}],"wp:attachment":[{"href":"https:\/\/www.bonberenea.com\/es\/wp-json\/wp\/v2\/media?parent=4871"}],"wp:term":[{"taxonomy":"product_cat","embeddable":true,"href":"https:\/\/www.bonberenea.com\/es\/wp-json\/wp\/v2\/product_cat?post=4871"},{"taxonomy":"product_tag","embeddable":true,"href":"https:\/\/www.bonberenea.com\/es\/wp-json\/wp\/v2\/product_tag?post=4871"}],"curies":[{"name":"wp","href":"https:\/\/api.w.org\/{rel}","templated":true}]}}