{"id":4784,"date":"2014-09-06T16:02:48","date_gmt":"2014-09-06T15:02:48","guid":{"rendered":"https:\/\/www.bonberenea.com\/?post_type=product&#038;p=4784"},"modified":"2016-04-16T21:56:12","modified_gmt":"2016-04-16T20:56:12","slug":"humus-leihotik-begira-zai","status":"publish","type":"product","link":"https:\/\/www.bonberenea.com\/es\/online-denda\/humus-leihotik-begira-zai\/","title":{"rendered":"Humus \u2013 Leihotik begira zai"},"content":{"rendered":"<p><\/p>\n<p><p>En este a\u00f1o 2004 que acaba da comenzar, Bonberenea Ekintzak va a presentar su tercer CD: el trabajo titulado Lehiotik begira zai del grupo HUMUS.<\/p>\n<p>Grabado en el invierno del 2003, Lehiotik begira zai es el nuevo trabajo de larga duraci\u00f3n de HUMUS. Ha sido grabado en el estudio de Bonberenea, y mezclado y masterizado en Vera de Bidasoa (Navarra) por Maikel. HUMUS vuelve a ser cuarteto con la incorporaci\u00f3n al grupo de la guitarra de David, que ha participado en la grabaci\u00f3n con los dem\u00e1s miembros del grupo. HUMUS ha construido su nuevo trabajo mediante un sonido s\u00f3lido, compacto y vigoroso, gran energ\u00eda y bellas melod\u00edas.<\/p>\n<p>HUMUS se creo en septiembre del 97. Natalia (bajo y voz), Mantxi (guitarra y voz) y Edu (bateria), fue la formaci\u00f3n con la que el grupo dio sus primeros pasos. El 25 de abril del 98 ofrecieron su primer concierto, al que le siguieron 5 mas.<\/p>\n<p><a href=\"https:\/\/bonberenea.com\/wp-content\/uploads\/2014\/09\/Humus_Promo.jpg\"><img decoding=\"async\" class=\"aligncenter  wp-image-4793\" src=\"https:\/\/bonberenea.com\/wp-content\/uploads\/2014\/09\/Humus_Promo.jpg\" alt=\"Humus_Promo\" width=\"663\" height=\"497\" srcset=\"https:\/\/www.bonberenea.com\/wp-content\/uploads\/2014\/09\/Humus_Promo.jpg 1024w, https:\/\/www.bonberenea.com\/wp-content\/uploads\/2014\/09\/Humus_Promo-300x225.jpg 300w, https:\/\/www.bonberenea.com\/wp-content\/uploads\/2014\/09\/Humus_Promo-890x667.jpg 890w, https:\/\/www.bonberenea.com\/wp-content\/uploads\/2014\/09\/Humus_Promo-663x497.jpg 663w, https:\/\/www.bonberenea.com\/wp-content\/uploads\/2014\/09\/Humus_Promo-350x262.jpg 350w\" sizes=\"(max-width: 663px) 100vw, 663px\" \/><\/a><\/p>\n<p>En septiembre del 98, entro en el grupo Luisja (guitarra) con la idea de reforzarlo un poco. En octubre del 98 el grupo dio su primer concierto como cuarteto.<\/p>\n<p>HUMUS grab\u00f3 su primer trabajo autoproducido, con la inestimable ayuda de Gorka Etnies, Luisma Inza y los locales de Buenawixta, donde se trabajo gran parte de la grabaci\u00f3n y edici\u00f3n. Este primer CD sali\u00f3 a la luz en mayo del 2000 con el nombre de Pulper y el grupo se centro en la distribuci\u00f3n y promoci\u00f3n de este CD. En el 2001, Humus volvi\u00f3 a ser un tr\u00edo. En la primavera del 2002, HUMUS grab\u00f3 seis temas en su local de ensayo.<\/p>\n<p>Por otra parte, HUMUS ha tenido la ocasi\u00f3n de tomar parte en algunos recopilatorios: Martxaundi 3, Gaztemaniak 4, Oztopo guztien gainetik Bonberenea y Gaztesarea bilduma.<\/p>\n<p>Entre los grupos con los que han tocado se encuentran El Coraz\u00f3n del Sapo, Def con Dos, Barricada, Anestesia, Jousilouli, Dr. Deseo, Asgarth, Lif&#8230; entre otros muchos. Han dado unos 50 conciertos.<\/p>\n<p>&nbsp;<\/p>\n<p><strong>Contacto:<\/strong><\/p>\n<p><a href=\"mailto:humusinside@gmail.com\">humusinside@gmail.com<\/a><\/p>\n<p><a href=\"www.facebook.com\/humus.tolosa\">www.facebook.com\/humus.tolosa<\/a><\/p>\n<p>Mantxi: 656 726 164<\/p>\n<p>&nbsp;<\/p>\n<audio class=\"wp-audio-shortcode\" id=\"audio-4784-2\" preload=\"none\" style=\"width: 100%;\" controls=\"controls\"><source type=\"audio\/mpeg\" src=\"https:\/\/bonberenea.com\/wp-content\/uploads\/2014\/09\/Humus-Lehiotik-begira-zai.mp3?_=2\" \/><a href=\"https:\/\/bonberenea.com\/wp-content\/uploads\/2014\/09\/Humus-Lehiotik-begira-zai.mp3\">https:\/\/bonberenea.com\/wp-content\/uploads\/2014\/09\/Humus-Lehiotik-begira-zai.mp3<\/a><\/audio>\n<\/p>\n<p><\/p>","protected":false},"excerpt":{"rendered":"<p>En este a\u00f1o 2004 que acaba da comenzar, Bonberenea Ekintzak va a presentar su tercer CD: el trabajo titulado Lehiotik begira zai del grupo HUMUS. Grabado en el invierno del 2003, Lehiotik begira zai es el nuevo trabajo de larga [&hellip;]<\/p>\n","protected":false},"featured_media":4791,"template":"","meta":{"_exactmetrics_skip_tracking":false,"_exactmetrics_sitenote_active":false,"_exactmetrics_sitenote_note":"","_exactmetrics_sitenote_category":0},"product_cat":[134],"product_tag":[470,442,205,455],"_links":{"self":[{"href":"https:\/\/www.bonberenea.com\/es\/wp-json\/wp\/v2\/product\/4784"}],"collection":[{"href":"https:\/\/www.bonberenea.com\/es\/wp-json\/wp\/v2\/product"}],"about":[{"href":"https:\/\/www.bonberenea.com\/es\/wp-json\/wp\/v2\/types\/product"}],"wp:featuredmedia":[{"embeddable":true,"href":"https:\/\/www.bonberenea.com\/es\/wp-json\/wp\/v2\/media\/4791"}],"wp:attachment":[{"href":"https:\/\/www.bonberenea.com\/es\/wp-json\/wp\/v2\/media?parent=4784"}],"wp:term":[{"taxonomy":"product_cat","embeddable":true,"href":"https:\/\/www.bonberenea.com\/es\/wp-json\/wp\/v2\/product_cat?post=4784"},{"taxonomy":"product_tag","embeddable":true,"href":"https:\/\/www.bonberenea.com\/es\/wp-json\/wp\/v2\/product_tag?post=4784"}],"curies":[{"name":"wp","href":"https:\/\/api.w.org\/{rel}","templated":true}]}}