{"id":4768,"date":"2014-09-06T16:05:45","date_gmt":"2014-09-06T15:05:45","guid":{"rendered":"https:\/\/www.bonberenea.com\/?post_type=product&#038;p=4768"},"modified":"2024-09-22T18:51:31","modified_gmt":"2024-09-22T16:51:31","slug":"lobo-electrico-has-visto-al-lobo-electrico","status":"publish","type":"product","link":"https:\/\/www.bonberenea.com\/es\/online-denda\/lobo-electrico-has-visto-al-lobo-electrico\/","title":{"rendered":"Lobo electrico &#8211; \u00bfHas visto al lobo electrico? (Reedicion LP\/CD)"},"content":{"rendered":"<p>El grupo Lobo Electrico de Tolosa (Guipuzcoa), presento su nuevo disco (su primer trabajo de larga duraci\u00f3n) &#8220;\u00bfHas visto al Lobo El\u00e9ctrico?&#8221; en octubre del 2005 en el centro Koldo Mitxelena de Donostia (Guipuzcoa). El sello Bonberenea Ekintzak ha publicado dicho disco.<\/p>\n<p>El grupo se formo en una fecha indeterminada del Oto\u00f1o de 1.999, con la sencilla intenci\u00f3n de tocar y hacer canciones para pasarlo bien. En aquella \u00e9poca, el grupo estaba formado por Jorge Perrolobo (bajo), Shanti Magma (voz), que ya ten\u00edan una experiencia juntos en el grupo RUIDO DE RABIA, Iker &#8220;Conde El\u00e9ctrico&#8221; (guitarra),componente en aquella \u00e9poca del grupo de grind PERROS DESHIDRATADOS e I\u00f1aki (bater\u00eda). Con esta formaci\u00f3n el grupo realizo su primer concierto en diciembre de 2.000 en Bonberenea (Tolosa).<\/p>\n<p>En la primavera de 2001, entra al grupo Lander &#8220;Capit\u00e1n Sarraceno&#8221;, sustituyendo a I\u00f1aki en la bater\u00eda y configurando as\u00ed, la formaci\u00f3n actual del grupo. El grupo ha realizado una cincuentena de conciertos o &#8220;Noches de Esperma Negro&#8221; sobre todo en Euskal Herria aunque tambi\u00e9n han actuado en Arag\u00f3n, La Rioja y Madrid.<\/p>\n<p>En el a\u00f1o 2002, Lobo Electrico grabo un tema que se publico en el CD recopilatorio \u201cOztopo guztien gainetik Bonberenea\u201d.<\/p>\n<p><a href=\"https:\/\/bonberenea.com\/wp-content\/uploads\/2014\/09\/Lobo_Promo.jpg\"><img decoding=\"async\" class=\"aligncenter wp-image-4830\" src=\"https:\/\/bonberenea.com\/wp-content\/uploads\/2014\/09\/Lobo_Promo.jpg\" alt=\"Lobo_Promo\" width=\"660\" height=\"320\" srcset=\"https:\/\/www.bonberenea.com\/wp-content\/uploads\/2014\/09\/Lobo_Promo.jpg 567w, https:\/\/www.bonberenea.com\/wp-content\/uploads\/2014\/09\/Lobo_Promo-300x146.jpg 300w\" sizes=\"(max-width: 660px) 100vw, 660px\" \/><\/a><\/p>\n<p>En Enero de 2004, el grupo grabo su primer disco con el sello Beleza Malandra, un single en vinilo azul con dos canciones, grabado en los estudios Chocablock de Bilbo con la ayuda t\u00e9cnica de Mikel Biffs.<\/p>\n<p>La musica del grupo es puro &#8220;Erotic Rock&#8217;n&#8217;Roll&#8221;, que sin querer ce\u00f1irse a ning\u00fan estilo en particular, ha sido definido por muchos como cercano a The Stooges, AC\/DC y el Glam Rock. Su nuevo disco, editado por el sello Bonberenea, &#8220;\u00bfHas visto al Lobo El\u00e9ctrico?&#8221;, ha sido grabado en los mismos estudios de Bonberenea en el verano de 2004, con la colaboraci\u00f3n esta vez como t\u00e9cnico de Carlos &#8220;Txap&#8221; Osinaga. En el disco ha colaborado tambi\u00e9n, a\u00f1adiendo su energ\u00eda de guitar killer, Arturo Ib\u00e1\u00f1ez de Nuevo Catecismo Cat\u00f3lico. Despues de dar varios conciertos en Japon volvieron a Espa\u00f1a para seguir tocando por todo el estado.<\/p>\n<p>A principios de Marzo el Capitan Sarraceno comenzo una nueva etapa en su vida dejando el grupo, marchandose a Amsterdan.<\/p>\n<p>Ahora Guantxe, ex-bateria de los Safety Pins, ocupa su lugar en el grupo para seguir derramando el esperma negro.<\/p>\n<p>&nbsp;<\/p>\n<p><strong>Contacto:<\/strong><\/p>\n<p>676 967 831 &#8211; Shanti Magma<\/p>\n<p><audio class=\"wp-audio-shortcode\" id=\"audio-4768-2\" preload=\"none\" style=\"width: 100%;\" controls=\"controls\"><source type=\"audio\/mpeg\" src=\"https:\/\/bonberenea.com\/wp-content\/uploads\/2014\/09\/Lobo-electrico-Caballo-sonico.mp3?_=2\" \/><a href=\"https:\/\/bonberenea.com\/wp-content\/uploads\/2014\/09\/Lobo-electrico-Caballo-sonico.mp3\">https:\/\/bonberenea.com\/wp-content\/uploads\/2014\/09\/Lobo-electrico-Caballo-sonico.mp3<\/a><\/audio><\/p>","protected":false},"excerpt":{"rendered":"<p>El grupo Lobo Electrico de Tolosa (Guipuzcoa), presento su nuevo disco (su primer trabajo de larga duraci\u00f3n) &#8220;\u00bfHas visto al Lobo El\u00e9ctrico?&#8221; en octubre del 2005 en el centro Koldo Mitxelena de Donostia (Guipuzcoa). El sello Bonberenea Ekintzak ha publicado [&hellip;]<\/p>\n","protected":false},"featured_media":4787,"template":"","meta":{"_exactmetrics_skip_tracking":false,"_exactmetrics_sitenote_active":false,"_exactmetrics_sitenote_note":"","_exactmetrics_sitenote_category":0},"product_cat":[451],"product_tag":[470,442,205,471],"_links":{"self":[{"href":"https:\/\/www.bonberenea.com\/es\/wp-json\/wp\/v2\/product\/4768"}],"collection":[{"href":"https:\/\/www.bonberenea.com\/es\/wp-json\/wp\/v2\/product"}],"about":[{"href":"https:\/\/www.bonberenea.com\/es\/wp-json\/wp\/v2\/types\/product"}],"wp:featuredmedia":[{"embeddable":true,"href":"https:\/\/www.bonberenea.com\/es\/wp-json\/wp\/v2\/media\/4787"}],"wp:attachment":[{"href":"https:\/\/www.bonberenea.com\/es\/wp-json\/wp\/v2\/media?parent=4768"}],"wp:term":[{"taxonomy":"product_cat","embeddable":true,"href":"https:\/\/www.bonberenea.com\/es\/wp-json\/wp\/v2\/product_cat?post=4768"},{"taxonomy":"product_tag","embeddable":true,"href":"https:\/\/www.bonberenea.com\/es\/wp-json\/wp\/v2\/product_tag?post=4768"}],"curies":[{"name":"wp","href":"https:\/\/api.w.org\/{rel}","templated":true}]}}