{"id":4752,"date":"2014-09-20T17:46:42","date_gmt":"2014-09-20T16:46:42","guid":{"rendered":"https:\/\/www.bonberenea.com\/?post_type=product&#038;p=4752"},"modified":"2016-04-16T19:12:21","modified_gmt":"2016-04-16T18:12:21","slug":"jone","status":"publish","type":"product","link":"https:\/\/www.bonberenea.com\/es\/online-denda\/jone\/","title":{"rendered":"Jone"},"content":{"rendered":"<p>La cantante de Anoeta Jone, aunque tenga 19 a\u00f1os, no es una principiante en esto de la musica. Ya ha completado unos conciertos y no es nueva en un estudio de grabacion, ya que grabo una cancion para Martxaundi 4 llamada &#8216;Estutasuna&#8217;.<\/p>\n<p><a href=\"https:\/\/bonberenea.com\/wp-content\/uploads\/2014\/09\/Jone_Promo.jpg\"><img decoding=\"async\" class=\"aligncenter wp-image-4759 \" src=\"https:\/\/bonberenea.com\/wp-content\/uploads\/2014\/09\/Jone_Promo-300x300.jpg\" alt=\"Jone_Promo\" width=\"313\" height=\"313\" srcset=\"https:\/\/www.bonberenea.com\/wp-content\/uploads\/2014\/09\/Jone_Promo-300x300.jpg 300w, https:\/\/www.bonberenea.com\/wp-content\/uploads\/2014\/09\/Jone_Promo-290x290.jpg 290w, https:\/\/www.bonberenea.com\/wp-content\/uploads\/2014\/09\/Jone_Promo-100x100.jpg 100w, https:\/\/www.bonberenea.com\/wp-content\/uploads\/2014\/09\/Jone_Promo-1024x1024.jpg 1024w, https:\/\/www.bonberenea.com\/wp-content\/uploads\/2014\/09\/Jone_Promo-350x350.jpg 350w, https:\/\/www.bonberenea.com\/wp-content\/uploads\/2014\/09\/Jone_Promo-890x890.jpg 890w, https:\/\/www.bonberenea.com\/wp-content\/uploads\/2014\/09\/Jone_Promo-663x663.jpg 663w, https:\/\/www.bonberenea.com\/wp-content\/uploads\/2014\/09\/Jone_Promo-400x400.jpg 400w, https:\/\/www.bonberenea.com\/wp-content\/uploads\/2014\/09\/Jone_Promo.jpg 1465w\" sizes=\"(max-width: 313px) 100vw, 313px\" \/><\/a><\/p>\n<p>Jone ha grabado seis nuevos temas, en el estudio de Bonberenea, para incluirlos en su primen trabajo. Karlos Osinaga \u2018Txap\u2019 ha sido el t\u00e9cnico de la grabaci\u00f3n, en la que han participado los m\u00fasicos Karlos Aranzegi (bater\u00eda), Fran Iturbe (guitarra) y Joni Ubeda (bajo).<\/p>\n<p>Jone presentara los temas de su primer trabajo en actuaciones en directo que dar\u00e1 en las pr\u00f3ximas semanas.<\/p>\n<p>&nbsp;<\/p>\n<p><strong>Contacto:<\/strong><\/p>\n<p><a href=\"mailto:joneotxoa@hotmail.com\">joneotxoa@hotmail.com<\/a><\/p>\n<p><audio class=\"wp-audio-shortcode\" id=\"audio-4752-2\" preload=\"none\" style=\"width: 100%;\" controls=\"controls\"><source type=\"audio\/mpeg\" src=\"https:\/\/bonberenea.com\/wp-content\/uploads\/2014\/09\/Jone-Askatasunaren-bidean.mp3?_=2\" \/><a href=\"https:\/\/bonberenea.com\/wp-content\/uploads\/2014\/09\/Jone-Askatasunaren-bidean.mp3\">https:\/\/bonberenea.com\/wp-content\/uploads\/2014\/09\/Jone-Askatasunaren-bidean.mp3<\/a><\/audio><\/p>","protected":false},"excerpt":{"rendered":"<p>La cantante de Anoeta Jone, aunque tenga 19 a\u00f1os, no es una principiante en esto de la musica. Ya ha completado unos conciertos y no es nueva en un estudio de grabacion, ya que grabo una cancion para Martxaundi 4 [&hellip;]<\/p>\n","protected":false},"featured_media":4758,"template":"","meta":{"_exactmetrics_skip_tracking":false,"_exactmetrics_sitenote_active":false,"_exactmetrics_sitenote_note":"","_exactmetrics_sitenote_category":0},"product_cat":[496],"product_tag":[469,442,205,467],"_links":{"self":[{"href":"https:\/\/www.bonberenea.com\/es\/wp-json\/wp\/v2\/product\/4752"}],"collection":[{"href":"https:\/\/www.bonberenea.com\/es\/wp-json\/wp\/v2\/product"}],"about":[{"href":"https:\/\/www.bonberenea.com\/es\/wp-json\/wp\/v2\/types\/product"}],"wp:featuredmedia":[{"embeddable":true,"href":"https:\/\/www.bonberenea.com\/es\/wp-json\/wp\/v2\/media\/4758"}],"wp:attachment":[{"href":"https:\/\/www.bonberenea.com\/es\/wp-json\/wp\/v2\/media?parent=4752"}],"wp:term":[{"taxonomy":"product_cat","embeddable":true,"href":"https:\/\/www.bonberenea.com\/es\/wp-json\/wp\/v2\/product_cat?post=4752"},{"taxonomy":"product_tag","embeddable":true,"href":"https:\/\/www.bonberenea.com\/es\/wp-json\/wp\/v2\/product_tag?post=4752"}],"curies":[{"name":"wp","href":"https:\/\/api.w.org\/{rel}","templated":true}]}}