{"id":4748,"date":"2014-09-06T16:11:56","date_gmt":"2014-09-06T15:11:56","guid":{"rendered":"https:\/\/www.bonberenea.com\/?post_type=product&#038;p=4748"},"modified":"2014-10-31T20:05:24","modified_gmt":"2014-10-31T19:05:24","slug":"bonberenea-suffle","status":"publish","type":"product","link":"https:\/\/www.bonberenea.com\/es\/online-denda\/bonberenea-suffle\/","title":{"rendered":"Bonberenea Suffle"},"content":{"rendered":"<p><\/p>\n<p>Es un placer para cualquiera entrar en la pasteleria Bonberenea y probar estos preciados suffles realizados en un horno autogestionado.<\/p>\n<p>Los reparten en seis diferentes tipos y los presentan al mercado en una caja que de inmediato hace recordar el hambre. Pronto nos daremos cuenta de que esta vez no sera el gusto el sentido que m\u00e1s usemos, aunque as\u00ed lo creamos.<\/p>\n<p>La galleta si es de plastico, por lo tanto no comestible. Pero no tenemos m\u00e1s que meterlo al reproductor dvd y podremos ver y escuchar esas delicias que todos hemos so\u00f1ado. Incluye tambien un fantastico libreto con los ingredientes que se han utilizado.<\/p>\n<p>Es realmente importante la hornada que ahora nos presenta Bonberenea.<\/p>\n<p>No solo por sacar adelante esas delicias so\u00f1adas en autogestion y entre amigos, sino tambien por la gran\u00a0 y bella aportaci\u00f3n que hacen a la musica vasca. Casi todas las discogr\u00e1ficas de Euskadi quisieran publicar esta magn\u00edfico dvd, no solo por las ventas, sino tambien porque la musica vasca no ha visto aun el nacimiento de un producto como este y porque eso tambien da fama.<\/p>\n<p><a href=\"https:\/\/bonberenea.com\/wp-content\/uploads\/2014\/09\/Suffle_Promo.jpg\"><img decoding=\"async\" class=\"aligncenter size-large wp-image-4864\" src=\"https:\/\/bonberenea.com\/wp-content\/uploads\/2014\/09\/Suffle_Promo-1024x130.jpg\" alt=\"Suffle_Promo\" width=\"1024\" height=\"130\" srcset=\"https:\/\/www.bonberenea.com\/wp-content\/uploads\/2014\/09\/Suffle_Promo-1024x130.jpg 1024w, https:\/\/www.bonberenea.com\/wp-content\/uploads\/2014\/09\/Suffle_Promo-300x38.jpg 300w, https:\/\/www.bonberenea.com\/wp-content\/uploads\/2014\/09\/Suffle_Promo-890x113.jpg 890w, https:\/\/www.bonberenea.com\/wp-content\/uploads\/2014\/09\/Suffle_Promo-663x84.jpg 663w, https:\/\/www.bonberenea.com\/wp-content\/uploads\/2014\/09\/Suffle_Promo.jpg 1864w\" sizes=\"(max-width: 1024px) 100vw, 1024px\" \/><\/a><\/p>\n<p>Pero Bonberenea no consigue su reputaci\u00f3n solo aqu\u00ed, tambien por ejemplo haciendo peque\u00f1as pero fieles apuestas con grupos en Bonberenea Ekintzak, en el dia a dia, publicando y expandiendo discos a grupos diferentes y minoritarios. En Bonberenea, la fama ha sido el fruto del trabajo ordenado, serio y ejemplar de estos ultimos 6 a\u00f1os. Y teniendo en cuenta que todo se puede mejorar.<\/p>\n<p>Quien no conoce Bonberenea en Euskal Herria? El gaztetxe de Tolosa es el ejemplo a seguir en diferentes campos tales como la m\u00fasica, las organizaciones y las sociedades juveniles. El sitio donde los sue\u00f1os se convierten en realidad, la casa llena de ideas, es el referente gestionando de la autogesti\u00f3n tanto en su pueblo como en la comarca.<\/p>\n<p>Una casa ocupada, que sigue viva y esperamos que siga como hasta el momento; Que aprendan otros como se puede cambiar esta sociedad, paso a paso, canci\u00f3n a canci\u00f3n, organizando la organizaci\u00f3n.<\/p>\n<p>Como pensar, analizar y llevar a cabo todos los retos que surgen en las condiciones de vida, el entretenimiento y la convivencia? Bonberenea es el referente.<\/p>\n<p>Las im\u00e1genes y el sonido que contiene este dvd han sido grabados en Bonberenea por jovenes adultos. Para ahora nuestros oidos ya han percivido la buena calidad del sonido, lo cual demuestra que Karlos Osinaga \u201cTxap\u201d y Maikel han estado cerca de este suffle con el delantal de pastelero colgado del cuello.<\/p>\n<p>Casi todas las canciones nos dejan boquiabiertos en todo momento. Canciones cambiantes y con fuerza, dulces y amargas como el azucar y el caf\u00e9, despues relajadas y como la miel. Elaborado con los ingredientes aut\u00f3ctonos.<\/p>\n<p>Comparandolo con otros trabajos en dvd, en el primer visionado saborearemos todos los sabores.<\/p>\n<p>\u201dBonberenea Suffle\u201d no es un zumo que debamos probar una y otra vez, al primer sorbito nos enamoraremos de su diversidad, matizes y textura, nunca llena y se puede comer cuanto se quiera sin que nunca nos haga reventar. Si te ha parecido poco, vuelve a abrir la caja y&#8230;<\/p>\n<p style=\"text-align: center;\"><iframe width=\"425\" height=\"344\" src=\"http:\/\/www.youtube.com\/embed\/wMSjVPu_a9Q?wmode=transparent\" frameborder=\"0\" allowfullscreen> <\/iframe><\/p>\n<p>&nbsp;<\/p>\n<p><strong>Contacto:<\/strong><\/p>\n<p><a href=\"mailto:pailazoak@katxiporreta.com\">info@bonberenea.com<\/a><\/p>\n<p><a title=\"Katxiporreta\" href=\"http:\/\/www.katxiporreta.com\" target=\"_blank\">www.bonberenea.com<\/a><\/p>\n<p>Julen: 647 024 034<\/p>\n<p>&nbsp;<\/p>\n<p><\/p>","protected":false},"excerpt":{"rendered":"<p>Es un placer para cualquiera entrar en la pasteleria Bonberenea y probar estos preciados suffles realizados en un horno autogestionado. Los reparten en seis diferentes tipos y los presentan al mercado en una caja que de inmediato hace recordar el [&hellip;]<\/p>\n","protected":false},"featured_media":4747,"template":"","meta":{"_exactmetrics_skip_tracking":false,"_exactmetrics_sitenote_active":false,"_exactmetrics_sitenote_note":"","_exactmetrics_sitenote_category":0},"product_cat":[448],"product_tag":[468,442,205,223],"_links":{"self":[{"href":"https:\/\/www.bonberenea.com\/es\/wp-json\/wp\/v2\/product\/4748"}],"collection":[{"href":"https:\/\/www.bonberenea.com\/es\/wp-json\/wp\/v2\/product"}],"about":[{"href":"https:\/\/www.bonberenea.com\/es\/wp-json\/wp\/v2\/types\/product"}],"wp:featuredmedia":[{"embeddable":true,"href":"https:\/\/www.bonberenea.com\/es\/wp-json\/wp\/v2\/media\/4747"}],"wp:attachment":[{"href":"https:\/\/www.bonberenea.com\/es\/wp-json\/wp\/v2\/media?parent=4748"}],"wp:term":[{"taxonomy":"product_cat","embeddable":true,"href":"https:\/\/www.bonberenea.com\/es\/wp-json\/wp\/v2\/product_cat?post=4748"},{"taxonomy":"product_tag","embeddable":true,"href":"https:\/\/www.bonberenea.com\/es\/wp-json\/wp\/v2\/product_tag?post=4748"}],"curies":[{"name":"wp","href":"https:\/\/api.w.org\/{rel}","templated":true}]}}