{"id":4693,"date":"2014-09-06T16:18:23","date_gmt":"2014-09-06T15:18:23","guid":{"rendered":"https:\/\/www.bonberenea.com\/?post_type=product&#038;p=4693"},"modified":"2014-10-31T20:16:48","modified_gmt":"2014-10-31T19:16:48","slug":"fiachras-fiachras","status":"publish","type":"product","link":"https:\/\/www.bonberenea.com\/es\/online-denda\/fiachras-fiachras\/","title":{"rendered":"Fiachras &#8211; Fiachras"},"content":{"rendered":"<p><\/p>\n<p><p>FIACHRAS es el nombre de la nueva banda que han montado Haritz Artola y Aitor Aldanondo, (dos ex-BRIGADA CRIMINAL), junto con Jon Zangitu y Joseba Garcia de Andoain (ex-TXINASKI). Aburridos de estar encasillados en cierto tipo de m\u00fasica y de hacer siempre parecidas canciones, se atreven a saltar al vac\u00edo sin ning\u00fan complejo y con un gusto extremadamente cuidado.<\/p>\n<p>Cuentan con la colaboraci\u00f3n de I\u00f1igo \u201cCabezafuego\u201d Garc\u00e9s, m\u00fasico inquieto y grande como las secuoyas Californianas, qui\u00e9n ha conseguido endulzar las canciones y darles ese toque de m\u00fasico profesional que estos cuatro capullos ni siquiera pod\u00edan imaginar. Ni punk-rock, ni oi!, ni rock, ni pollas en vinagre. Aqu\u00ed no hay sitio para las etiquetas de siempre, simplemente porque \u00e9sta no es la m\u00fasica de siempre. \u201cPodr\u00edamos estar toda la vida haciendo canciones de punk-rock, pero ser\u00eda muy muy muy f\u00e1cil, y sobre todo muy muy muy aburrido\u201d dicen.<\/p>\n<p><a href=\"https:\/\/bonberenea.com\/wp-content\/uploads\/2014\/09\/Fiachras_Promo.jpg\"><img decoding=\"async\" class=\"aligncenter  wp-image-4694\" src=\"https:\/\/bonberenea.com\/wp-content\/uploads\/2014\/09\/Fiachras_Promo.jpg\" alt=\"Fiachras_Promo\" width=\"662\" height=\"314\" srcset=\"https:\/\/www.bonberenea.com\/wp-content\/uploads\/2014\/09\/Fiachras_Promo.jpg 700w, https:\/\/www.bonberenea.com\/wp-content\/uploads\/2014\/09\/Fiachras_Promo-300x142.jpg 300w, https:\/\/www.bonberenea.com\/wp-content\/uploads\/2014\/09\/Fiachras_Promo-663x314.jpg 663w\" sizes=\"(max-width: 662px) 100vw, 662px\" \/><\/a><\/p>\n<p>Conscientes de que a algunos les aburrir\u00e1 este disco, creen seriamente que a la larga acabar\u00e1 gustando a la mayor\u00eda. Guitarras, acordeones, \u00f3rganos, clarinetes&#8230; \u00bfMadurez? Tal vez. \u00bfUn disco completo? Seguro.<\/p>\n<p>Aqu\u00ed van, como el salm\u00f3n, a contracorriente. Sin ninguna pretensi\u00f3n, pero convencidos y orgullosos de lo hecho. Simple. Y real.<\/p>\n<p style=\"text-align: center;\"><iframe width=\"425\" height=\"344\" src=\"http:\/\/www.youtube.com\/embed\/UZq5BHJJeOE?wmode=transparent\" frameborder=\"0\" allowfullscreen> <\/iframe><\/p>\n<p>&nbsp;<\/p>\n<p>&nbsp;<\/p>\n<audio class=\"wp-audio-shortcode\" id=\"audio-4693-2\" preload=\"none\" style=\"width: 100%;\" controls=\"controls\"><source type=\"audio\/mpeg\" src=\"https:\/\/bonberenea.com\/wp-content\/uploads\/2014\/09\/Fiachras-No-quiero-volver-a-Brisbane.mp3?_=2\" \/><a href=\"https:\/\/bonberenea.com\/wp-content\/uploads\/2014\/09\/Fiachras-No-quiero-volver-a-Brisbane.mp3\">https:\/\/bonberenea.com\/wp-content\/uploads\/2014\/09\/Fiachras-No-quiero-volver-a-Brisbane.mp3<\/a><\/audio>\n<p>&nbsp;<\/p>\n<p>Contacto:<\/p>\n<p><a href=\"%20fiachras@hotmail.com\">fiachras@hotmail.com<\/a><\/p>\n<p><a href=\"%20fiachras.bandcamp.com\">fiachras.bandcamp.com<\/a><\/p>\n<p>Aldanondo: 656 008 399<\/p>\n<\/p>\n<p><\/p>","protected":false},"excerpt":{"rendered":"<p>FIACHRAS es el nombre de la nueva banda que han montado Haritz Artola y Aitor Aldanondo, (dos ex-BRIGADA CRIMINAL), junto con Jon Zangitu y Joseba Garcia de Andoain (ex-TXINASKI). Aburridos de estar encasillados en cierto tipo de m\u00fasica y de [&hellip;]<\/p>\n","protected":false},"featured_media":4696,"template":"","meta":{"_exactmetrics_skip_tracking":false,"_exactmetrics_sitenote_active":false,"_exactmetrics_sitenote_note":"","_exactmetrics_sitenote_category":0},"product_cat":[134],"product_tag":[464,442,205,454],"_links":{"self":[{"href":"https:\/\/www.bonberenea.com\/es\/wp-json\/wp\/v2\/product\/4693"}],"collection":[{"href":"https:\/\/www.bonberenea.com\/es\/wp-json\/wp\/v2\/product"}],"about":[{"href":"https:\/\/www.bonberenea.com\/es\/wp-json\/wp\/v2\/types\/product"}],"wp:featuredmedia":[{"embeddable":true,"href":"https:\/\/www.bonberenea.com\/es\/wp-json\/wp\/v2\/media\/4696"}],"wp:attachment":[{"href":"https:\/\/www.bonberenea.com\/es\/wp-json\/wp\/v2\/media?parent=4693"}],"wp:term":[{"taxonomy":"product_cat","embeddable":true,"href":"https:\/\/www.bonberenea.com\/es\/wp-json\/wp\/v2\/product_cat?post=4693"},{"taxonomy":"product_tag","embeddable":true,"href":"https:\/\/www.bonberenea.com\/es\/wp-json\/wp\/v2\/product_tag?post=4693"}],"curies":[{"name":"wp","href":"https:\/\/api.w.org\/{rel}","templated":true}]}}