{"id":4685,"date":"2014-09-06T16:19:26","date_gmt":"2014-09-06T15:19:26","guid":{"rendered":"https:\/\/www.bonberenea.com\/?post_type=product&#038;p=4685"},"modified":"2025-03-09T17:58:52","modified_gmt":"2025-03-09T16:58:52","slug":"petti-awanak","status":"publish","type":"product","link":"https:\/\/www.bonberenea.com\/es\/online-denda\/petti-awanak\/","title":{"rendered":"Petti &#8211; Awa\u00f1ak"},"content":{"rendered":"<p>Pocos son los que se plantan ante el publico en solitario como Petti, sin que les haga falta m\u00e1s m\u00fasicos o artistas, ya que Petti no necesita m\u00e1s que su guitarra para plasmar su estilo y forma de ser y vivir. Petti, cantante y guitarrista de Bera (Navarra), es \u00fanico. Sensible, verdadero, poderoso como un buey y suave como la piel de una serpiente. Muestra los sentimientos y situaciones de cada momento fielmente sin titubear. En sus actuaciones, emana enfado, inquietud y ternura mediante sus canciones y nosotros nos emocionamos, sentimos todas esas emociones. Para ello, Petti cuenta con recursos fant\u00e1sticos: Voz gruesa y especial, gran habilidad con la guitarra y facilidad de crear grandes canciones.<\/p>\n<p>Estos ultimos a\u00f1os le hemos visto solo, con grupo, con la guitarra o con la harm\u00f3nica y ha demostrado capacidad de interpretar diferentes estilos musicales: blues, rock, folk,\u2026 El 1 de noviembre le vimos tocar junto al pianista Rafa Aceves (Txuma murugarren, Mamba beat,\u2026) en Bonberenea. Hicieron un concierto brillante, apasionante, ya que Petti le dedic\u00f3 el concierto a su reciente difunto padre. El t\u00edtulo que le ha puesto al disco que resume ese concierto es Awa\u00f1ak, La tierra guanche, en el dioma tradicional berebere de las islas Canarias. Tierra natal de Canario, su padre.<\/p>\n<p>Este disco resume a su vez la carrera de Petti con canciones de sus cuatro discos:<\/p>\n<p>Amets bat (1999), Arrazoiak (2001), Etxeko uzta (2002) y On (2007). Bihotzeko harriak, Sobera erraza, Ez pentsatzea, Hitz jarioa, Argia heldu da, Hauskorrak, Eman eta hartu, Bakardadea ehizan\u2026 Tambien unas versiones: Xalbadorren heriotzean y John Hiatten I\u00a0have a little faith on me \u2014traducido por Bernardo Goietxe\u2014 de Xabier Lete.<\/p>\n<p>Awa\u00f1ak\u2026\u00a0Directo, emocionante y especial.\u00a0Como Petti.<\/p>\n<p style=\"text-align: center;\"><iframe width=\"425\" height=\"344\" src=\"http:\/\/www.youtube.com\/embed\/H5rRbC5uZLQ?wmode=transparent\" frameborder=\"0\" allowfullscreen> <\/iframe><\/p>\n<p>&nbsp;<\/p>\n<audio class=\"wp-audio-shortcode\" id=\"audio-4685-2\" preload=\"none\" style=\"width: 100%;\" controls=\"controls\"><source type=\"audio\/mpeg\" src=\"https:\/\/bonberenea.com\/wp-content\/uploads\/2014\/09\/Petti-Alde-Hemendik.mp3?_=2\" \/><a href=\"https:\/\/bonberenea.com\/wp-content\/uploads\/2014\/09\/Petti-Alde-Hemendik.mp3\">https:\/\/bonberenea.com\/wp-content\/uploads\/2014\/09\/Petti-Alde-Hemendik.mp3<\/a><\/audio>\n<p>&nbsp;<\/p>\n<p><strong>Contacto:<\/strong><\/p>\n<p>Petti: 692192054<\/p>\n<p><a href=\"www.myspace.com\/pettibasque\">www.myspace.com\/pettibasque<\/a><\/p>\n<p><a href=\"mailto:humus@euskalnet.net\">pettibera@euskalerria.org<\/a><\/p>\n<p>&nbsp;<\/p>\n<p>&nbsp;<\/p>","protected":false},"excerpt":{"rendered":"<p>Pocos son los que se plantan ante el publico en solitario como Petti, sin que les haga falta m\u00e1s m\u00fasicos o artistas, ya que Petti no necesita m\u00e1s que su guitarra para plasmar su estilo y forma de ser y [&hellip;]<\/p>\n","protected":false},"featured_media":4686,"template":"","meta":{"_exactmetrics_skip_tracking":false,"_exactmetrics_sitenote_active":false,"_exactmetrics_sitenote_note":"","_exactmetrics_sitenote_category":0},"product_cat":[134],"product_tag":[464,442,205,473],"_links":{"self":[{"href":"https:\/\/www.bonberenea.com\/es\/wp-json\/wp\/v2\/product\/4685"}],"collection":[{"href":"https:\/\/www.bonberenea.com\/es\/wp-json\/wp\/v2\/product"}],"about":[{"href":"https:\/\/www.bonberenea.com\/es\/wp-json\/wp\/v2\/types\/product"}],"wp:featuredmedia":[{"embeddable":true,"href":"https:\/\/www.bonberenea.com\/es\/wp-json\/wp\/v2\/media\/4686"}],"wp:attachment":[{"href":"https:\/\/www.bonberenea.com\/es\/wp-json\/wp\/v2\/media?parent=4685"}],"wp:term":[{"taxonomy":"product_cat","embeddable":true,"href":"https:\/\/www.bonberenea.com\/es\/wp-json\/wp\/v2\/product_cat?post=4685"},{"taxonomy":"product_tag","embeddable":true,"href":"https:\/\/www.bonberenea.com\/es\/wp-json\/wp\/v2\/product_tag?post=4685"}],"curies":[{"name":"wp","href":"https:\/\/api.w.org\/{rel}","templated":true}]}}