{"id":4649,"date":"2014-09-06T16:22:30","date_gmt":"2014-09-06T15:22:30","guid":{"rendered":"https:\/\/www.bonberenea.com\/?post_type=product&#038;p=4649"},"modified":"2015-03-04T12:34:17","modified_gmt":"2015-03-04T11:34:17","slug":"desordutan-eromena-zor-dizut","status":"publish","type":"product","link":"https:\/\/www.bonberenea.com\/es\/online-denda\/desordutan-eromena-zor-dizut\/","title":{"rendered":"Desordutan &#8211; &#8220;Eromena zor dizut&#8221;"},"content":{"rendered":"<p><\/p>\n<p>Del mismo modo que surgen las mejores ideas, de modo expont\u00e1neo, as\u00ed surgi\u00f3 en Tolosa, el oto\u00f1o del 2005, este proyecto. Son Txus, I\u00f1igo, Julen y Egoitz&#8230;son DESORDUTAN, banda cuyo trayecto explora los terrenos del powerpop y pop-rock&#8230;aunque sea porque esta vez as\u00ed ha tocado, dado que reconocen no seguir modas en esto de la m\u00fasica.<\/p>\n<p>A pesar de tocar junto a algunas de las bandas m\u00e1s significativas de la actual escena musical y\u00a0 dar multitud de conciertos en los \u00faltimos a\u00f1os, el primer concierto lo dieron en abril del 2006 en Bonberenea de Tolosa&#8230;y desde entonces han seguido ligados de manera especial a los &#8216;piromanos&#8217; de la Casade Tolosa. De hecho, han tenido la oportunidad de participar en distintos conciertos y grabaciones en la misma: su primera maqueta el invierno del 2006 (Skritx+Etxebe como t\u00e9cnicos), en el tema oficial para Kilometroak 2008 en Irura, durante la primavera del 2008 (Txap como t\u00e9cnico)&#8230;y ahora te presentan su nuevo disco, bajo el sello discogr\u00e1fico \u2018Bonberenea Ekintzak\u2019, EROMENA ZOR DIZUT&#8230;<\/p>\n<p><img decoding=\"async\" class=\"aligncenter wp-image-4650 \" src=\"https:\/\/bonberenea.com\/wp-content\/uploads\/2014\/09\/Desordutan_Promo-1024x685.jpg\" alt=\"Desordutan_Promo\" width=\"660\" height=\"441\" srcset=\"https:\/\/www.bonberenea.com\/wp-content\/uploads\/2014\/09\/Desordutan_Promo-1024x685.jpg 1024w, https:\/\/www.bonberenea.com\/wp-content\/uploads\/2014\/09\/Desordutan_Promo-300x201.jpg 300w, https:\/\/www.bonberenea.com\/wp-content\/uploads\/2014\/09\/Desordutan_Promo-890x595.jpg 890w, https:\/\/www.bonberenea.com\/wp-content\/uploads\/2014\/09\/Desordutan_Promo-663x443.jpg 663w\" sizes=\"(max-width: 660px) 100vw, 660px\" \/><\/p>\n<p>Los diez temas que forman el disco fueron grabados el verano del 2009 en el estudio de Bonberenea, bajo la direcci\u00f3n t\u00e9cnica de Skritx. En cuanto a las mezclas y el master, se ejecutaron en Bonberenea y en el estudio MIK de Bera, bajo la direcci\u00f3n de Mikel y Maikel.<\/p>\n<p>Aunque la banda est\u00e1 formada por cuatro integrantes, son varios los colaboradores que han participado en la grabaci\u00f3n del disco, tales como varios miembros de la txaranga Bonberenea, en los arreglos de los vientos. En cuanto a las letras, la mayor\u00eda est\u00e1n escritas por Desordutan. No obstante, en este nuevo trabajo, han tenido la oportunidad de poner m\u00fasica a poemas de escritores de la talla de I\u00f1igo Aranbarri, Joan Aldamizetxebarria y Eneko Aranburu.<\/p>\n<p style=\"text-align: center;\"><iframe width=\"425\" height=\"344\" src=\"http:\/\/www.youtube.com\/embed\/ml2h44KLws8?wmode=transparent\" frameborder=\"0\" allowfullscreen> <\/iframe><\/p>\n<p>&nbsp;<\/p>\n<audio class=\"wp-audio-shortcode\" id=\"audio-4649-2\" preload=\"none\" style=\"width: 100%;\" controls=\"controls\"><source type=\"audio\/mpeg\" src=\"https:\/\/bonberenea.com\/wp-content\/uploads\/2014\/09\/Desordutan-Mr.-Postman.mp3?_=2\" \/><a href=\"https:\/\/bonberenea.com\/wp-content\/uploads\/2014\/09\/Desordutan-Mr.-Postman.mp3\">https:\/\/bonberenea.com\/wp-content\/uploads\/2014\/09\/Desordutan-Mr.-Postman.mp3<\/a><\/audio>\n<p><strong>Contacto:<\/strong><\/p>\n<p><a href=\"mailto:desordutan@desordutan.com\">desordutan@desordutan.com<\/a><\/p>\n<p><\/p>","protected":false},"excerpt":{"rendered":"<p>Del mismo modo que surgen las mejores ideas, de modo expont\u00e1neo, as\u00ed surgi\u00f3 en Tolosa, el oto\u00f1o del 2005, este proyecto. Son Txus, I\u00f1igo, Julen y Egoitz&#8230;son DESORDUTAN, banda cuyo trayecto explora los terrenos del powerpop y pop-rock&#8230;aunque sea porque [&hellip;]<\/p>\n","protected":false},"featured_media":4651,"template":"","meta":{"_exactmetrics_skip_tracking":false,"_exactmetrics_sitenote_active":false,"_exactmetrics_sitenote_note":"","_exactmetrics_sitenote_category":0},"product_cat":[134],"product_tag":[474,442,205,230],"_links":{"self":[{"href":"https:\/\/www.bonberenea.com\/es\/wp-json\/wp\/v2\/product\/4649"}],"collection":[{"href":"https:\/\/www.bonberenea.com\/es\/wp-json\/wp\/v2\/product"}],"about":[{"href":"https:\/\/www.bonberenea.com\/es\/wp-json\/wp\/v2\/types\/product"}],"wp:featuredmedia":[{"embeddable":true,"href":"https:\/\/www.bonberenea.com\/es\/wp-json\/wp\/v2\/media\/4651"}],"wp:attachment":[{"href":"https:\/\/www.bonberenea.com\/es\/wp-json\/wp\/v2\/media?parent=4649"}],"wp:term":[{"taxonomy":"product_cat","embeddable":true,"href":"https:\/\/www.bonberenea.com\/es\/wp-json\/wp\/v2\/product_cat?post=4649"},{"taxonomy":"product_tag","embeddable":true,"href":"https:\/\/www.bonberenea.com\/es\/wp-json\/wp\/v2\/product_tag?post=4649"}],"curies":[{"name":"wp","href":"https:\/\/api.w.org\/{rel}","templated":true}]}}