{"id":4643,"date":"2014-09-06T16:24:42","date_gmt":"2014-09-06T15:24:42","guid":{"rendered":"https:\/\/www.bonberenea.com\/?post_type=product&#038;p=4643"},"modified":"2015-03-04T12:33:10","modified_gmt":"2015-03-04T11:33:10","slug":"atila-y-los-unos-zuretzat-gurekin-javi","status":"publish","type":"product","link":"https:\/\/www.bonberenea.com\/es\/online-denda\/atila-y-los-unos-zuretzat-gurekin-javi\/","title":{"rendered":"Atila y los Unos &#8211; &#8220;Zuretzat gurekin&#8230; Javi&#8221;"},"content":{"rendered":"<p><\/p>\n<div align=\"center\">\n<div align=\"center\">\n<p style=\"text-align: left;\">ATILA y los UNOS, 25 a\u00f1os subiendo pelda\u00f1os<\/p>\n<\/div>\n<div style=\"text-align: left;\" align=\"center\">\n<p>25 a\u00f1os de rock\u00b4n roll, 25 a\u00f1os de diversi\u00f3n, 25 a\u00f1os de improvisaci\u00f3n, 25 a\u00f1os de catarsis festiva y participativa.<\/p>\n<\/div>\n<div style=\"text-align: left;\" align=\"center\">\n<p>Lo que en principio fue un grupo de amigos creando su m\u00fasica y desarrollando su sentido de la fiesta, sigue siendo un grupo de amigos disfrutando del sudor del directo, de la improvisaci\u00f3n y de la comuni\u00f3n de cuerpos y almas con su p\u00fablico.<\/p>\n<\/div>\n<div style=\"text-align: left;\" align=\"center\">\n<p>Durante todos estos a\u00f1os hemos tocado a lo largo y ancho del mundo mundial, en plazas, pubs, tabernas, gaztetxes, y en contra o a favor de \u201ccasi todo\u201d, pero el entrar a grabar en un estudio es algo que no ha pasado nunca por nuestras cabezas: est\u00e1 claro que lo nuestro es el directo (hace mucho que dimos por imposible que Atila, el cantante, memorizase alguna letra&#8230;).<\/p>\n<p><a href=\"https:\/\/bonberenea.com\/wp-content\/uploads\/2014\/09\/Atila_Promo.jpg\"><img decoding=\"async\" class=\"aligncenter wp-image-4644 \" src=\"https:\/\/bonberenea.com\/wp-content\/uploads\/2014\/09\/Atila_Promo-1024x685.jpg\" alt=\"Atila_Promo\" width=\"660\" height=\"441\" srcset=\"https:\/\/www.bonberenea.com\/wp-content\/uploads\/2014\/09\/Atila_Promo-1024x685.jpg 1024w, https:\/\/www.bonberenea.com\/wp-content\/uploads\/2014\/09\/Atila_Promo-300x201.jpg 300w, https:\/\/www.bonberenea.com\/wp-content\/uploads\/2014\/09\/Atila_Promo-890x595.jpg 890w, https:\/\/www.bonberenea.com\/wp-content\/uploads\/2014\/09\/Atila_Promo-663x443.jpg 663w\" sizes=\"(max-width: 660px) 100vw, 660px\" \/><\/a><\/p>\n<\/div>\n<div style=\"text-align: left;\" align=\"center\">\n<p>Decidimos que la mejor manera de inmortalizar todo esto pasaba por la grabaci\u00f3n de un concierto en directo, y qu\u00e9 mejor que en Bonberenea, y en la fecha en que Atila cumpl\u00eda 60 a\u00f1os.<\/p>\n<\/div>\n<div style=\"text-align: left;\" align=\"center\">\n<p>Pero\u2026..lo que se estaba preparando como una celebraci\u00f3n ha acabado siendo un homenaje, un homenaje sentido pero tambi\u00e9n festivo, como a \u00e9l,\u00a0 a nuestro bajista Javi Otxoa, le hubiese gustado,. En este homenaje nos han acompa\u00f1ado 17 amigos y amigas\u00a0 tocando el bajo e infinidad de amigos y amigas cant\u00e1ndolo y core\u00e1ndolo, a quienes de verdad agradecemos pues siempre han sido y ser\u00e1n lo que da sentido a nuestro grupo.<\/p>\n<\/div>\n<div style=\"text-align: left;\" align=\"center\">\n<p>El resultado: Nuestro primer DVD que ha sido posible gracias a los colegas de Bonberenea, y que incluye, adem\u00e1s de la grabaci\u00f3n en directo, fotos del grupo, un video-clip incunable y txorradas varias para refocile y escarnio de generaciones futuras.<\/p>\n<\/div>\n<div style=\"text-align: left;\" align=\"center\">\n<p style=\"text-align: left;\">La presentaci\u00f3n del DVD ser\u00e1 en la Plaza Nueva el pr\u00f3ximo d\u00eda 12 de junio, s\u00e1bado, a la una y media del mediod\u00eda, y es una buena ocasi\u00f3n para volvernos a ver. OS ESPERAMOS<ins cite=\"mailto:FM9FYTMF7QKCKCT\" datetime=\"2010-05-28T23:24\">.<\/ins><\/p>\n<p>&nbsp;<\/p>\n<p style=\"text-align: center;\"><iframe width=\"425\" height=\"344\" src=\"http:\/\/www.youtube.com\/embed\/goBKATEPBnE?wmode=transparent\" frameborder=\"0\" allowfullscreen> <\/iframe><\/p>\n<p>&nbsp;<\/p>\n<p><strong>Contacto:<\/strong><\/p>\n<p><a href=\"https:\/\/bonberenea.com\">www.bonberenea.com<\/a><\/p>\n<p>info@bonberenea.com<\/p>\n<p>Jesus Prados: 629 667 338<\/p>\n<\/div>\n<\/div>\n<p><\/p>","protected":false},"excerpt":{"rendered":"<p>ATILA y los UNOS, 25 a\u00f1os subiendo pelda\u00f1os 25 a\u00f1os de rock\u00b4n roll, 25 a\u00f1os de diversi\u00f3n, 25 a\u00f1os de improvisaci\u00f3n, 25 a\u00f1os de catarsis festiva y participativa. Lo que en principio fue un grupo de amigos creando su m\u00fasica [&hellip;]<\/p>\n","protected":false},"featured_media":4645,"template":"","meta":{"_exactmetrics_skip_tracking":false,"_exactmetrics_sitenote_active":false,"_exactmetrics_sitenote_note":"","_exactmetrics_sitenote_category":0},"product_cat":[448],"product_tag":[435,442,228,205],"_links":{"self":[{"href":"https:\/\/www.bonberenea.com\/es\/wp-json\/wp\/v2\/product\/4643"}],"collection":[{"href":"https:\/\/www.bonberenea.com\/es\/wp-json\/wp\/v2\/product"}],"about":[{"href":"https:\/\/www.bonberenea.com\/es\/wp-json\/wp\/v2\/types\/product"}],"wp:featuredmedia":[{"embeddable":true,"href":"https:\/\/www.bonberenea.com\/es\/wp-json\/wp\/v2\/media\/4645"}],"wp:attachment":[{"href":"https:\/\/www.bonberenea.com\/es\/wp-json\/wp\/v2\/media?parent=4643"}],"wp:term":[{"taxonomy":"product_cat","embeddable":true,"href":"https:\/\/www.bonberenea.com\/es\/wp-json\/wp\/v2\/product_cat?post=4643"},{"taxonomy":"product_tag","embeddable":true,"href":"https:\/\/www.bonberenea.com\/es\/wp-json\/wp\/v2\/product_tag?post=4643"}],"curies":[{"name":"wp","href":"https:\/\/api.w.org\/{rel}","templated":true}]}}