{"id":4637,"date":"2014-09-06T16:25:31","date_gmt":"2014-09-06T15:25:31","guid":{"rendered":"https:\/\/www.bonberenea.com\/?post_type=product&#038;p=4637"},"modified":"2016-03-24T22:27:41","modified_gmt":"2016-03-24T21:27:41","slug":"alegiko-bertso-eskola-hustukoixkiu","status":"publish","type":"product","link":"https:\/\/www.bonberenea.com\/es\/online-denda\/alegiko-bertso-eskola-hustukoixkiu\/","title":{"rendered":"Alegiko Bertso Eskola &#8211; Hustukoixkiu!"},"content":{"rendered":"<p>&#8221;Hustukoixkiu!&#8221; es el grito de guerra de la bertso eskola de Alegi, y este termino lo hemos utilizado Zazpi Astoren Gainean Bertso Taldea para nombrar el nuevo disco. Este proyecto fue entre casualidad y ganas de hacerlo, y la salida del disco ha coincidido con el 5\u00b0 a\u00f1o de vida de Zazpi Astoren Gainean Bertso Taldea y del coro tambien de Alegi Txintxarri, el cual cumplia 50 a\u00f1os. Que sigan asi y que sigamos nosotros tambien esta senda del camino.<\/p>\n<p>La idea de sacar este disco surgio alla por 2007, cuando en las fiestas del carmen, en un ambiente de fiesta, y con ayuda de los musicos, empezamos a cantar bertsos y fue nuestro primer contacto con esos bertsos acompa\u00f1ados por la musica. Despues, como cada a\u00f1o se celebra la competicion de bertso-papera, el compositor Alegiarra Andoni Zubillaga nos propuso acompa\u00f1ar algunos trabajos con la musica. Nos quedamos contentos con la idea y realmente flipados(de verdad) y empezamos a darle vueltas a la idea de sacar ese disco a la calle. Era una nueva experiencia para nosotros, no sabiamos por donde empezar, pero tuvimos la suerte de tener unos ayudantes de lujo, y eso fue determinante para desarrollar la idea del principio.<\/p>\n<p>I\u00f1igo e Imanol Etxeberria son ya experimentados en el mundo musical, y cuando se enteraron de este proyecto, nos ofrecieron su ayuda y junto a Andoni Zubillaga, nos han dirigido en nuestro trabajo. Gracias de verdad. El tiempo ha pasado rapido, y mucha gente nos ha ayudado en nuestro sue\u00f1o. Si empezariamos a nombrarlos a todos, no habria sitio para escribir nada y queremos ofrecerles nuestro agradecimientos: \u00a1Gracias a todos! Para concluir, decir que cuando tuvimos la decision de hacer el disco, conociendo el limite de nuestras posibilidades, nos propusimos hacer un digno trabajo.<\/p>\n<p>Hemos puesto toda nuestra ilusion y todo nuestro sudor y sangre, no literalmente, para que el resultado fuera positivo, y asi ha sido para nosotros. Lo hemos pasado muy bien grabando este disco y queremos que cualquiera que lo oiga tambien lo pase genial, sobre todas las cosas. Mas Info: http:\/\/zazpiastorengainean.blogsome.com\/<\/p>\n<p>Tracklist: Gu; Amona Zenari, Ordago; Ahaztu al zaik ala?; Udaberri zoragarri; Zemuz habli joxe manuel?; Heldu eskutik; Negu hotzeko gauetan; Zu; Hustukoixkiu!<\/p>\n<audio class=\"wp-audio-shortcode\" id=\"audio-4637-2\" preload=\"none\" style=\"width: 100%;\" controls=\"controls\"><source type=\"audio\/mpeg\" src=\"https:\/\/bonberenea.com\/wp-content\/uploads\/2014\/09\/Alegiko-Bertso-Eskola-Gu.mp3?_=2\" \/><a href=\"https:\/\/bonberenea.com\/wp-content\/uploads\/2014\/09\/Alegiko-Bertso-Eskola-Gu.mp3\">https:\/\/bonberenea.com\/wp-content\/uploads\/2014\/09\/Alegiko-Bertso-Eskola-Gu.mp3<\/a><\/audio>\n<p>Para Contactar:<\/p>\n<p>txintxarriak@yahoo.es<br \/>\nBe\u00f1at Garmendia: 665756445<\/p>","protected":false},"excerpt":{"rendered":"<p>&#8221;Hustukoixkiu!&#8221; es el grito de guerra de la bertso eskola de Alegi, y este termino lo hemos utilizado Zazpi Astoren Gainean Bertso Taldea para nombrar el nuevo disco. Este proyecto fue entre casualidad y ganas de hacerlo, y la salida [&hellip;]<\/p>\n","protected":false},"featured_media":4638,"template":"","meta":{"_exactmetrics_skip_tracking":false,"_exactmetrics_sitenote_active":false,"_exactmetrics_sitenote_note":"","_exactmetrics_sitenote_category":0},"product_cat":[134],"product_tag":[435,442,205,475],"_links":{"self":[{"href":"https:\/\/www.bonberenea.com\/es\/wp-json\/wp\/v2\/product\/4637"}],"collection":[{"href":"https:\/\/www.bonberenea.com\/es\/wp-json\/wp\/v2\/product"}],"about":[{"href":"https:\/\/www.bonberenea.com\/es\/wp-json\/wp\/v2\/types\/product"}],"wp:featuredmedia":[{"embeddable":true,"href":"https:\/\/www.bonberenea.com\/es\/wp-json\/wp\/v2\/media\/4638"}],"wp:attachment":[{"href":"https:\/\/www.bonberenea.com\/es\/wp-json\/wp\/v2\/media?parent=4637"}],"wp:term":[{"taxonomy":"product_cat","embeddable":true,"href":"https:\/\/www.bonberenea.com\/es\/wp-json\/wp\/v2\/product_cat?post=4637"},{"taxonomy":"product_tag","embeddable":true,"href":"https:\/\/www.bonberenea.com\/es\/wp-json\/wp\/v2\/product_tag?post=4637"}],"curies":[{"name":"wp","href":"https:\/\/api.w.org\/{rel}","templated":true}]}}