{"id":4568,"date":"2014-09-06T16:26:41","date_gmt":"2014-09-06T15:26:41","guid":{"rendered":"https:\/\/www.bonberenea.com\/?post_type=product&#038;p=4568"},"modified":"2016-03-24T22:28:30","modified_gmt":"2016-03-24T21:28:30","slug":"zea-mays-era","status":"publish","type":"product","link":"https:\/\/www.bonberenea.com\/es\/online-denda\/zea-mays-era\/","title":{"rendered":"Zea Mays &#8211; Era"},"content":{"rendered":"<p><strong>LA MANERA DE TEJER LA BELLEZA<\/strong><\/p>\n<p>Comenzaron a acariciar nuestros o\u00eddos sin armar mucho revuelo, abri\u00e9ndose camino poco a poco, concierto tras concierto, disco tras disco, huyendo de brillos ef\u00edmeros, construyendo sus trabajos de la misma manERA en la que se construyen los edificios m\u00e1s robustos. Una robustez conseguida gracias a la firme y penetrante voz de Aiora acompa\u00f1ada por un inmejorable tr\u00edo de grandes m\u00fasicos y no menos grandes amigos. Hilando as\u00ed, necesariamente y sin remedio, lo tejido solo puede ser de bella factura. De ah\u00ed que este trabajo de ZEA MAYS sea un exponente de lo lejos que puede llegar un buen t\u00e1ndem de m\u00fasicos-amigos.<\/p>\n<p>Dicen que el tiempo pone a cada uno en su lugar, y, para nuestro gozo, es exactamente eso lo que ha ocurrido con ZEA MAYS.<\/p>\n<p>Es dif\u00edcil decir algo nuevo de un grupo que presenta ya su sexto trabajo, pero las grandes bandas, entre otras cosas, lo son justamente por seguir manteniendo la capacidad de emoci\u00f3n y sorpresa. Sin atisbo de duda, he de decir que nos encontramos ante uno de esos casos.<\/p>\n<p><a href=\"https:\/\/bonberenea.com\/wp-content\/uploads\/2011\/11\/zeamays2.jpg\"><img decoding=\"async\" class=\" wp-image-1184 aligncenter\" src=\"https:\/\/bonberenea.com\/wp-content\/uploads\/2011\/11\/zeamays2.jpg\" alt=\"zeamays\" width=\"661\" height=\"440\" srcset=\"https:\/\/www.bonberenea.com\/wp-content\/uploads\/2011\/11\/zeamays2.jpg 500w, https:\/\/www.bonberenea.com\/wp-content\/uploads\/2011\/11\/zeamays2-300x200.jpg 300w\" sizes=\"(max-width: 661px) 100vw, 661px\" \/><\/a><\/p>\n<p>ERA es una conjunci\u00f3n inmejorable de melod\u00eda, fuerza y emoci\u00f3n en la que el grupo apuesta por las canciones directas. Sin renunciar a los desarrollos arm\u00f3nicos y din\u00e1micos a los que nos ten\u00edan acostumbrados en trabajos anteriores, en ERA se han decantado por temas directos que poseen la misma efectividad del rayo que atiza la tierra en mitad de la tormenta.<\/p>\n<p>El resultado del trabajo transmite una inusual frescura. ZEA MAYS nos ofrece un exquisito \u201cCocktail\u201d que mezcla la sabidur\u00eda de un grupo que lleva a\u00f1os en la carretera y la efervescencia de un reci\u00e9n llegado.<\/p>\n<p>ERA est\u00e1 lleno de detalles. Emocionantes juegos vocales de Aiora \u201cZure pozoidura jarraibideak\u201d, dulces y directas bofetadas \u201cNire huts gorena\u201d, aridez des\u00e9rtica del stonersound \u201cIsolatutako uhartea\u201d o atm\u00f3sferas industriales de \u201cGorputz pentsamendu huts\u201d, gui\u00f1os a grupos como Strokes, Kasabian o Interpol e infinidad de exquisitos y pulidos detalles que tu mismo\/a, estimada\/o oyente, podr\u00e1s apreciar.<\/p>\n<p>Como ejemplo, los teclados tienen mayor presencia que en trabajos anteriores, aportando la textura necesaria para crear variadas atm\u00f3sferas. En este cometido han contado con la colaboraci\u00f3n de Ra\u00fal Lomas (Doctor Deseo), Izkandar Rementeria (Split77) y Aritz Aranburu (Split77).<\/p>\n<p>En pocas palabras, ERA es un bello pa\u00f1o confeccionado con 12 canciones redondas y bordado con joyas como \u201cNegua joan da ta\u201d.<\/p>\n<p>Melod\u00edas pegadizas, ambientes envolventes, fuerza, emoci\u00f3n y una incesante investigaci\u00f3n est\u00e9tica son los elementos con los que ZEA MAYS ha tejido este deslumbrante vestido.<\/p>\n<p>Sin duda, el secreto est\u00e1 en la manERA.<\/p>\n<p style=\"text-align: center;\"><iframe width=\"425\" height=\"344\" src=\"http:\/\/www.youtube.com\/embed\/TdkiHf-t3TQ?wmode=transparent\" frameborder=\"0\" allowfullscreen> <\/iframe><\/p>\n<p style=\"text-align: center;\"><iframe width=\"425\" height=\"344\" src=\"http:\/\/www.youtube.com\/embed\/7jrRM7y8yHA?wmode=transparent\" frameborder=\"0\" allowfullscreen> <\/iframe><\/p>\n<p>&nbsp;<\/p>\n<p>&nbsp;<\/p>\n<audio class=\"wp-audio-shortcode\" id=\"audio-4568-2\" preload=\"none\" style=\"width: 100%;\" controls=\"controls\"><source type=\"audio\/mpeg\" src=\"https:\/\/bonberenea.com\/wp-content\/uploads\/2014\/09\/Zea-mays-Negua-Joan-Da-Ta.mp3?_=2\" \/><a href=\"https:\/\/bonberenea.com\/wp-content\/uploads\/2014\/09\/Zea-mays-Negua-Joan-Da-Ta.mp3\">https:\/\/bonberenea.com\/wp-content\/uploads\/2014\/09\/Zea-mays-Negua-Joan-Da-Ta.mp3<\/a><\/audio>\n<p><strong>Contacto:<\/strong><\/p>\n<p>info@zea-mays.com<\/p>\n<p><a href=\"http:\/\/www.zea-mays.com\">www.zea-mays.com<\/a><\/p>\n<p><a href=\"http:\/\/www.myspace.com\/zeamaysrock\">www.myspace.com\/zeamaysrock<\/a><\/p>\n<p><a href=\"https:\/\/bonberenea.com\">www.bonberenea.com<\/a><\/p>","protected":false},"excerpt":{"rendered":"<p>LA MANERA DE TEJER LA BELLEZA Comenzaron a acariciar nuestros o\u00eddos sin armar mucho revuelo, abri\u00e9ndose camino poco a poco, concierto tras concierto, disco tras disco, huyendo de brillos ef\u00edmeros, construyendo sus trabajos de la misma manERA en la que [&hellip;]<\/p>\n","protected":false},"featured_media":220,"template":"","meta":{"_exactmetrics_skip_tracking":false,"_exactmetrics_sitenote_active":false,"_exactmetrics_sitenote_note":"","_exactmetrics_sitenote_category":0},"product_cat":[134],"product_tag":[435,442,205,218],"_links":{"self":[{"href":"https:\/\/www.bonberenea.com\/es\/wp-json\/wp\/v2\/product\/4568"}],"collection":[{"href":"https:\/\/www.bonberenea.com\/es\/wp-json\/wp\/v2\/product"}],"about":[{"href":"https:\/\/www.bonberenea.com\/es\/wp-json\/wp\/v2\/types\/product"}],"wp:featuredmedia":[{"embeddable":true,"href":"https:\/\/www.bonberenea.com\/es\/wp-json\/wp\/v2\/media\/220"}],"wp:attachment":[{"href":"https:\/\/www.bonberenea.com\/es\/wp-json\/wp\/v2\/media?parent=4568"}],"wp:term":[{"taxonomy":"product_cat","embeddable":true,"href":"https:\/\/www.bonberenea.com\/es\/wp-json\/wp\/v2\/product_cat?post=4568"},{"taxonomy":"product_tag","embeddable":true,"href":"https:\/\/www.bonberenea.com\/es\/wp-json\/wp\/v2\/product_tag?post=4568"}],"curies":[{"name":"wp","href":"https:\/\/api.w.org\/{rel}","templated":true}]}}