{"id":4556,"date":"2014-09-06T16:28:56","date_gmt":"2014-09-06T15:28:56","guid":{"rendered":"https:\/\/www.bonberenea.com\/?post_type=product&#038;p=4556"},"modified":"2015-03-04T12:30:53","modified_gmt":"2015-03-04T11:30:53","slug":"ama-say-ren-fan","status":"publish","type":"product","link":"https:\/\/www.bonberenea.com\/es\/online-denda\/ama-say-ren-fan\/","title":{"rendered":"Ama Say &#8211; Ren Fan"},"content":{"rendered":"<p><\/p>\n<p>Ama, atea! Zabaldu ezazu ba! Bi emakume dira!<\/p>\n<p>As\u00ed empezaba el primer texto de un antiguo m\u00e9todo de ense\u00f1anza de euskera. De casa de Ama hace tiempo que salimos y desde entonces pocas noticias hemos tenido de ella.<\/p>\n<p>Pero Ama de nuevo ha empezado a hablar.<\/p>\n<p>Ama Say dile que dile anduvo en las postrimer\u00edas del pasado siglo. Sus canciones y discos se han convertido con el paso del tiempo en referencia de m\u00fasicos y amantes de la m\u00fasica. Ama Say dile que dile anduvo aportando al mundo del Euskara otras m\u00fasicas del mundo. Dile que dile injertando otras culturas en nuestra cultura. Nada especialmente novedoso si tenemos en cuenta que la supervivencia del euskera se ha debido precisamente a su capacidad para digerir en su interior las aportaciones de las lenguas y culturas que han pasado por sus tierras.<\/p>\n<p><a href=\"https:\/\/bonberenea.com\/wp-content\/uploads\/2014\/09\/Ama_Say_Promo.jpg\"><img decoding=\"async\" class=\"aligncenter wp-image-4561 \" src=\"https:\/\/bonberenea.com\/wp-content\/uploads\/2014\/09\/Ama_Say_Promo.jpg\" alt=\"Ama_Say_Promo\" width=\"660\" height=\"438\" srcset=\"https:\/\/www.bonberenea.com\/wp-content\/uploads\/2014\/09\/Ama_Say_Promo.jpg 600w, https:\/\/www.bonberenea.com\/wp-content\/uploads\/2014\/09\/Ama_Say_Promo-300x199.jpg 300w\" sizes=\"(max-width: 660px) 100vw, 660px\" \/><\/a><\/p>\n<p>Nada especialmente nuevo, pero s\u00ed una hermosa bocanada de aire fresco la que Ama nos trajo. \u00a1Y ahora lo han vuelto a hacer! Despu\u00e9s de dos a\u00f1os de conciertos repasando los antiguos temas, no te fastidia que Ama haya empezado a decir cosas nuevas. Disco nuevo, canciones nuevas, nuevos aires. Ni\u00f1os de cuarenta a\u00f1os y de nuevo lo han conseguido. \u00bfC\u00f3mo lo hacen? \u00bfD\u00f3nde demontres encuentran nuevas energ\u00edas?<\/p>\n<p>Por las puertas abiertas por ellos docenas de grupos nuevos entraron en nuestras vidas y gracias a esos grupos el mundo de la m\u00fasica en euskera se ha abierto a m\u00faltiple estilos. Hoy ese mundo no es el que conoci\u00f3 el surgir de Ama Say sino mucho m\u00e1s rico en diversidad. Y a\u00fan as\u00ed, \u00a1de nuevo lo han hecho! De nuevo han destrozado las puertas y abierto las ventanas para dar paso a una nueva bocanada de aire fresco en este nuestro peque\u00f1o mundo del euskera.<\/p>\n<p>Unas cuantas canciones, alientos, aguijones contra la \u201cnormalidad\u201d, dosis contra la desilusi\u00f3n, frenos contra esta loca evoluci\u00f3n.<\/p>\n<p>PETRONOR, PETROHORROR<\/p>\n<p>Espejo roto del Rey Desnudo<\/p>\n<p>\u00a1Ay mis juanetes!<\/p>\n<p>\u00a1Ay nuestro Athletic!<\/p>\n<p>\u00a1Rey Le\u00f3n haciendo de t\u00edtere<\/p>\n<p>Con sus nuevas vestiduras!<\/p>\n<p>Se nota que Ama Say ha nacido en la Margen Izquierda, que son descendientes de los antiguos mineros, siempre con los pies en el suelo, siempre amigos de sus amigos ( \u00a1Aupa AEK, Tolosako Bonberenea, aupa todos los del Pelot\u00f3n!).<\/p>\n<p>Ama no habla gratuitamente, transforma en opci\u00f3n todo lo marginado, se convierte en testigo de la hermosura de \u201clas cosas que no son\u201d. Ama no te calles, sigue dile que dile, no te calles al menos hasta explicarnos para qu\u00e9 es la vida, no te vayas porque ni rompimos ni hemos de romper aquel famoso cord\u00f3n umbilical de nuestro esp\u00edritu.<\/p>\n<p>\u00bfD\u00f3nde est\u00e1 el porvenir que forjaron nuestros padres?.<\/p>\n<p>Arau-hausleak lehen, are gehiago orain.<\/p>\n<p>\u00bfO es acaso esta mierda en la que vivimos?.<\/p>\n<p style=\"text-align: center;\"><iframe width=\"425\" height=\"344\" src=\"http:\/\/www.youtube.com\/embed\/s4iQ7Mi-kgI?wmode=transparent\" frameborder=\"0\" allowfullscreen> <\/iframe><\/p>\n<p>&nbsp;<\/p>\n<p><strong>Contacto:<\/strong><\/p>\n<p>Promomusika<\/p>\n<p>info@promomusika.com<\/p>\n<p>info@bonberenea.com<\/p>\n<p><a href=\"http:\/\/www.myspace.com\/amasay\">www.myspace.com\/amasay<\/a><\/p>\n<p>&nbsp;<\/p>\n<audio class=\"wp-audio-shortcode\" id=\"audio-4556-2\" preload=\"none\" style=\"width: 100%;\" controls=\"controls\"><source type=\"audio\/mpeg\" src=\"https:\/\/bonberenea.com\/wp-content\/uploads\/2014\/09\/Ama-Say-Ajea.mp3?_=2\" \/><a href=\"https:\/\/bonberenea.com\/wp-content\/uploads\/2014\/09\/Ama-Say-Ajea.mp3\">https:\/\/bonberenea.com\/wp-content\/uploads\/2014\/09\/Ama-Say-Ajea.mp3<\/a><\/audio>\n<p>&nbsp;<\/p>\n<p><strong>Contacto:<\/strong><\/p>\n<p>Promomusika<\/p>\n<p>info@promomusika.com<\/p>\n<p>info@bonberenea.com<\/p>\n<p><a href=\"http:\/\/www.myspace.com\/amasay\">www.myspace.com\/amasay<\/a><\/p>\n<p><\/p>","protected":false},"excerpt":{"rendered":"<p>Ama, atea! Zabaldu ezazu ba! Bi emakume dira! As\u00ed empezaba el primer texto de un antiguo m\u00e9todo de ense\u00f1anza de euskera. De casa de Ama hace tiempo que salimos y desde entonces pocas noticias hemos tenido de ella. Pero Ama [&hellip;]<\/p>\n","protected":false},"featured_media":4560,"template":"","meta":{"_exactmetrics_skip_tracking":false,"_exactmetrics_sitenote_active":false,"_exactmetrics_sitenote_note":"","_exactmetrics_sitenote_category":0},"product_cat":[134],"product_tag":[435,226,442,205],"_links":{"self":[{"href":"https:\/\/www.bonberenea.com\/es\/wp-json\/wp\/v2\/product\/4556"}],"collection":[{"href":"https:\/\/www.bonberenea.com\/es\/wp-json\/wp\/v2\/product"}],"about":[{"href":"https:\/\/www.bonberenea.com\/es\/wp-json\/wp\/v2\/types\/product"}],"wp:featuredmedia":[{"embeddable":true,"href":"https:\/\/www.bonberenea.com\/es\/wp-json\/wp\/v2\/media\/4560"}],"wp:attachment":[{"href":"https:\/\/www.bonberenea.com\/es\/wp-json\/wp\/v2\/media?parent=4556"}],"wp:term":[{"taxonomy":"product_cat","embeddable":true,"href":"https:\/\/www.bonberenea.com\/es\/wp-json\/wp\/v2\/product_cat?post=4556"},{"taxonomy":"product_tag","embeddable":true,"href":"https:\/\/www.bonberenea.com\/es\/wp-json\/wp\/v2\/product_tag?post=4556"}],"curies":[{"name":"wp","href":"https:\/\/api.w.org\/{rel}","templated":true}]}}