{"id":4553,"date":"2014-09-06T16:29:43","date_gmt":"2014-09-06T15:29:43","guid":{"rendered":"https:\/\/www.bonberenea.com\/?post_type=product&#038;p=4553"},"modified":"2015-03-04T12:30:14","modified_gmt":"2015-03-04T11:30:14","slug":"yakuzi-ausardiaren-garaia","status":"publish","type":"product","link":"https:\/\/www.bonberenea.com\/es\/online-denda\/yakuzi-ausardiaren-garaia\/","title":{"rendered":"Yakuzi &#8211; Ausardiaren garaia"},"content":{"rendered":"<p><\/p>\n<p>Yakuzi, se cre\u00f3 durante la andadura del grupo Sal, a finales de 1998. Gustavo Gallego fu\u00e9 quien puso el grupo en marcha para dar cabida a sus canciones en un nuevo proyecto. Yakuzi, siendo \u00fanico componente (Gustavo Gallego \u2013 Bajo \u2013 Voz y Programaciones) pero con la ayuda de los componentes de Sal (Anartz Onandia \u2013 bater\u00eda &#8211; y Aitor Monje \u2013 guitarra-), editan tres demos:<\/p>\n<p>&#8211; \u201cYakuzi\u201d (Octubre 1999)<\/p>\n<p>&#8211; \u201cMy world is empty without you\u201d (Noviembre 2000)<\/p>\n<p>&#8211; \u201cHerri txikiak, infernu handiak\u201d (Julio 2001)<\/p>\n<p>Estas demos reciben excelentes cr\u00edticas, y llaman as\u00ed la atenci\u00f3n del sello almeriense Pause Music, que invita a la banda a formar parte de su cat\u00e1logo y grabar un disco. \u201cYakuzi\u201d, el disco, se graba en diciembre de 2001 ya con Anartz y Aitor acompa\u00f1ando a Gus en la formaci\u00f3n. Dicho mini-cd (5 temas;33 minutos) recibe unas cr\u00edticas excelentes, aunque tarda mucho en ser editado. La edici\u00f3n se produce en abril de 2003, y para entonces la banda ya tiene formaci\u00f3n de directo, con la incorporaci\u00f3n de Kimetz Zenitagoia (guitarra, coros) y de Iker Asenjo (flauta travesera, guitarra). La banda ofrece seis conciertos durante 2003,y en octubre, Iker se marcha a estudiar a Escocia, dejando su puesto en la formaci\u00f3n a Gorka Molero (guitarra). En el mes de diciembre de 2003, yakuzi graban su segundo disco, compuesto por 12 temas, titulado \u201cIbai lehorretan itota\u201d.<\/p>\n<p><a href=\"https:\/\/bonberenea.com\/wp-content\/uploads\/2014\/09\/yakuzi_banda.jpg\"><img decoding=\"async\" class=\" wp-image-4527 aligncenter\" src=\"https:\/\/bonberenea.com\/wp-content\/uploads\/2014\/09\/yakuzi_banda.jpg\" alt=\"yakuzi_banda\" width=\"660\" height=\"494\" srcset=\"https:\/\/www.bonberenea.com\/wp-content\/uploads\/2014\/09\/yakuzi_banda.jpg 600w, https:\/\/www.bonberenea.com\/wp-content\/uploads\/2014\/09\/yakuzi_banda-300x225.jpg 300w, https:\/\/www.bonberenea.com\/wp-content\/uploads\/2014\/09\/yakuzi_banda-350x262.jpg 350w\" sizes=\"(max-width: 660px) 100vw, 660px\" \/><\/a><\/p>\n<p>A\u00f1o 2008. Yakuzi publica su tercer disco. Es bautizado como Hot Balneario, y es publicado por el sello madrile\u00f1o Factoria Autor. Estatalmente y en el \u00e1mbito de la m\u00fasica instrumental recibe muchos elogios, y tambi\u00e9n ser\u00e1n referencia en Euskal Herria, en referente a la m\u00fasica ambiental e instrumental.<\/p>\n<p>El retorno de estos vizcainos ha sido en noviembre-diciembre del a\u00f1o 2010. Ausarsiaren Garaia cuenta con 8 canciones mas un remix de Dj Amsia, son 50 minutos llenos de musica ambiental e instrumental. Ellos han hecho el dise\u00f1o, y ha sido grabado en los estudios de Bonberenea, de la mano de Karlos Osinaga. El disco ha sido pulicado por Bonberenea Ekintzak, y estar\u00e1 listo para la feria de Durango. En el disco podemos ver como colaboradores a Dj Amsia o a Ibon \u201cTopo\u201d Bilbao, miembro de Ama Say, entre otros. En definitiva, otro gran disco de yakuzi que ve la luz.<\/p>\n<p>&nbsp;<\/p>\n<p>&nbsp;<\/p>\n<audio class=\"wp-audio-shortcode\" id=\"audio-4553-2\" preload=\"none\" style=\"width: 100%;\" controls=\"controls\"><source type=\"audio\/mpeg\" src=\"https:\/\/bonberenea.com\/wp-content\/uploads\/2014\/09\/Yakuzi-Nitro.mp3?_=2\" \/><a href=\"https:\/\/bonberenea.com\/wp-content\/uploads\/2014\/09\/Yakuzi-Nitro.mp3\">https:\/\/bonberenea.com\/wp-content\/uploads\/2014\/09\/Yakuzi-Nitro.mp3<\/a><\/audio>\n<p><strong>Contacto:<\/strong><\/p>\n<p><a href=\"http:\/\/%20www.myspace.com \/yakuzinet\">www.myspace.com \/yakuzinet<\/a><\/p>\n<p><a href=\"http:\/\/www.yakuzi.net\">www.yakuzi.net<\/a><\/p>\n<p><\/p>","protected":false},"excerpt":{"rendered":"<p>Yakuzi, se cre\u00f3 durante la andadura del grupo Sal, a finales de 1998. Gustavo Gallego fu\u00e9 quien puso el grupo en marcha para dar cabida a sus canciones en un nuevo proyecto. Yakuzi, siendo \u00fanico componente (Gustavo Gallego \u2013 Bajo [&hellip;]<\/p>\n","protected":false},"featured_media":4535,"template":"","meta":{"_exactmetrics_skip_tracking":false,"_exactmetrics_sitenote_active":false,"_exactmetrics_sitenote_note":"","_exactmetrics_sitenote_category":0},"product_cat":[134],"product_tag":[435,442,205,463],"_links":{"self":[{"href":"https:\/\/www.bonberenea.com\/es\/wp-json\/wp\/v2\/product\/4553"}],"collection":[{"href":"https:\/\/www.bonberenea.com\/es\/wp-json\/wp\/v2\/product"}],"about":[{"href":"https:\/\/www.bonberenea.com\/es\/wp-json\/wp\/v2\/types\/product"}],"wp:featuredmedia":[{"embeddable":true,"href":"https:\/\/www.bonberenea.com\/es\/wp-json\/wp\/v2\/media\/4535"}],"wp:attachment":[{"href":"https:\/\/www.bonberenea.com\/es\/wp-json\/wp\/v2\/media?parent=4553"}],"wp:term":[{"taxonomy":"product_cat","embeddable":true,"href":"https:\/\/www.bonberenea.com\/es\/wp-json\/wp\/v2\/product_cat?post=4553"},{"taxonomy":"product_tag","embeddable":true,"href":"https:\/\/www.bonberenea.com\/es\/wp-json\/wp\/v2\/product_tag?post=4553"}],"curies":[{"name":"wp","href":"https:\/\/api.w.org\/{rel}","templated":true}]}}