{"id":4530,"date":"2014-09-06T16:30:15","date_gmt":"2014-09-06T15:30:15","guid":{"rendered":"https:\/\/www.bonberenea.com\/?post_type=product&#038;p=4530"},"modified":"2014-10-31T20:42:19","modified_gmt":"2014-10-31T19:42:19","slug":"fiachras-hiltzera-goaz","status":"publish","type":"product","link":"https:\/\/www.bonberenea.com\/es\/online-denda\/fiachras-hiltzera-goaz\/","title":{"rendered":"Fiachras &#8211; Hiltzera Goaz"},"content":{"rendered":"<p><\/p>\n<p>Fiachras surgi\u00f3 hace 4 a\u00f1os en un macacal de Legazpia aunque hoy en d\u00eda tengamos una relaci\u00f3n amor odio con ese peblo. NO ODIAMOS EL PUNK, que auede claro, pero estamos hasta los huevos d esa m\u00fasica. Creemos que hay que traicionar al punk para seguir siendo fieles a \u00e8l.<\/p>\n<p>El disco lo grabamos en Bonberenea en Octubre y en estos momentos estamos planificando un atentado a Txap por su dictadura en la producci\u00f3n. Hemos fichado a Aperri y ha sido lo que Aldridge en su d\u00eca para la Rel Sociedad. Prometemos nuevo disco en un a\u00f1o.<a href=\"https:\/\/bonberenea.com\/wp-content\/uploads\/2014\/09\/Fiachras-Hiltzera-goaz.jpg\"><img decoding=\"async\" class=\"aligncenter  wp-image-4500\" src=\"https:\/\/bonberenea.com\/wp-content\/uploads\/2014\/09\/Fiachras-Hiltzera-goaz.jpg\" alt=\"Fiachras - Hiltzera goaz\" width=\"661\" height=\"496\" srcset=\"https:\/\/www.bonberenea.com\/wp-content\/uploads\/2014\/09\/Fiachras-Hiltzera-goaz.jpg 600w, https:\/\/www.bonberenea.com\/wp-content\/uploads\/2014\/09\/Fiachras-Hiltzera-goaz-300x225.jpg 300w, https:\/\/www.bonberenea.com\/wp-content\/uploads\/2014\/09\/Fiachras-Hiltzera-goaz-350x262.jpg 350w\" sizes=\"(max-width: 661px) 100vw, 661px\" \/><\/a><\/p>\n<p>&nbsp;<\/p>\n<p>Dicen que \u00e9ste ha quedado un poco \u201cfresa\u201d. Vamos a hacer una dieta a base de sidrer\u00edas para el siguiente. Gual hasta nos sale uno heavy.<\/p>\n<p>Aqu\u00ed est\u00e1. Nuestro segundo disco. Creemos firmemente en que es un azote a la mediocridad y a la subnormalidad galopante, cualidades ambas incrustadas con ra\u00edces bien profundas en el 98% del g\u00e9nero humano. Hablamos de todo sin ser muy expl\u00edcitos. Ni tan cutres como Animales Muertos ni tan rode\u00edstas como Fito. Hablamos de contrabandistas (a favor), de Lope de Aguirre (a favor), de nuestra clase obrera (en contra), de nosotros mismos (a favor y en contra), etc.<\/p>\n<p>Estamos aburridos de casi todo e indignados tambi\u00e9n. Queremos que sea homenaje al alejado, al NO-MASA, al que est\u00e1 siempre en contra sin saber realmente porqu\u00e9. Sabemos que es de lo mejorcito que se ha hecho aqu\u00ed y nos importa una mierda el ser ninguneados por la gran mayor\u00eda.<\/p>\n<p>Con que alg\u00fan familiar de Jon Mirande escuchase la canci\u00f3n nos conformar\u00edamos. No posamos. No copiamos. No somos coherentes. Somos iguales, somos diferetes.<\/p>\n<p>&nbsp;<\/p>\n<p>&nbsp;<\/p>\n<audio class=\"wp-audio-shortcode\" id=\"audio-4530-2\" preload=\"none\" style=\"width: 100%;\" controls=\"controls\"><source type=\"audio\/mpeg\" src=\"https:\/\/bonberenea.com\/wp-content\/uploads\/2014\/09\/Fiachras-Antes-de-marcharme.mp3?_=2\" \/><a href=\"https:\/\/bonberenea.com\/wp-content\/uploads\/2014\/09\/Fiachras-Antes-de-marcharme.mp3\">https:\/\/bonberenea.com\/wp-content\/uploads\/2014\/09\/Fiachras-Antes-de-marcharme.mp3<\/a><\/audio>\n<p><strong>Contacto:<\/strong><\/p>\n<p><a href=\"mailto:fiachras@hotmail.es\">fiachras@hotmail.es<\/a><\/p>\n<p><a href=\"http:\/\/www.myspace.com\/zeamaysrock\">www.myspace.com\/myspacefiachras<\/a><\/p>\n<p><a href=\"%20fiachras.bandcamp.com\">fiachras.bandcamp.com<\/a><\/p>\n<p><a href=\"https:\/\/bonberenea.com\">www.bonberenea.com<\/a><\/p>\n<p>Aldanondo: 656 008 399<\/p>\n<p><\/p>","protected":false},"excerpt":{"rendered":"<p>Fiachras surgi\u00f3 hace 4 a\u00f1os en un macacal de Legazpia aunque hoy en d\u00eda tengamos una relaci\u00f3n amor odio con ese peblo. NO ODIAMOS EL PUNK, que auede claro, pero estamos hasta los huevos d esa m\u00fasica. Creemos que hay [&hellip;]<\/p>\n","protected":false},"featured_media":4541,"template":"","meta":{"_exactmetrics_skip_tracking":false,"_exactmetrics_sitenote_active":false,"_exactmetrics_sitenote_note":"","_exactmetrics_sitenote_category":0},"product_cat":[134],"product_tag":[437,442,205,454],"_links":{"self":[{"href":"https:\/\/www.bonberenea.com\/es\/wp-json\/wp\/v2\/product\/4530"}],"collection":[{"href":"https:\/\/www.bonberenea.com\/es\/wp-json\/wp\/v2\/product"}],"about":[{"href":"https:\/\/www.bonberenea.com\/es\/wp-json\/wp\/v2\/types\/product"}],"wp:featuredmedia":[{"embeddable":true,"href":"https:\/\/www.bonberenea.com\/es\/wp-json\/wp\/v2\/media\/4541"}],"wp:attachment":[{"href":"https:\/\/www.bonberenea.com\/es\/wp-json\/wp\/v2\/media?parent=4530"}],"wp:term":[{"taxonomy":"product_cat","embeddable":true,"href":"https:\/\/www.bonberenea.com\/es\/wp-json\/wp\/v2\/product_cat?post=4530"},{"taxonomy":"product_tag","embeddable":true,"href":"https:\/\/www.bonberenea.com\/es\/wp-json\/wp\/v2\/product_tag?post=4530"}],"curies":[{"name":"wp","href":"https:\/\/api.w.org\/{rel}","templated":true}]}}