{"id":4464,"date":"2014-09-06T16:32:56","date_gmt":"2014-09-06T15:32:56","guid":{"rendered":"https:\/\/www.bonberenea.com\/?post_type=product&#038;p=4464"},"modified":"2015-03-04T12:29:28","modified_gmt":"2015-03-04T11:29:28","slug":"napoka-iria-lehertarazi-edifizioak","status":"publish","type":"product","link":"https:\/\/www.bonberenea.com\/es\/online-denda\/napoka-iria-lehertarazi-edifizioak\/","title":{"rendered":"Napoka iria &#8211; Lehertarazi edifizioak"},"content":{"rendered":"<p><\/p>\n<p>Ya est\u00e1 en la calle el nuevo trabajo de Napoka Iria. Grabado en el Teatro Zabalotegi de Bergara y con p\u00fablico presente, &#8220;Lehertarazi edifizioak&#8221; (Bonberenea, 2011) viene tras el primer ep del 2005 y el posterior del 2008.<\/p>\n<p>La grabaci\u00f3n se complet\u00f3 en un mismo fin de semana con las puertas del Zabalotegi abiertas al p\u00fablico. En dos d\u00edas consecutivos tocaron viejos temas, nuevos y alguna que otra versi\u00f3n.<\/p>\n<p><img decoding=\"async\" class=\"aligncenter size-full wp-image-878\" src=\"https:\/\/bonberenea.com\/wp-content\/uploads\/2011\/10\/l.jpg\" alt=\"Napoka Iria\" width=\"600\" height=\"400\" srcset=\"https:\/\/www.bonberenea.com\/wp-content\/uploads\/2011\/10\/l.jpg 600w, https:\/\/www.bonberenea.com\/wp-content\/uploads\/2011\/10\/l-300x200.jpg 300w\" sizes=\"(max-width: 600px) 100vw, 600px\" \/><\/p>\n<p>El disco lo componen diez de estas piezas. Algunas ya las han presentado en sus \u00faltimos directos, tambi\u00e9n hay dos improvisaciones que surgieron durante la grabaci\u00f3n, y una conocida y curiosa versi\u00f3n interpretada con ukelele y kalimba.<\/p>\n<p>Una vez grabado en directo, el disco pasado por el estudio de Legarre (Eibar) para hacer la selecci\u00f3n de los temas y as\u00ed, al igual que con la primera maqueta, dejar la mezcla en manos de Ander Barriuso. Del elegante dise\u00f1o se ha encargado el mismo Ander Mujika. Napoka Iria ha querido traer a este \u00e1lbum ese car\u00e1cter del directo que tanto le gusta ofrecer. \u00a1Seguro que nos veremos en alg\u00fan concierto!<\/p>\n<p style=\"text-align: center;\">\u00a0<iframe width=\"425\" height=\"344\" src=\"http:\/\/www.youtube.com\/embed\/o_usdaqFsmI?wmode=transparent\" frameborder=\"0\" allowfullscreen> <\/iframe><\/p>\n<p>&nbsp;<\/p>\n<p>&nbsp;<\/p>\n<audio class=\"wp-audio-shortcode\" id=\"audio-4464-2\" preload=\"none\" style=\"width: 100%;\" controls=\"controls\"><source type=\"audio\/mpeg\" src=\"https:\/\/bonberenea.com\/wp-content\/uploads\/2014\/09\/Napoka-iria-Lurra-Idor.mp3?_=2\" \/><a href=\"https:\/\/bonberenea.com\/wp-content\/uploads\/2014\/09\/Napoka-iria-Lurra-Idor.mp3\">https:\/\/bonberenea.com\/wp-content\/uploads\/2014\/09\/Napoka-iria-Lurra-Idor.mp3<\/a><\/audio>\n<p><strong>Contacto:<\/strong><\/p>\n<p>Promomusika: 653 737\u00a0 700<\/p>\n<p>Info@promomusika.com<\/p>\n<p><a href=\"%20www.promomusika.com\">www.promomusika.com<\/a><\/p>\n<p>&nbsp;<\/p>\n<p><\/p>","protected":false},"excerpt":{"rendered":"<p>Ya est\u00e1 en la calle el nuevo trabajo de Napoka Iria. Grabado en el Teatro Zabalotegi de Bergara y con p\u00fablico presente, &#8220;Lehertarazi edifizioak&#8221; (Bonberenea, 2011) viene tras el primer ep del 2005 y el posterior del 2008. La grabaci\u00f3n [&hellip;]<\/p>\n","protected":false},"featured_media":4467,"template":"","meta":{"_exactmetrics_skip_tracking":false,"_exactmetrics_sitenote_active":false,"_exactmetrics_sitenote_note":"","_exactmetrics_sitenote_category":0},"product_cat":[134],"product_tag":[437,442,205,208],"_links":{"self":[{"href":"https:\/\/www.bonberenea.com\/es\/wp-json\/wp\/v2\/product\/4464"}],"collection":[{"href":"https:\/\/www.bonberenea.com\/es\/wp-json\/wp\/v2\/product"}],"about":[{"href":"https:\/\/www.bonberenea.com\/es\/wp-json\/wp\/v2\/types\/product"}],"wp:featuredmedia":[{"embeddable":true,"href":"https:\/\/www.bonberenea.com\/es\/wp-json\/wp\/v2\/media\/4467"}],"wp:attachment":[{"href":"https:\/\/www.bonberenea.com\/es\/wp-json\/wp\/v2\/media?parent=4464"}],"wp:term":[{"taxonomy":"product_cat","embeddable":true,"href":"https:\/\/www.bonberenea.com\/es\/wp-json\/wp\/v2\/product_cat?post=4464"},{"taxonomy":"product_tag","embeddable":true,"href":"https:\/\/www.bonberenea.com\/es\/wp-json\/wp\/v2\/product_tag?post=4464"}],"curies":[{"name":"wp","href":"https:\/\/api.w.org\/{rel}","templated":true}]}}