{"id":4435,"date":"2014-09-06T16:34:07","date_gmt":"2014-09-06T15:34:07","guid":{"rendered":"https:\/\/www.bonberenea.com\/?post_type=product&#038;p=4435"},"modified":"2016-04-16T19:03:35","modified_gmt":"2016-04-16T18:03:35","slug":"pirritx-porrotx-eta-marimotots-bonberenea-txaranga","status":"publish","type":"product","link":"https:\/\/www.bonberenea.com\/es\/online-denda\/pirritx-porrotx-eta-marimotots-bonberenea-txaranga\/","title":{"rendered":"Pirritx, Porrotx eta Marimotots &#038; Bonberenea Txaranga"},"content":{"rendered":"<p>RETO. Si hay una palabra que define la trayectoria realizada hasta ahora por Bonberenea, \u00e9sa palabra es reto. Lo mismo pasa con la Txaranga Bonberenea, cuya trayectoria ha estado plagada de retos desde sus propios inicios.<\/p>\n<p style=\"text-align: justify;\">Sin embargo, entre todos los retos el mayor ha sido este tercer disco de la txaranga, un disco que refleja la trayectoria conjunta realizada hasta ahora entre la mencionada txaranga y los payasos m\u00e1s famosos de Euskal Herria. La propia trayectoria com\u00fan realizada hasta ahora ha pedido de manera natural realizar un proyecto de estas caracter\u00edsticas con la intenci\u00f3n de reflejar las experiencias compartidas por Pirritx, Porrotx eta Marimotots con la gente que integra el gaztetxe de Tolosa.<\/p>\n<p><a href=\"https:\/\/bonberenea.com\/wp-content\/uploads\/2011\/10\/poster-logos-tx.jpg\"><img decoding=\"async\" class=\"aligncenter wp-image-882\" src=\"https:\/\/bonberenea.com\/wp-content\/uploads\/2011\/10\/poster-logos-tx.jpg\" alt=\"poster logos tx\" width=\"660\" height=\"439\" srcset=\"https:\/\/www.bonberenea.com\/wp-content\/uploads\/2011\/10\/poster-logos-tx.jpg 886w, https:\/\/www.bonberenea.com\/wp-content\/uploads\/2011\/10\/poster-logos-tx-300x199.jpg 300w, https:\/\/www.bonberenea.com\/wp-content\/uploads\/2011\/10\/poster-logos-tx-663x440.jpg 663w\" sizes=\"(max-width: 660px) 100vw, 660px\" \/><\/a><\/p>\n<p style=\"text-align: justify;\">En este disco formado por 11 canciones y 12 &#8220;cuentitos&#8221; han participado varios amigos realizados por la txaranga a lo largo de los a\u00f1os, entre otros Aiora Renteria (Zea Mays), Aitor Gorosabel (Su ta Gar), Ines Osinaga (Gose), Francis D\u00edez (Doctor Deseo), Oreka Tx y Agustin Mujika (Takolo), as\u00ed como varios artistas mas de la comarca de Tolosaldea. Las canciones m\u00e1s famosas de Pirritx, Porrotx eta Marimotots han sido adaptadas a la &#8220;manera Bonberenea&#8221;, mezclando el sonido de los metales txarangueros con la voz de los payasos. Desde los primeros bombos y cajas hasta el videoclip del tema &#8220;Bonberenea&#8221;, el disco en su totalidad ha sido producido y grabado en Bonberenea. De hecho, la elegante caja de cart\u00f3n que contiene el disco, incluye tambi\u00e9n un DVD con diverso material. El mencionado videoclip y un documental titulado &#8220;Pirritx eta Porrotx gaztetxean&#8221;, por resaltar un par de elementos.<\/p>\n<p style=\"text-align: justify;\">Que aproveche. Tracklist: Irrien Lagunak; Alai Elkarrekin; Riki Riki; Euskal Txirrita; Maketume; Abordatzera; Maite Zaitut, Amatxo; Bonberenea; Kluba; Txis Pun, Korrika!; Maite Zaitut.<\/p>\n<p style=\"text-align: center;\"><iframe width=\"425\" height=\"344\" src=\"http:\/\/www.youtube.com\/embed\/K3ZSShOA5J0?wmode=transparent\" frameborder=\"0\" allowfullscreen> <\/iframe><\/p>\n<p>&nbsp;<\/p>\n<audio class=\"wp-audio-shortcode\" id=\"audio-4435-2\" preload=\"none\" style=\"width: 100%;\" controls=\"controls\"><source type=\"audio\/mpeg\" src=\"https:\/\/bonberenea.com\/wp-content\/uploads\/2014\/09\/Pirritx-Porrotx-eta-Marimotots-eta-Bonberenea-Txaranga-Bonberenea.mp3?_=2\" \/><a href=\"https:\/\/bonberenea.com\/wp-content\/uploads\/2014\/09\/Pirritx-Porrotx-eta-Marimotots-eta-Bonberenea-Txaranga-Bonberenea.mp3\">https:\/\/bonberenea.com\/wp-content\/uploads\/2014\/09\/Pirritx-Porrotx-eta-Marimotots-eta-Bonberenea-Txaranga-Bonberenea.mp3<\/a><\/audio>\n<p><strong>Contacto:<\/strong><br \/>\npailazoak@katxiporreta.com<br \/>\n<a title=\"Katxiporreta\" href=\"http:\/\/www.katxiporreta.com\" target=\"_blank\">katxiporreta.com<br \/>\n<\/a>943 36 84 04<\/p>","protected":false},"excerpt":{"rendered":"<p>RETO. Si hay una palabra que define la trayectoria realizada hasta ahora por Bonberenea, \u00e9sa palabra es reto. Lo mismo pasa con la Txaranga Bonberenea, cuya trayectoria ha estado plagada de retos desde sus propios inicios. Sin embargo, entre todos [&hellip;]<\/p>\n","protected":false},"featured_media":4436,"template":"","meta":{"_exactmetrics_skip_tracking":false,"_exactmetrics_sitenote_active":false,"_exactmetrics_sitenote_note":"","_exactmetrics_sitenote_category":0},"product_cat":[450],"product_tag":[437,442,205,497,206],"_links":{"self":[{"href":"https:\/\/www.bonberenea.com\/es\/wp-json\/wp\/v2\/product\/4435"}],"collection":[{"href":"https:\/\/www.bonberenea.com\/es\/wp-json\/wp\/v2\/product"}],"about":[{"href":"https:\/\/www.bonberenea.com\/es\/wp-json\/wp\/v2\/types\/product"}],"wp:featuredmedia":[{"embeddable":true,"href":"https:\/\/www.bonberenea.com\/es\/wp-json\/wp\/v2\/media\/4436"}],"wp:attachment":[{"href":"https:\/\/www.bonberenea.com\/es\/wp-json\/wp\/v2\/media?parent=4435"}],"wp:term":[{"taxonomy":"product_cat","embeddable":true,"href":"https:\/\/www.bonberenea.com\/es\/wp-json\/wp\/v2\/product_cat?post=4435"},{"taxonomy":"product_tag","embeddable":true,"href":"https:\/\/www.bonberenea.com\/es\/wp-json\/wp\/v2\/product_tag?post=4435"}],"curies":[{"name":"wp","href":"https:\/\/api.w.org\/{rel}","templated":true}]}}