{"id":4432,"date":"2014-09-06T16:34:52","date_gmt":"2014-09-06T15:34:52","guid":{"rendered":"https:\/\/www.bonberenea.com\/?post_type=product&#038;p=4432"},"modified":"2015-03-04T12:28:46","modified_gmt":"2015-03-04T11:28:46","slug":"tolosa-kantari","status":"publish","type":"product","link":"https:\/\/www.bonberenea.com\/es\/online-denda\/tolosa-kantari\/","title":{"rendered":"Tolosa Kantari"},"content":{"rendered":"<p><\/p>\n<p>Tolosa Kantari es una iniciativa puesta en marcha hace ya tres a\u00f1os y medio que, una vez al mes, adorna con canciones las calles de nuestro pueblo. En euskera y completamente abierta, ya que cualquier persona se puede sumar al encuentro que se celebra cada \u00faltimo s\u00e1bado de mes.<\/p>\n<p><a href=\"https:\/\/bonberenea.com\/wp-content\/uploads\/2011\/11\/tolosa_kantari.jpg\"><img decoding=\"async\" class=\"aligncenter  wp-image-1244\" src=\"https:\/\/bonberenea.com\/wp-content\/uploads\/2011\/11\/tolosa_kantari.jpg\" alt=\"tolosa_kantari\" width=\"661\" height=\"430\" srcset=\"https:\/\/www.bonberenea.com\/wp-content\/uploads\/2011\/11\/tolosa_kantari.jpg 886w, https:\/\/www.bonberenea.com\/wp-content\/uploads\/2011\/11\/tolosa_kantari-300x195.jpg 300w, https:\/\/www.bonberenea.com\/wp-content\/uploads\/2011\/11\/tolosa_kantari-663x431.jpg 663w\" sizes=\"(max-width: 661px) 100vw, 661px\" \/><\/a><\/p>\n<p>A ra\u00edz de esto, presentamos el proyecto que ha publicado Bonberenea Ekintzak recientemente: el DVD Tolosa Kantari, que recoge 12 canciones y un reportaje que reflejan fielmente el devenir de uno de los encuentros. El DVD fue grabado en Tolosa el 26 de noviembre de 2011.<\/p>\n<p>Con la participaci\u00f3n del gaztetxe Bonberenea, este DVD recopila los pormenores de una actividad que suscita inter\u00e9s y admiraci\u00f3n en Tolosa y fuera de Tolosa, para disfrutarlo con amigos, familiares o como a uno le plazca, siempre y cuando no deje de acudir a la cita mensual.<\/p>\n<p style=\"text-align: center;\"><iframe width=\"425\" height=\"344\" src=\"http:\/\/www.youtube.com\/embed\/Nzqht4Q7XtY?wmode=transparent\" frameborder=\"0\" allowfullscreen> <\/iframe><\/p>\n<p>&nbsp;<\/p>\n<p>Contacto:<\/p>\n<p>Juan Manuel Zaldua : 622 732 912<\/p>\n<p><\/p>","protected":false},"excerpt":{"rendered":"<p>Tolosa Kantari es una iniciativa puesta en marcha hace ya tres a\u00f1os y medio que, una vez al mes, adorna con canciones las calles de nuestro pueblo. En euskera y completamente abierta, ya que cualquier persona se puede sumar al [&hellip;]<\/p>\n","protected":false},"featured_media":1500,"template":"","meta":{"_exactmetrics_skip_tracking":false,"_exactmetrics_sitenote_active":false,"_exactmetrics_sitenote_note":"","_exactmetrics_sitenote_category":0},"product_cat":[448],"product_tag":[437,442,205,222],"_links":{"self":[{"href":"https:\/\/www.bonberenea.com\/es\/wp-json\/wp\/v2\/product\/4432"}],"collection":[{"href":"https:\/\/www.bonberenea.com\/es\/wp-json\/wp\/v2\/product"}],"about":[{"href":"https:\/\/www.bonberenea.com\/es\/wp-json\/wp\/v2\/types\/product"}],"wp:featuredmedia":[{"embeddable":true,"href":"https:\/\/www.bonberenea.com\/es\/wp-json\/wp\/v2\/media\/1500"}],"wp:attachment":[{"href":"https:\/\/www.bonberenea.com\/es\/wp-json\/wp\/v2\/media?parent=4432"}],"wp:term":[{"taxonomy":"product_cat","embeddable":true,"href":"https:\/\/www.bonberenea.com\/es\/wp-json\/wp\/v2\/product_cat?post=4432"},{"taxonomy":"product_tag","embeddable":true,"href":"https:\/\/www.bonberenea.com\/es\/wp-json\/wp\/v2\/product_tag?post=4432"}],"curies":[{"name":"wp","href":"https:\/\/api.w.org\/{rel}","templated":true}]}}