{"id":4425,"date":"2014-09-06T16:31:11","date_gmt":"2014-09-06T15:31:11","guid":{"rendered":"https:\/\/www.bonberenea.com\/?post_type=product&#038;p=4425"},"modified":"2014-10-31T20:41:08","modified_gmt":"2014-10-31T19:41:08","slug":"matxura","status":"publish","type":"product","link":"https:\/\/www.bonberenea.com\/es\/online-denda\/matxura\/","title":{"rendered":"Matxura"},"content":{"rendered":"<p><\/p>\n<p>&#8220;Todo estaba bien engrasado, o al menos eso cre\u00edan, pero la ro\u00f1a fue avanzando hasta que la m\u00e1quina se trab\u00f3, hasta que todo el sistema se vino abajo&#8230;&#8221;<\/p>\n<p align=\"justify\">MATXURA es un nuevo proyecto musical, aunque formado por miembros conocidos en la escena musical. Mikel Kazalis (ESTIGIA, ANESTESIA, NEGU GORRIAK, 2KATE, KURAIA), Aitor Abio (PILT), Fer Apoa (EL CORAZON DEL SAPO, KURAIA, ESTRICALLA), y Txarly Diaz (CENSURA, ANESTESIA, GUTURAL, WHY NOT?) forman el grupo. Tras pasar los dos ultimos a\u00f1os formando el grupo y creando canciones y grabandolas, el 23 de junio presentar\u00e1n lo que ser\u00e1 su primer disco, bajo el nombre de &#8220;MATXURA&#8221;, con la ayuda del sello &#8220;bonberenea ekintzak&#8221;.<\/p>\n<p><strong><a href=\"https:\/\/bonberenea.com\/wp-content\/uploads\/2014\/09\/Matxura_Promo.jpg\"><img decoding=\"async\" class=\"aligncenter wp-image-4427 \" src=\"https:\/\/bonberenea.com\/wp-content\/uploads\/2014\/09\/Matxura_Promo-1024x386.jpg\" alt=\"Matxura_Promo\" width=\"668\" height=\"252\" srcset=\"https:\/\/www.bonberenea.com\/wp-content\/uploads\/2014\/09\/Matxura_Promo-1024x386.jpg 1024w, https:\/\/www.bonberenea.com\/wp-content\/uploads\/2014\/09\/Matxura_Promo-300x113.jpg 300w, https:\/\/www.bonberenea.com\/wp-content\/uploads\/2014\/09\/Matxura_Promo-890x335.jpg 890w, https:\/\/www.bonberenea.com\/wp-content\/uploads\/2014\/09\/Matxura_Promo-663x250.jpg 663w, https:\/\/www.bonberenea.com\/wp-content\/uploads\/2014\/09\/Matxura_Promo.jpg 1600w\" sizes=\"(max-width: 668px) 100vw, 668px\" \/><\/a><\/strong><\/p>\n<p align=\"justify\">Rock industrial, punk-metal electronico&#8230; a fin de cuentas lo que hacen es rock en\u00e9rgico mezclado con elementos &#8220;electr\u00f3nicos&#8221;, MINISTRY, ATARI TEENAGE RIOT, NINE INCH NAILS, GODFLESH, NAILBOMB, FRONT LINE ASSAMBLY&#8230; pueden estar entre sus influencias, entre otros. Ritmos electr\u00f3nicos potentes, guitarras afiladas, voces distorsionadas, sintetizadores salvajes&#8230; aqu\u00ed llega la averia que parar\u00e1 la maquinaria, aqui llega &#8220;MATXURA&#8221;.<\/p>\n<p style=\"text-align: center;\"><iframe width=\"425\" height=\"344\" src=\"http:\/\/www.youtube.com\/embed\/gSIoE3j26iA?wmode=transparent\" frameborder=\"0\" allowfullscreen> <\/iframe><\/p>\n<p>&nbsp;<\/p>\n<p>&nbsp;<\/p>\n<p>&nbsp;<\/p>\n<p align=\"justify\"><strong>PRODUCTO AGOTADO.<\/strong><\/p>\n<audio class=\"wp-audio-shortcode\" id=\"audio-4425-2\" preload=\"none\" style=\"width: 100%;\" controls=\"controls\"><source type=\"audio\/mpeg\" src=\"https:\/\/bonberenea.com\/wp-content\/uploads\/2014\/09\/Matxura-Matxura.mp3?_=2\" \/><a href=\"https:\/\/bonberenea.com\/wp-content\/uploads\/2014\/09\/Matxura-Matxura.mp3\">https:\/\/bonberenea.com\/wp-content\/uploads\/2014\/09\/Matxura-Matxura.mp3<\/a><\/audio>\n<p><strong>Contacto:<\/strong><\/p>\n<p><a href=\"%20facebook.com\/matxura.taldea\">facebook.com\/matxura.taldea<\/a><\/p>\n<p>Mikel: 656 751 399<\/p>\n<p><\/p>","protected":false},"excerpt":{"rendered":"<p>&#8220;Todo estaba bien engrasado, o al menos eso cre\u00edan, pero la ro\u00f1a fue avanzando hasta que la m\u00e1quina se trab\u00f3, hasta que todo el sistema se vino abajo&#8230;&#8221; MATXURA es un nuevo proyecto musical, aunque formado por miembros conocidos en [&hellip;]<\/p>\n","protected":false},"featured_media":4434,"template":"","meta":{"_exactmetrics_skip_tracking":false,"_exactmetrics_sitenote_active":false,"_exactmetrics_sitenote_note":"","_exactmetrics_sitenote_category":0},"product_cat":[134],"product_tag":[437,442,205,462],"_links":{"self":[{"href":"https:\/\/www.bonberenea.com\/es\/wp-json\/wp\/v2\/product\/4425"}],"collection":[{"href":"https:\/\/www.bonberenea.com\/es\/wp-json\/wp\/v2\/product"}],"about":[{"href":"https:\/\/www.bonberenea.com\/es\/wp-json\/wp\/v2\/types\/product"}],"wp:featuredmedia":[{"embeddable":true,"href":"https:\/\/www.bonberenea.com\/es\/wp-json\/wp\/v2\/media\/4434"}],"wp:attachment":[{"href":"https:\/\/www.bonberenea.com\/es\/wp-json\/wp\/v2\/media?parent=4425"}],"wp:term":[{"taxonomy":"product_cat","embeddable":true,"href":"https:\/\/www.bonberenea.com\/es\/wp-json\/wp\/v2\/product_cat?post=4425"},{"taxonomy":"product_tag","embeddable":true,"href":"https:\/\/www.bonberenea.com\/es\/wp-json\/wp\/v2\/product_tag?post=4425"}],"curies":[{"name":"wp","href":"https:\/\/api.w.org\/{rel}","templated":true}]}}