{"id":4417,"date":"2014-09-06T16:41:32","date_gmt":"2014-09-06T15:41:32","guid":{"rendered":"https:\/\/www.bonberenea.com\/?post_type=product&#038;p=4417"},"modified":"2016-04-16T19:50:39","modified_gmt":"2016-04-16T18:50:39","slug":"bonberenea-ekintzak-2002012-doinuen-hamarkada","status":"publish","type":"product","link":"https:\/\/www.bonberenea.com\/es\/online-denda\/bonberenea-ekintzak-2002012-doinuen-hamarkada\/","title":{"rendered":"Bonberenea Ekintzak 2002012 Doinuen Hamarkada"},"content":{"rendered":"<p>Ya esta a la venta el nuevo libro publicado por Bonberenea, llamado Bonberenea Ekintzak 2002012 Doinuen Hamarkada.<\/p>\n<p>Son ya diez a\u00f1os desde que la plataforma que conocemos como Bonberenea Ekintzak comenzara a dar sus primeros pasos. Dirz a\u00f1os desde que aquella peque\u00f1a bola de nieve empezara a coger velocidad en el estudio improvisado para la grabacion de &#8220;Oztopo guztien gainetik&#8221; hasta convertirse en la avalancha que conocemos.<\/p>\n<p>Por todo ello, Bonberenea Ekintzak viene con una nueva propuesta para el oto\u00f1o, un libro que completa un extenso repaso del recorrido realizado hasta ahora y que lleva por nombre &#8220;Bonberenea Ekintzak 2002012, Doinuen Hamarkada&#8221;. Un homenaje a una decada en torno a las melodias para dar comienzo a otra de la mejor manera posible.<\/p>\n<p>&nbsp;<\/p>\n<p style=\"text-align: center;\">[youtube\u00a0A6TiX-KmNQU]<\/p>\n<p>&nbsp;<\/p>","protected":false},"excerpt":{"rendered":"<p>Ya esta a la venta el nuevo libro publicado por Bonberenea, llamado Bonberenea Ekintzak 2002012 Doinuen Hamarkada. Son ya diez a\u00f1os desde que la plataforma que conocemos como Bonberenea Ekintzak comenzara a dar sus primeros pasos. Dirz a\u00f1os desde que [&hellip;]<\/p>\n","protected":false},"featured_media":4418,"template":"","meta":{"_exactmetrics_skip_tracking":false,"_exactmetrics_sitenote_active":false,"_exactmetrics_sitenote_note":"","_exactmetrics_sitenote_category":0},"product_cat":[498],"product_tag":[456,442,205,219],"_links":{"self":[{"href":"https:\/\/www.bonberenea.com\/es\/wp-json\/wp\/v2\/product\/4417"}],"collection":[{"href":"https:\/\/www.bonberenea.com\/es\/wp-json\/wp\/v2\/product"}],"about":[{"href":"https:\/\/www.bonberenea.com\/es\/wp-json\/wp\/v2\/types\/product"}],"wp:featuredmedia":[{"embeddable":true,"href":"https:\/\/www.bonberenea.com\/es\/wp-json\/wp\/v2\/media\/4418"}],"wp:attachment":[{"href":"https:\/\/www.bonberenea.com\/es\/wp-json\/wp\/v2\/media?parent=4417"}],"wp:term":[{"taxonomy":"product_cat","embeddable":true,"href":"https:\/\/www.bonberenea.com\/es\/wp-json\/wp\/v2\/product_cat?post=4417"},{"taxonomy":"product_tag","embeddable":true,"href":"https:\/\/www.bonberenea.com\/es\/wp-json\/wp\/v2\/product_tag?post=4417"}],"curies":[{"name":"wp","href":"https:\/\/api.w.org\/{rel}","templated":true}]}}