{"id":4410,"date":"2014-09-06T16:38:40","date_gmt":"2014-09-06T15:38:40","guid":{"rendered":"https:\/\/www.bonberenea.com\/?post_type=product&#038;p=4410"},"modified":"2016-04-16T22:30:08","modified_gmt":"2016-04-16T21:30:08","slug":"glaukoma-vol-1","status":"publish","type":"product","link":"https:\/\/www.bonberenea.com\/es\/online-denda\/glaukoma-vol-1\/","title":{"rendered":"Glaukoma &#8211; Vol.1"},"content":{"rendered":"<p><\/p>\n<p>Glaukoma es el nombre del grupo formado en Tolosa mediante la juntura de cinco j\u00f3venes provenientes de distintos puntos de Gipuzkoa (Tolosa, Donostia, Irun). Aunque se mueven con un formato de rock cl\u00e1sico (Bateria, Bajo, 2 guitarras y voz), no hablamos de un grupo cuyo estilo musical se pueda definir como tal. Glaukoma gira entorno a ritmos y melod\u00edas provenientes de Jamaica, porque son \u201cnegros de piel blanca\u201d, tal y como ellos dicen. \u201cEl reggae es la reina y el rap es el rey\u201d. Glaukoma es Rap-reggae.<\/p>\n<p><a href=\"https:\/\/bonberenea.com\/wp-content\/uploads\/2012\/03\/glaukoma.jpg\"><img decoding=\"async\" class=\" wp-image-1638 aligncenter\" src=\"https:\/\/bonberenea.com\/wp-content\/uploads\/2012\/03\/glaukoma.jpg\" alt=\"glaukoma\" width=\"660\" height=\"440\" srcset=\"https:\/\/www.bonberenea.com\/wp-content\/uploads\/2012\/03\/glaukoma.jpg 886w, https:\/\/www.bonberenea.com\/wp-content\/uploads\/2012\/03\/glaukoma-300x200.jpg 300w, https:\/\/www.bonberenea.com\/wp-content\/uploads\/2012\/03\/glaukoma-663x442.jpg 663w\" sizes=\"(max-width: 660px) 100vw, 660px\" \/><\/a><\/p>\n<p>Despu\u00e9s de haber pasado por diversos escenarios a lo largo de los \u00faltimos dos a\u00f1os y de haber colaborado en el recopilatorio que lleva por nombre <em>Sputnik 11,<\/em> llega su primer trabajo, formado por 7 canciones. Publicado bajo el sello de Bonberenea Ekintzak, ha sido grabado, mezclado y masterizado en Bonberenea en marzo del 2012, bajo la direcci\u00f3n de Karlos Osinaga. Presentado en formato CD\/LP y teniendo el reggae y el rap como gu\u00edas, tambi\u00e9n visitan otros estilos, vecinos de los anteriores. Ambiente de roots, dancehall y rap dentro del \u201craggamuffin style\u201d. En ingl\u00e9s, euskera y castellano.<\/p>\n<p style=\"text-align: center;\"><iframe width=\"425\" height=\"344\" src=\"http:\/\/www.youtube.com\/embed\/e__3UNeHjFY?wmode=transparent\" frameborder=\"0\" allowfullscreen> <\/iframe><\/p>\n<p>&nbsp;<\/p>\n<p>&nbsp;<\/p>\n<audio class=\"wp-audio-shortcode\" id=\"audio-4410-2\" preload=\"none\" style=\"width: 100%;\" controls=\"controls\"><source type=\"audio\/mpeg\" src=\"https:\/\/bonberenea.com\/wp-content\/uploads\/2014\/09\/Glaukoma-Itzali-ezin.mp3?_=2\" \/><a href=\"https:\/\/bonberenea.com\/wp-content\/uploads\/2014\/09\/Glaukoma-Itzali-ezin.mp3\">https:\/\/bonberenea.com\/wp-content\/uploads\/2014\/09\/Glaukoma-Itzali-ezin.mp3<\/a><\/audio>\n<p><strong>Contacto:<\/strong><\/p>\n<p><a href=\"http:\/\/www.glaukomaband.com\">www.glaukomaband.com<\/a><\/p>\n<p>Glaukomaband@gmail.com<\/p>\n<p>Julen: 647 024 034<\/p>\n<p><\/p>","protected":false},"excerpt":{"rendered":"<p>Glaukoma es el nombre del grupo formado en Tolosa mediante la juntura de cinco j\u00f3venes provenientes de distintos puntos de Gipuzkoa (Tolosa, Donostia, Irun). Aunque se mueven con un formato de rock cl\u00e1sico (Bateria, Bajo, 2 guitarras y voz), no [&hellip;]<\/p>\n","protected":false},"featured_media":4490,"template":"","meta":{"_exactmetrics_skip_tracking":false,"_exactmetrics_sitenote_active":false,"_exactmetrics_sitenote_note":"","_exactmetrics_sitenote_category":0},"product_cat":[134,451],"product_tag":[456,442,205,449],"_links":{"self":[{"href":"https:\/\/www.bonberenea.com\/es\/wp-json\/wp\/v2\/product\/4410"}],"collection":[{"href":"https:\/\/www.bonberenea.com\/es\/wp-json\/wp\/v2\/product"}],"about":[{"href":"https:\/\/www.bonberenea.com\/es\/wp-json\/wp\/v2\/types\/product"}],"wp:featuredmedia":[{"embeddable":true,"href":"https:\/\/www.bonberenea.com\/es\/wp-json\/wp\/v2\/media\/4490"}],"wp:attachment":[{"href":"https:\/\/www.bonberenea.com\/es\/wp-json\/wp\/v2\/media?parent=4410"}],"wp:term":[{"taxonomy":"product_cat","embeddable":true,"href":"https:\/\/www.bonberenea.com\/es\/wp-json\/wp\/v2\/product_cat?post=4410"},{"taxonomy":"product_tag","embeddable":true,"href":"https:\/\/www.bonberenea.com\/es\/wp-json\/wp\/v2\/product_tag?post=4410"}],"curies":[{"name":"wp","href":"https:\/\/api.w.org\/{rel}","templated":true}]}}