{"id":4409,"date":"2014-09-06T16:39:08","date_gmt":"2014-09-06T15:39:08","guid":{"rendered":"https:\/\/www.bonberenea.com\/?post_type=product&#038;p=4409"},"modified":"2016-04-16T22:30:59","modified_gmt":"2016-04-16T21:30:59","slug":"anai-arrebak","status":"publish","type":"product","link":"https:\/\/www.bonberenea.com\/es\/online-denda\/anai-arrebak\/","title":{"rendered":"Anai arrebak"},"content":{"rendered":"<p><\/p>\n<p>La sociedad est\u00e1 abocada a la perdici\u00f3n. Tocados por la crisis, sin ingresos y sin ilusi\u00f3n, enterradas en casas que no podemos pagar y con internet como \u00fanico entretenimiento y amigo, creemos que estamos conectados, pero no salimos a la calle ni a los garitos y, por tanto, no exteriorizamos nuestras emociones. De la misma manera, el metal, el rock, la electr\u00f3nica, el punk&#8230; est\u00e1n en decadencia, faltos de ilusi\u00f3n, no surge nada nuevo, y los nuevos m\u00fasicos y los aficionados a la m\u00fasica vagan sin rumbo.<\/p>\n<p>En este contexto, varios m\u00fasicos de Pasaia San Juan, cansados de currarse el rock y metal hasta el extremo, deciden crear una logia endog\u00e1mica, y sin poder conseguir esconder sus ra\u00edces \u2013guitarreras y potentes- empiezan a hacer m\u00fasica bailale. La maqueta que autoprodujeron el pasado a\u00f1o \u2013con confetti incluido- fue todo un acontecimiento y trajo viento fresco a la escena musical de Euskal Herria. Adem\u00e1s, los directos realizados posteriormente han servido para hacer bailar y liberarse a borachos, abstemios, politoxic\u00f3manos, punkies, poperos, metaleros y modernos. Este quinteto formado por miembros de Jousilouli, NaizRoxa, Trigger Travis y otras bandas reivindica la m\u00fasica disco, dar color a estos tiempos de blanco y negro, creer firmemente que la incapacidad puede convertirse en \u00e9xito y pone toda su fuerza en el baile.<\/p>\n<p><a href=\"https:\/\/bonberenea.com\/wp-content\/uploads\/2014\/09\/Anai_arrebak.jpg\"><img decoding=\"async\" class=\"aligncenter  wp-image-4963\" src=\"https:\/\/bonberenea.com\/wp-content\/uploads\/2014\/09\/Anai_arrebak-1024x682.jpg\" alt=\"Anai_arrebak\" width=\"661\" height=\"440\" srcset=\"https:\/\/www.bonberenea.com\/wp-content\/uploads\/2014\/09\/Anai_arrebak-1024x682.jpg 1024w, https:\/\/www.bonberenea.com\/wp-content\/uploads\/2014\/09\/Anai_arrebak-300x200.jpg 300w, https:\/\/www.bonberenea.com\/wp-content\/uploads\/2014\/09\/Anai_arrebak-890x593.jpg 890w, https:\/\/www.bonberenea.com\/wp-content\/uploads\/2014\/09\/Anai_arrebak-663x442.jpg 663w, https:\/\/www.bonberenea.com\/wp-content\/uploads\/2014\/09\/Anai_arrebak.jpg 1123w\" sizes=\"(max-width: 661px) 100vw, 661px\" \/><\/a><\/p>\n<p>En este trabajo encontramos post-punk, electr\u00f3nica, soul, rock, funk, pop y algo de latino, adem\u00e1s de sintetizadores y maquinitas. Casi todo vale para imprimir a los temas energ\u00eda, melod\u00edas rotundas y mucho ritmo. As\u00ed, con ayuda de estos hits! de pista de baile, consiguen hacer perder la cabeza y bailar a cualquiera. No obstante, las pistas de baile tienen muchas esquinas de riesgo, por la noche no todos los disfraces son iguales u no olvides que aunque Caperucita est\u00e1 ahora ense\u00f1ando su lado m\u00e1s amable, son muchos los lobos que se ha comido en sus directos.<\/p>\n<p>\u00a1Baila o muere! \u00a1Familia o muerte! \u00a1Baila hasta morir!<\/p>\n<p style=\"text-align: center;\"><iframe width=\"425\" height=\"344\" src=\"http:\/\/www.youtube.com\/embed\/_5wr0L7y_AI?wmode=transparent\" frameborder=\"0\" allowfullscreen> <\/iframe><\/p>\n<p>&nbsp;<\/p>\n<p>&nbsp;<\/p>\n<p>&nbsp;<\/p>\n<audio class=\"wp-audio-shortcode\" id=\"audio-4409-2\" preload=\"none\" style=\"width: 100%;\" controls=\"controls\"><source type=\"audio\/mpeg\" src=\"https:\/\/bonberenea.com\/wp-content\/uploads\/2014\/09\/Anai-arrebak-m.a.i.t.e..mp3?_=2\" \/><a href=\"https:\/\/bonberenea.com\/wp-content\/uploads\/2014\/09\/Anai-arrebak-m.a.i.t.e..mp3\">https:\/\/bonberenea.com\/wp-content\/uploads\/2014\/09\/Anai-arrebak-m.a.i.t.e..mp3<\/a><\/audio>\n<p><strong>Contacto:<\/strong><\/p>\n<p>info@promomusika.com<\/p>\n<p><a href=\"http:\/\/%20www.promomusika.com\">www.promomusika.com<\/a><\/p>\n<p>Promomusika: 653 737 700<\/p>\n<p><\/p>","protected":false},"excerpt":{"rendered":"<p>La sociedad est\u00e1 abocada a la perdici\u00f3n. Tocados por la crisis, sin ingresos y sin ilusi\u00f3n, enterradas en casas que no podemos pagar y con internet como \u00fanico entretenimiento y amigo, creemos que estamos conectados, pero no salimos a la [&hellip;]<\/p>\n","protected":false},"featured_media":4370,"template":"","meta":{"_exactmetrics_skip_tracking":false,"_exactmetrics_sitenote_active":false,"_exactmetrics_sitenote_note":"","_exactmetrics_sitenote_category":0},"product_cat":[134],"product_tag":[456,220,442,205],"_links":{"self":[{"href":"https:\/\/www.bonberenea.com\/es\/wp-json\/wp\/v2\/product\/4409"}],"collection":[{"href":"https:\/\/www.bonberenea.com\/es\/wp-json\/wp\/v2\/product"}],"about":[{"href":"https:\/\/www.bonberenea.com\/es\/wp-json\/wp\/v2\/types\/product"}],"wp:featuredmedia":[{"embeddable":true,"href":"https:\/\/www.bonberenea.com\/es\/wp-json\/wp\/v2\/media\/4370"}],"wp:attachment":[{"href":"https:\/\/www.bonberenea.com\/es\/wp-json\/wp\/v2\/media?parent=4409"}],"wp:term":[{"taxonomy":"product_cat","embeddable":true,"href":"https:\/\/www.bonberenea.com\/es\/wp-json\/wp\/v2\/product_cat?post=4409"},{"taxonomy":"product_tag","embeddable":true,"href":"https:\/\/www.bonberenea.com\/es\/wp-json\/wp\/v2\/product_tag?post=4409"}],"curies":[{"name":"wp","href":"https:\/\/api.w.org\/{rel}","templated":true}]}}