{"id":4403,"date":"2014-09-06T16:43:31","date_gmt":"2014-09-06T15:43:31","guid":{"rendered":"https:\/\/www.bonberenea.com\/?post_type=product&#038;p=4403"},"modified":"2021-04-24T19:42:27","modified_gmt":"2021-04-24T18:42:27","slug":"bad-sound-system-aldaketa","status":"publish","type":"product","link":"https:\/\/www.bonberenea.com\/es\/online-denda\/bad-sound-system-aldaketa\/","title":{"rendered":"Bad sound system &#8211; Aldaketa"},"content":{"rendered":"<p>Si hay un grupo en Euskal Herria que ha entendido y asumido la cultura jamaicana y su forma de hacer musica, ese grupo es Bad Sound System. Pioneros de la escena vasca de Hip Hop y Reggae, se han convertido en obligado referente para quien ama estos estilos a lo largo de su productiva trayectoria, que dura ya 10 a\u00f1os. Famosos por sus intensos directos, son pocos los escenarios a\u00fan no conquistados en nuestro pa\u00eds por este grupo reconvertido en tr\u00edo. En su incontable lista de actuaciones, podr\u00edamos destacar las realizadas fuera de EH: Francia, Catalunya, Galicia, Andaluc\u00eda\u2026 Sin olvidar las giras realizadas en Mexico y Jap\u00f3n en 2010 y 2011, respectivamente. Tambi\u00e9n cabe se\u00f1alar su aparici\u00f3n en el escenario dancehall del festival Rototom Sunsplash en 2010, uno de los festivales de reggae m\u00e1s importantes de Europa.<\/p>\n<p>Adem\u00e1s de ello, debemos nombrar las colaboraciones y relaciones que desde siempre han mantenido con otros m\u00fasicos, grupos y DJs, tanto en EH como a nivel internacional:\u00a0 Rude Hi Fi (Bologna-Dressden), ASK(EH), Fermin Muguruza(EH), Sorkun(EH), Lengualerta(Mexiko), Mungo\u00b4s Hi Fi (Escocia), Fogata Sound(Paris), Illbilly Hitec(Berlin), Jage(RubaDubMarket\/Japon)\u2026 En 2006 crean la plataforma Zu2ak, con la intenci\u00f3n de promover la cultura del reggae en Euskal Herria y, sobre todo, en la comarca del Bidasoa. Gracias a ella, los seguidores locales de este estilo han podido disfrutar de diversas actuaciones de MCs, DJs y Sound Systems provenientes de distintos pa\u00edses.<\/p>\n<p><a href=\"https:\/\/bonberenea.com\/wp-content\/uploads\/2014\/09\/Bad-sound-system-Aldaketa.jpg\"><img decoding=\"async\" class=\"aligncenter size-full wp-image-4875\" src=\"https:\/\/bonberenea.com\/wp-content\/uploads\/2014\/09\/Bad-sound-system-Aldaketa.jpg\" alt=\"Bad sound system - Aldaketa\" width=\"650\" height=\"390\" srcset=\"https:\/\/www.bonberenea.com\/wp-content\/uploads\/2014\/09\/Bad-sound-system-Aldaketa.jpg 650w, https:\/\/www.bonberenea.com\/wp-content\/uploads\/2014\/09\/Bad-sound-system-Aldaketa-300x180.jpg 300w\" sizes=\"(max-width: 650px) 100vw, 650px\" \/><\/a><\/p>\n<p>El primer trabajo del grupo, \u201cBuiaka\u201d, fue grabado en directo en un concierto de la sala Zambra y publicado por Kontrakalea\/Metak en 2004. En 2008 vio la luz el segundo, \u201cKalean\u201d, en este caso gracias a la colaboracion entre Zu2ak y Talka. El pr\u00f3ximo 5 de diciembre se publicar\u00e1 su tercer LP, \u201cAldaketa\u201d (\u201cCambio\u201d en Euskera), bajo el sello Bonberenea Ekintzak. Queda claro el mensaje del grupo para la era en la que el capitalismo ha sufrido su derrota m\u00e1s clamorosa.<\/p>\n<p>En este disco, el oyente se encontrar\u00e1 con 12 temas cargados con la misma fuerza de siempre, dispuestos a hacer bailar las conciencias. Desde la directa denuncia hacia quienes han provocado la crisis de \u201cBeti berdin\u201d hasta la alabanza del poder de la palabra en \u201cWord, Sound and Power\u201d, realizada con las colaboraciones de Lengualerta y Rude Hi Fi, pasando por \u201cRsistentzia\u201d (canci\u00f3n que muestra el orgullo de barrio, en homenaje al m\u00edtico barrio Mosku de Ir\u00fan) y \u201cherri denak aske\u201d (canci\u00f3n internacionalista en favor de la lucha de los pueblos por su libertad). Los ritmos tambi\u00e9n son variados y firmados por distintos productores: Hugo (Spartak-Fogata Sound), Dario (Bahatawi Records), Illbilly Hitec (Berlin), Dj Mau y Selektah Stepi (BAD Sound System), Weedy G, Jahtari, Jon Elizalde(Jontron), Santi Noriega(Bajo), Kortxo eta Mikel (Txalapartariak),Ras Miguel\u2026 Todos ellos a ritmo de rap, reggae y dancehall ,inmejorables paisajes musicales para los MCs Masta y Kenitra. El dise\u00f1o de \u201cAldaketa\u201d, que ilustra a la perfecci\u00f3n el mensaje de la banda, corre a cargo del artista mexicano Punker (Rebel Sounds) y como en el disco anterior la mezcla y la masterizacion han ido a cargo de Maikel de MIK studio, en Bera.<\/p>\n<p>La relaci\u00f3n entre Bad Sound System y Bonberenea Ekintzak no es casualidad, sino fruto de un trabajo y una amistad de muchos a\u00f1os, que se ha visto reflejada en la publicaci\u00f3n del disco \u201cAldaketa\u201d. Bad Sound System tiene claro cu\u00e1l es su lugar y tiene claro que no est\u00e1 al lado del capital. sino enfrente suyo. Nuff respect to Masta, Kenitra &amp; Stepi. Esto es Bad Sound System\u2026 ALDAKETA.<\/p>\n<p style=\"text-align: center;\"><iframe width=\"425\" height=\"344\" src=\"http:\/\/www.youtube.com\/embed\/smtpYrNZDpk?wmode=transparent\" frameborder=\"0\" allowfullscreen> <\/iframe><\/p>\n<p>&nbsp;<\/p>\n<p><audio class=\"wp-audio-shortcode\" id=\"audio-4403-2\" preload=\"none\" style=\"width: 100%;\" controls=\"controls\"><source type=\"audio\/mpeg\" src=\"https:\/\/bonberenea.com\/wp-content\/uploads\/2014\/09\/Bad-Sound-System-Beti-Berdin.mp3?_=2\" \/><a href=\"https:\/\/bonberenea.com\/wp-content\/uploads\/2014\/09\/Bad-Sound-System-Beti-Berdin.mp3\">https:\/\/bonberenea.com\/wp-content\/uploads\/2014\/09\/Bad-Sound-System-Beti-Berdin.mp3<\/a><\/audio><\/p>","protected":false},"excerpt":{"rendered":"<p>Si hay un grupo en Euskal Herria que ha entendido y asumido la cultura jamaicana y su forma de hacer musica, ese grupo es Bad Sound System. Pioneros de la escena vasca de Hip Hop y Reggae, se han convertido [&hellip;]<\/p>\n","protected":false},"featured_media":4389,"template":"","meta":{"_exactmetrics_skip_tracking":false,"_exactmetrics_sitenote_active":false,"_exactmetrics_sitenote_note":"","_exactmetrics_sitenote_category":0},"product_cat":[134],"product_tag":[456,442,217,205],"_links":{"self":[{"href":"https:\/\/www.bonberenea.com\/es\/wp-json\/wp\/v2\/product\/4403"}],"collection":[{"href":"https:\/\/www.bonberenea.com\/es\/wp-json\/wp\/v2\/product"}],"about":[{"href":"https:\/\/www.bonberenea.com\/es\/wp-json\/wp\/v2\/types\/product"}],"wp:featuredmedia":[{"embeddable":true,"href":"https:\/\/www.bonberenea.com\/es\/wp-json\/wp\/v2\/media\/4389"}],"wp:attachment":[{"href":"https:\/\/www.bonberenea.com\/es\/wp-json\/wp\/v2\/media?parent=4403"}],"wp:term":[{"taxonomy":"product_cat","embeddable":true,"href":"https:\/\/www.bonberenea.com\/es\/wp-json\/wp\/v2\/product_cat?post=4403"},{"taxonomy":"product_tag","embeddable":true,"href":"https:\/\/www.bonberenea.com\/es\/wp-json\/wp\/v2\/product_tag?post=4403"}],"curies":[{"name":"wp","href":"https:\/\/api.w.org\/{rel}","templated":true}]}}