{"id":4398,"date":"2014-09-06T16:45:02","date_gmt":"2014-09-06T15:45:02","guid":{"rendered":"https:\/\/www.bonberenea.com\/?post_type=product&#038;p=4398"},"modified":"2018-04-21T21:47:06","modified_gmt":"2018-04-21T20:47:06","slug":"bonberenea-txaranga-2003-2013-etxean-zuzenean","status":"publish","type":"product","link":"https:\/\/www.bonberenea.com\/es\/online-denda\/bonberenea-txaranga-2003-2013-etxean-zuzenean\/","title":{"rendered":"Bonberenea Txaranga 2003-2013 \u201c\u2026Etxean, zuzenean!\u201d"},"content":{"rendered":"<p>Se dice que cuando alguien cumple a\u00f1os se debe celebrar debidamente. Este es el caso de Bonberenea Txaranga, el cual cumplir\u00e1 este a\u00f1o 10 a\u00f1os desde su creaci\u00f3n. El grupo celebrar\u00e1 su aniversario como mejor sabe, lanzando un nuevo trabajo para sus seguidores.<\/p>\n<p>La \u00faltima d\u00e9cada ha sido muy fruct\u00edfera para la charanga, ya que aparte de desenfundar los instrumentos en muchos lugares de la geograf\u00eda vasca, ha elaborado muchos proyectos. La pasi\u00f3n del grupo consta en ense\u00f1ar al mundo todos los sentimientos que sus integrantes viven en cada momento, por esta circunstancia se pens\u00f3 que era imprescindible elaborar un trabajo donde se pudieran reunir todos aquellos momentos emocionantes y felices vividos durante estos a\u00f1os. Por ello, esta cuadrilla de amigos decidi\u00f3 ofrecer fuera de las calles una actuaci\u00f3n \u201cfresca\u201d y \u201cfuerte\u201d convirti\u00e9ndose en un grupo de conciertos, el cual reflejar\u00eda todos aquellos momentos vividos.<\/p>\n<p><a href=\"https:\/\/bonberenea.com\/wp-content\/uploads\/2012\/07\/txaranga-web.jpg\"><img decoding=\"async\" class=\"aligncenter wp-image-1895\" src=\"https:\/\/bonberenea.com\/wp-content\/uploads\/2012\/07\/txaranga-web.jpg\" alt=\"txaranga web\" width=\"662\" height=\"260\" srcset=\"https:\/\/www.bonberenea.com\/wp-content\/uploads\/2012\/07\/txaranga-web.jpg 799w, https:\/\/www.bonberenea.com\/wp-content\/uploads\/2012\/07\/txaranga-web-300x118.jpg 300w, https:\/\/www.bonberenea.com\/wp-content\/uploads\/2012\/07\/txaranga-web-663x260.jpg 663w\" sizes=\"(max-width: 662px) 100vw, 662px\" \/><\/a><\/p>\n<p>As\u00ed, estamos ante el DVD llamado \u201cBonberenea Txaranga 2003-2013\u2026 Etxean, Zuzenean!\u201d (En casa, en directo) donde se recoge dicho evento. En esta actuaci\u00f3n, aparte de otras obras significativas, se podr\u00e1 disfrutar de las canciones alegres del primer disco \u201cBonberenea Txaranga\u201d y de las duras melod\u00edas del segundo disco \u201cRocka eta Urrezko Komona\u201d. El concierto, el cual est\u00e1 completado por 17 canciones, se celebr\u00f3 en el gaztetxe Bonberenea, sobre un escenario dise\u00f1ado expresamente para la ocasi\u00f3n. De este modo, estamos ante un trabajo producido \u00edntegramente en dicho recinto.<\/p>\n<p>Adem\u00e1s del concierto, el DVD contiene un reportaje en el que se hace un resumen de todas las vivencias acontecidas durante estos 10 a\u00f1os. En \u00e9l, se juntan los testimonios de algunos miembros de la charanga y de personas muy ligadas al grupo, junto a las im\u00e1genes recopiladas durante los todos estos a\u00f1os.<\/p>\n<p>\u00a1Buen provecho!<\/p>\n<p style=\"text-align: center;\"><iframe width=\"425\" height=\"344\" src=\"http:\/\/www.youtube.com\/embed\/eiT3pFdrg-0?wmode=transparent\" frameborder=\"0\" allowfullscreen> <\/iframe><\/p>\n<p>&nbsp;<\/p>\n<p><strong>Contacto:<\/strong><br \/>\ninfo@bonberenea.com<br \/>\nMattin 620 778 618<\/p>","protected":false},"excerpt":{"rendered":"<p>Se dice que cuando alguien cumple a\u00f1os se debe celebrar debidamente. Este es el caso de Bonberenea Txaranga, el cual cumplir\u00e1 este a\u00f1o 10 a\u00f1os desde su creaci\u00f3n. El grupo celebrar\u00e1 su aniversario como mejor sabe, lanzando un nuevo trabajo [&hellip;]<\/p>\n","protected":false},"featured_media":4347,"template":"","meta":{"_exactmetrics_skip_tracking":false,"_exactmetrics_sitenote_active":false,"_exactmetrics_sitenote_note":"","_exactmetrics_sitenote_category":0},"product_cat":[448],"product_tag":[447,442,205,460],"_links":{"self":[{"href":"https:\/\/www.bonberenea.com\/es\/wp-json\/wp\/v2\/product\/4398"}],"collection":[{"href":"https:\/\/www.bonberenea.com\/es\/wp-json\/wp\/v2\/product"}],"about":[{"href":"https:\/\/www.bonberenea.com\/es\/wp-json\/wp\/v2\/types\/product"}],"wp:featuredmedia":[{"embeddable":true,"href":"https:\/\/www.bonberenea.com\/es\/wp-json\/wp\/v2\/media\/4347"}],"wp:attachment":[{"href":"https:\/\/www.bonberenea.com\/es\/wp-json\/wp\/v2\/media?parent=4398"}],"wp:term":[{"taxonomy":"product_cat","embeddable":true,"href":"https:\/\/www.bonberenea.com\/es\/wp-json\/wp\/v2\/product_cat?post=4398"},{"taxonomy":"product_tag","embeddable":true,"href":"https:\/\/www.bonberenea.com\/es\/wp-json\/wp\/v2\/product_tag?post=4398"}],"curies":[{"name":"wp","href":"https:\/\/api.w.org\/{rel}","templated":true}]}}