{"id":4343,"date":"2014-09-06T16:47:13","date_gmt":"2014-09-06T15:47:13","guid":{"rendered":"https:\/\/www.bonberenea.com\/?post_type=product&#038;p=4343"},"modified":"2015-03-04T12:20:41","modified_gmt":"2015-03-04T11:20:41","slug":"humus-saurius","status":"publish","type":"product","link":"https:\/\/www.bonberenea.com\/es\/online-denda\/humus-saurius\/","title":{"rendered":"Humus &#8211; Saurius"},"content":{"rendered":"<p><strong>H<\/strong>umus nos presenta su quinto disco, SAURIUS (si alquien en su d\u00eda les hubiera dicho que har\u00edan cinco, no lo hubieran creido). Como es habitual en el grupo, aunque siguen una linea, se perciben cambios de un disco a otro. En \u00e9ste nuevo trabajo, aunque los ritmos son m\u00e1s simples, se han convertido en m\u00e1s potentes que nunca; los dibujos y melod\u00edas de la guitarra, terreno desconocido hasta ahora, han tomado gran protagonismo.<\/p>\n<div id=\"stcpDiv\">\n<p><a href=\"https:\/\/bonberenea.com\/wp-content\/uploads\/2013\/04\/HMSweb1.jpg\"><img decoding=\"async\" class=\"alignleft wp-image-2426 \" src=\"https:\/\/bonberenea.com\/wp-content\/uploads\/2013\/04\/HMSweb1-1024x574.jpg\" alt=\"Humus\" width=\"662\" height=\"371\" \/><\/a><\/p>\n<p>&nbsp;<\/p>\n<p>&nbsp;<\/p>\n<p>&nbsp;<\/p>\n<p>&nbsp;<\/p>\n<p>&nbsp;<\/p>\n<p>&nbsp;<\/p>\n<p>&nbsp;<\/p>\n<p>&nbsp;<\/p>\n<p>&nbsp;<\/p>\n<p>&nbsp;<\/p>\n<p>&nbsp;<\/p>\n<p>&nbsp;<\/p>\n<p>Que el grupo de Bonberenea ha estado c\u00f3modo en su estudio se nota en el resultado final del disco. Lo que \u00e9ste cuarteto nos propone: fuerza, experiencia y la voz de Natalia, reflejo de la identidad del grupo, garra, garra y garra.<\/p>\n<p><strong>\u00a0<\/strong><\/p>\n<p style=\"text-align: center;\"><iframe width=\"425\" height=\"344\" src=\"http:\/\/www.youtube.com\/embed\/UtpRDXgBo?wmode=transparent\" frameborder=\"0\" allowfullscreen> <\/iframe><\/p>\n<p>&nbsp;<\/p>\n<p>&nbsp;<\/p>\n<\/div>\n<audio class=\"wp-audio-shortcode\" id=\"audio-4343-2\" preload=\"none\" style=\"width: 100%;\" controls=\"controls\"><source type=\"audio\/mpeg\" src=\"https:\/\/bonberenea.com\/wp-content\/uploads\/2014\/09\/Humus-Urratsen-bila.mp3?_=2\" \/><a href=\"https:\/\/bonberenea.com\/wp-content\/uploads\/2014\/09\/Humus-Urratsen-bila.mp3\">https:\/\/bonberenea.com\/wp-content\/uploads\/2014\/09\/Humus-Urratsen-bila.mp3<\/a><\/audio>\n<p><strong>Contacto:<\/strong><\/p>\n<p>Humusinside@gmail.com<\/p>\n<p><a href=\"www.facebook.com\/humus.tolosa\">www.facebook.com\/humus.tolosa<\/a><\/p>\n<p>Mantxi: 656 726 164<\/p>","protected":false},"excerpt":{"rendered":"<p>Humus nos presenta su quinto disco, SAURIUS (si alquien en su d\u00eda les hubiera dicho que har\u00edan cinco, no lo hubieran creido). Como es habitual en el grupo, aunque siguen una linea, se perciben cambios de un disco a otro. [&hellip;]<\/p>\n","protected":false},"featured_media":4344,"template":"","meta":{"_exactmetrics_skip_tracking":false,"_exactmetrics_sitenote_active":false,"_exactmetrics_sitenote_note":"","_exactmetrics_sitenote_category":0},"product_cat":[134],"product_tag":[447,442,205,455],"_links":{"self":[{"href":"https:\/\/www.bonberenea.com\/es\/wp-json\/wp\/v2\/product\/4343"}],"collection":[{"href":"https:\/\/www.bonberenea.com\/es\/wp-json\/wp\/v2\/product"}],"about":[{"href":"https:\/\/www.bonberenea.com\/es\/wp-json\/wp\/v2\/types\/product"}],"wp:featuredmedia":[{"embeddable":true,"href":"https:\/\/www.bonberenea.com\/es\/wp-json\/wp\/v2\/media\/4344"}],"wp:attachment":[{"href":"https:\/\/www.bonberenea.com\/es\/wp-json\/wp\/v2\/media?parent=4343"}],"wp:term":[{"taxonomy":"product_cat","embeddable":true,"href":"https:\/\/www.bonberenea.com\/es\/wp-json\/wp\/v2\/product_cat?post=4343"},{"taxonomy":"product_tag","embeddable":true,"href":"https:\/\/www.bonberenea.com\/es\/wp-json\/wp\/v2\/product_tag?post=4343"}],"curies":[{"name":"wp","href":"https:\/\/api.w.org\/{rel}","templated":true}]}}