{"id":4324,"date":"2014-09-06T16:51:56","date_gmt":"2014-09-06T15:51:56","guid":{"rendered":"https:\/\/www.bonberenea.com\/?post_type=product&#038;p=4324"},"modified":"2015-03-04T12:18:01","modified_gmt":"2015-03-04T11:18:01","slug":"napoka-iria-arnasten-ikasten-berriz","status":"publish","type":"product","link":"https:\/\/www.bonberenea.com\/es\/online-denda\/napoka-iria-arnasten-ikasten-berriz\/","title":{"rendered":"Napoka Iria &#8220;Arnasten Ikasten Berriz&#8221;"},"content":{"rendered":"<p><\/p>\n<p><strong>Ventajas de lo aut\u00e9ntico<\/strong><\/p>\n<p>\u201cNo tiene nada que demostrar, por eso sale tan bien\u201d. Aquel tipo barbudo y gre\u00f1oso en el estudio fotogr\u00e1fico, quieto, tranquilo, sin sonrisas t\u00edmidas, ni gestos raros ni poses. Qu\u00e9 m\u00e1s da tener una c\u00e1mara en fente, no fruncir\u00eda el ce\u00f1o ni aunque fuera un pelot\u00f3n de fusilamiento. Dos, tres, y cuatro flashes, fin de la sesi\u00f3n, todo viento en popa; aquella ma\u00f1ana aprend\u00ed que lo aut\u00e9ntico tambi\u00e9n tiene ventajas est\u00e9ticas. \u201cAs\u00ed da gusto\u201d, dijo el fot\u00f3grafo.<\/p>\n<p>Napoka Iria, dir\u00eda yo, ha ido al estudio con la actitud de aquel tipo, y se nota. Se han hecho un retrato en <em>Arnasten ikasteko berriz<\/em> y no hay sonrisas t\u00edmidas, no hay gestos raros, no hay poses. El d\u00fao mantiene la misma base; son ellos sin duda, la foto no miente. Pero, \u00bfse han cambiado de ropa, o de peinado, o algo? Ah, no, son las voces, las melod\u00edas bailan en intervalos m\u00e1s cortos; y la tensi\u00f3n antes acumulada en ciertos puntos de las canciones se encuentra ahora m\u00e1s dispersa; los arreglos son m\u00e1s atmosf\u00e9ricos y en general, creo que se inclinan m\u00e1s al sonido indie-folk. Expresan m\u00e1s con menos, o aprovechando el t\u00edtulo de la pen\u00faltima canci\u00f3n, <em>Erantziz jantzi<\/em>, se han desvestido para volverse a vestir.<\/p>\n<p><a href=\"https:\/\/bonberenea.com\/wp-content\/uploads\/2014\/09\/Napokairia2013.jpg\"><img decoding=\"async\" class=\"aligncenter size-full wp-image-4315\" src=\"https:\/\/bonberenea.com\/wp-content\/uploads\/2014\/09\/Napokairia2013.jpg\" alt=\"Napokairia2013\" width=\"550\" height=\"365\" srcset=\"https:\/\/www.bonberenea.com\/wp-content\/uploads\/2014\/09\/Napokairia2013.jpg 550w, https:\/\/www.bonberenea.com\/wp-content\/uploads\/2014\/09\/Napokairia2013-300x199.jpg 300w\" sizes=\"(max-width: 550px) 100vw, 550px\" \/><\/a><\/p>\n<p>Y luego est\u00e1n los detalles: el ara\u00f1azo el\u00e9ctrico que cierra <em>Izotzetan erre<\/em>; el ritmo de bater\u00eda que lleva m\u00e1s y m\u00e1s lejos el tema <em>Disonantziak<\/em>, acompa\u00f1ado de ese punteo des\u00e9rtico; el riff de <em>Kontra<\/em>, todo un viaje a los 90; o esa conversaci\u00f3n entre el fondo ruidista y el arpegio ac\u00fastico en <em>Erantziz jantzi<\/em>. Han cuidado los detalles, se nota.<\/p>\n<p>En cuanto al concepto, tambi\u00e9n hay una evoluci\u00f3n, comenzando por el ambiente ahogado y asf\u00e1ltico de <em>Etxeorratz<\/em> al tema que cierra el disco, <em>Distantziatik<\/em>, en el que Miren y Ander andan descalzos en el bosque, \u201cbaso bihotzean ortozik\u201d. Cuando el CD ha dejado de girar ya han caminado hasta gastar las aceras y encontrar la hierba que habita debajo. Y tu, escuch\u00e1ndoles, ni te has dado cuenta del proceso. Es porque lo han hecho bien. Ventajas de lo aut\u00e9ntico.<\/p>\n<p>&nbsp;<\/p>\n<p style=\"text-align: center;\"><iframe width=\"425\" height=\"344\" src=\"http:\/\/www.youtube.com\/embed\/hKFQdFWi0fE?wmode=transparent\" frameborder=\"0\" allowfullscreen> <\/iframe><\/p>\n<p style=\"text-align: center;\"><iframe width=\"425\" height=\"344\" src=\"http:\/\/www.youtube.com\/embed\/Rp4yeaD2_u4?wmode=transparent\" frameborder=\"0\" allowfullscreen> <\/iframe><\/p>\n<p>&nbsp;<\/p>\n<p>&nbsp;<\/p>\n<p>&nbsp;<\/p>\n<audio class=\"wp-audio-shortcode\" id=\"audio-4324-2\" preload=\"none\" style=\"width: 100%;\" controls=\"controls\"><source type=\"audio\/mpeg\" src=\"https:\/\/bonberenea.com\/wp-content\/uploads\/2014\/09\/Napoka-Iria-Etxeorratzak.mp3?_=2\" \/><a href=\"https:\/\/bonberenea.com\/wp-content\/uploads\/2014\/09\/Napoka-Iria-Etxeorratzak.mp3\">https:\/\/bonberenea.com\/wp-content\/uploads\/2014\/09\/Napoka-Iria-Etxeorratzak.mp3<\/a><\/audio>\n<p><strong>Contacto:<\/strong><\/p>\n<p>Info@promomusika.com<\/p>\n<p><a href=\"%20www.promomusika.com\">www.promomusika.com<\/a><\/p>\n<p>Promomusika: 653 737\u00a0 700<\/p>\n<p>&nbsp;<\/p>\n<p>&nbsp;<\/p>\n<p>&nbsp;<\/p>\n<p><\/p>","protected":false},"excerpt":{"rendered":"<p>Ventajas de lo aut\u00e9ntico \u201cNo tiene nada que demostrar, por eso sale tan bien\u201d. Aquel tipo barbudo y gre\u00f1oso en el estudio fotogr\u00e1fico, quieto, tranquilo, sin sonrisas t\u00edmidas, ni gestos raros ni poses. Qu\u00e9 m\u00e1s da tener una c\u00e1mara en [&hellip;]<\/p>\n","protected":false},"featured_media":4326,"template":"","meta":{"_exactmetrics_skip_tracking":false,"_exactmetrics_sitenote_active":false,"_exactmetrics_sitenote_note":"","_exactmetrics_sitenote_category":0},"product_cat":[134],"product_tag":[447,442,205,208],"_links":{"self":[{"href":"https:\/\/www.bonberenea.com\/es\/wp-json\/wp\/v2\/product\/4324"}],"collection":[{"href":"https:\/\/www.bonberenea.com\/es\/wp-json\/wp\/v2\/product"}],"about":[{"href":"https:\/\/www.bonberenea.com\/es\/wp-json\/wp\/v2\/types\/product"}],"wp:featuredmedia":[{"embeddable":true,"href":"https:\/\/www.bonberenea.com\/es\/wp-json\/wp\/v2\/media\/4326"}],"wp:attachment":[{"href":"https:\/\/www.bonberenea.com\/es\/wp-json\/wp\/v2\/media?parent=4324"}],"wp:term":[{"taxonomy":"product_cat","embeddable":true,"href":"https:\/\/www.bonberenea.com\/es\/wp-json\/wp\/v2\/product_cat?post=4324"},{"taxonomy":"product_tag","embeddable":true,"href":"https:\/\/www.bonberenea.com\/es\/wp-json\/wp\/v2\/product_tag?post=4324"}],"curies":[{"name":"wp","href":"https:\/\/api.w.org\/{rel}","templated":true}]}}