{"id":4270,"date":"2014-09-06T16:53:51","date_gmt":"2014-09-06T15:53:51","guid":{"rendered":"https:\/\/www.bonberenea.com\/?post_type=product&#038;p=4270"},"modified":"2016-04-16T18:51:02","modified_gmt":"2016-04-16T17:51:02","slug":"hala-bedi-irratia-30-urte-kolpez-kolpe","status":"publish","type":"product","link":"https:\/\/www.bonberenea.com\/es\/online-denda\/hala-bedi-irratia-30-urte-kolpez-kolpe\/","title":{"rendered":"Hala Bedi Irratia \u201c30 urte Kolpez Kolpe\u201d"},"content":{"rendered":"<p>Hala Bedi Irratia naci\u00f3 en 1983 y para celebrarlo hemos querido visualizar sus 30 a\u00f1os de historia, y recogerla en este libro que contiene im\u00e1genes, documentos hist\u00f3ricos y una colecci\u00f3n de ilustraciones y comics hechos para la ocasi\u00f3n. Acompa\u00f1ando al libro, tenemos un documental que completa el recorrido y el funcionamiento diario de la radio. Con ambas cosas queremos hacer un homenaje a las personas y asociaciones que, trabajando a trav\u00e9s de la autogesti\u00f3n y el asamblearismo, han hecho posible Hala Bedi.<\/p>\n<p><strong>El libro.<\/strong><\/p>\n<p>La historia de Hala Bedi la escribi\u00f3 <strong>Iker Saenz de Argando\u00f1a<\/strong> siete a\u00f1os antes, pero no lleg\u00f3 a publicarse. Esa historia, revisada y completada, es la que presenta este libro , junto a carteles de cada \u00e9poca, documentos historicos y fotos. En sus p\u00e1ginas, tanto en euskera como en castellano, podemos leer de forma r\u00e1pida y amena sobre el nacimiento de la radio, los conciertos organizados, los cierres y detenciones, las discusiones ideol\u00f3gicas, la evoluci\u00f3n del euskera, el quebradero de cabeza de las licencias, la nueva emisi\u00f3n integra en euskera\u2026<\/p>\n<p>Aparte de la historia de la radio, tendremos conocimiento de la historia de los movimientos sociales. Se mencionan una l\u00ednea de acontecimientos clave que nos ayudaran a comprender mejor la evoluci\u00f3n sociopol\u00edtica de Gasteiz y Araba. La explosi\u00f3n de la Virgen Blanca, las manifas ateas o el papel del Gaztetxe , entre otras cosas, nos ayudar\u00e1n a conseguir una fiel radiograf\u00eda de la historia de Gasteiz.<\/p>\n<p>Queremos subrayar las ilustraciones y vi\u00f1etas que se han hecho para la publicaci\u00f3n del libro. Han sido 12 dibujantes los que nos han ayudado en este proyecto. Cada dibujante ha reflejado con gran imaginaci\u00f3n un tramo hist\u00f3rico o un aspecto concreto de Hala Bedi irratia. Los artistas han sido:<strong><em> Tasio<\/em><\/strong><strong>, Eider Eibar, Patxi Garc\u00eda, <\/strong><strong><em>Montxo<\/em><\/strong><strong>, <\/strong><strong>Aritz Cordoba <em>Txepe<\/em><\/strong><strong>, Borxa, Egoitz <em>OjodeKuervo<\/em><\/strong><strong>, I\u00f1igo Diaux, Mundina, Iban Izagirre, Shukare Otero y Markos Gimeno.<\/strong><\/p>\n<p>&nbsp;<\/p>\n<p><strong>El documental.<\/strong><\/p>\n<p>El documental enlaza la historia, el trabajo diario de la radio y la ficci\u00f3n. Trabajando como director hemos tenido al periodista <strong>Oskar Ba\u00f1uelos<\/strong>; en la parte de ficci\u00f3n a <strong>Asier Ugarte<\/strong> y en la grabaci\u00f3n y edici\u00f3n a la comisi\u00f3n de <strong>Halabideo<\/strong>.<\/p>\n<p>Por una parte, el documental hace seguimiento de la evoluci\u00f3n hist\u00f3rica, empezando con entrevistas a las primeras participantes de la radio y terminando con la gente que colabora actualmente en la radio. Para a\u00f1adir un toque de humor halabediano, hemos metido unas partes ficcionadas durante el desarrollo del documental. Por otra parte, tambi\u00e9n encontraremos entrevistas a las locutoras de los programas de Hala Bedi.<\/p>\n<p>Ejerciendo el trabajo de periodistas y entrevistando a los miembros de la radio, tenemos una colaboraci\u00f3n especial de <strong>Fermin Muguruza, Jon Maia, Mariano Ferrer, I\u00f1aki Ortiz de Villalba <\/strong>y<strong> Txerra Bolinaga<\/strong>.<\/p>\n<p>Comentar que el DVD del documental tambi\u00e9n tiene varios extras. Aparte del <em>making of<\/em>, podemos encontrar algunas grabaciones hist\u00f3ricas (d\u00eda del cierre de Egin y Euskaldunon Egunkaria y la ficci\u00f3n del accidente nuclear de Garo\u00f1a) y una selecci\u00f3n de audios del programa historico <em>Una Hora Tarde<\/em>. Entre los audios de UHT est\u00e1 el CD que se public\u00f3 y una nutrida selecci\u00f3n de historietas y anuncios del programa.<\/p>\n<p>Por \u00faltimo, agradecer a todas las personas que han ayudado a hacer este proyecto, especialmente a Bonberenea, ya que nos han ofrecido toda su ayuda.<\/p>\n<p><strong>Contacto:<\/strong><\/p>\n<p><a href=\"www.halabedi.org\">www.halabedi.org<\/a><\/p>\n<p>halabelarriak@gmail.com<\/p>\n<p>&nbsp;<\/p>\n<p>&nbsp;<\/p>","protected":false},"excerpt":{"rendered":"<p>Hala Bedi Irratia naci\u00f3 en 1983 y para celebrarlo hemos querido visualizar sus 30 a\u00f1os de historia, y recogerla en este libro que contiene im\u00e1genes, documentos hist\u00f3ricos y una colecci\u00f3n de ilustraciones y comics hechos para la ocasi\u00f3n. Acompa\u00f1ando al [&hellip;]<\/p>\n","protected":false},"featured_media":4286,"template":"","meta":{"_exactmetrics_skip_tracking":false,"_exactmetrics_sitenote_active":false,"_exactmetrics_sitenote_note":"","_exactmetrics_sitenote_category":0},"product_cat":[494],"product_tag":[447,442,205,207],"_links":{"self":[{"href":"https:\/\/www.bonberenea.com\/es\/wp-json\/wp\/v2\/product\/4270"}],"collection":[{"href":"https:\/\/www.bonberenea.com\/es\/wp-json\/wp\/v2\/product"}],"about":[{"href":"https:\/\/www.bonberenea.com\/es\/wp-json\/wp\/v2\/types\/product"}],"wp:featuredmedia":[{"embeddable":true,"href":"https:\/\/www.bonberenea.com\/es\/wp-json\/wp\/v2\/media\/4286"}],"wp:attachment":[{"href":"https:\/\/www.bonberenea.com\/es\/wp-json\/wp\/v2\/media?parent=4270"}],"wp:term":[{"taxonomy":"product_cat","embeddable":true,"href":"https:\/\/www.bonberenea.com\/es\/wp-json\/wp\/v2\/product_cat?post=4270"},{"taxonomy":"product_tag","embeddable":true,"href":"https:\/\/www.bonberenea.com\/es\/wp-json\/wp\/v2\/product_tag?post=4270"}],"curies":[{"name":"wp","href":"https:\/\/api.w.org\/{rel}","templated":true}]}}