{"id":4269,"date":"2014-09-06T16:54:01","date_gmt":"2014-09-06T15:54:01","guid":{"rendered":"https:\/\/www.bonberenea.com\/?post_type=product&#038;p=4269"},"modified":"2018-01-19T20:06:24","modified_gmt":"2018-01-19T19:06:24","slug":"glaukoma-vol-2","status":"publish","type":"product","link":"https:\/\/www.bonberenea.com\/es\/online-denda\/glaukoma-vol-2\/","title":{"rendered":"Glaukoma &#8220;Vol. 2&#8221;"},"content":{"rendered":"<p><\/p>\n<div class=\"product_description\">\n<div class=\"product_description\">\n<div class=\"product_description\">\n<div class=\"product_description\">\n<p>Cuando apenas ha transurrido un a\u00f1o y medio desde la publicaci\u00f3n de su primer disco, ya est\u00e1 en la calle el segundo trabajo del grupo gipuzkoarra Glaukoma, que lleva por nombre \u201cVol. 2\u201d, grabado entre agosto y septiembre de 2013. Afincados en Bonberenea (Tolosa), vuelven con un trabajo de 7 temas que constatan una evoluci\u00f3n patente del camino emprendido anteriormente. Dando protagonismo a ritmos como el Drum&amp;Bass, los sonidos de pedales, distorsiones y deelays adquieren una mayor relevancia con el objetivo de conseguir un sonido m\u00e1s desarrollado, m\u00e1s personal y m\u00e1s poderoso. Por otro lado, no faltar\u00e1n canciones de rap ni toques de los diferentes estilos del reggae (dancehall y raggamuffin sobre todo).<\/p>\n<p><a href=\"https:\/\/bonberenea.com\/wp-content\/uploads\/2014\/09\/glaukomaweb1.jpg\"><img decoding=\"async\" class=\"aligncenter size-full wp-image-4241\" src=\"https:\/\/bonberenea.com\/wp-content\/uploads\/2014\/09\/glaukomaweb1.jpg\" alt=\"glaukomaweb1\" width=\"960\" height=\"435\" srcset=\"https:\/\/www.bonberenea.com\/wp-content\/uploads\/2014\/09\/glaukomaweb1.jpg 960w, https:\/\/www.bonberenea.com\/wp-content\/uploads\/2014\/09\/glaukomaweb1-300x136.jpg 300w, https:\/\/www.bonberenea.com\/wp-content\/uploads\/2014\/09\/glaukomaweb1-890x403.jpg 890w, https:\/\/www.bonberenea.com\/wp-content\/uploads\/2014\/09\/glaukomaweb1-663x300.jpg 663w\" sizes=\"(max-width: 960px) 100vw, 960px\" \/><\/a><\/p>\n<p>Adem\u00e1s de Glaukoma, cabe mencionar los nombres de los colaboradores que de una u otra manera han participado en este disco. Entre ellos <em>L\u00e1grimas de Sangre, <\/em>grupo de rap barcelon\u00e9s que\u00a0 toma parte en la canci\u00f3n \u201cLejos del silencio\u201d. No podemos olvidarnos de Jon Altuna \u201cTeklax\u201d, el encargado de grabar los teclados en varios temas. Todos estos ingredientes han sido cocinados por un experto, una instituci\u00f3n en la m\u00fasica vasca: Karlos Osinaga. Un disco que se publica bajo el sello de Bonberenea Ekintzak y que ha sido creado en su totalidad en el gaztetxe de Tolosa. Disfr\u00fatalo.<\/p>\n<\/div>\n<\/div>\n<div class=\"single_additional_description\">\n<p style=\"text-align: center;\"><iframe width=\"425\" height=\"344\" src=\"http:\/\/www.youtube.com\/embed\/AOIqmg-iLW8?wmode=transparent\" frameborder=\"0\" allowfullscreen> <\/iframe><\/p>\n<p>&nbsp;<\/p>\n<\/div>\n<\/div>\n<\/div>\n<p>&nbsp;<\/p>\n<div class=\"single_additional_description\">\n<audio class=\"wp-audio-shortcode\" id=\"audio-4269-2\" preload=\"none\" style=\"width: 100%;\" controls=\"controls\"><source type=\"audio\/mpeg\" src=\"https:\/\/bonberenea.com\/wp-content\/uploads\/2014\/09\/Glaukoma-_-Jungle.mp3?_=2\" \/><a href=\"https:\/\/bonberenea.com\/wp-content\/uploads\/2014\/09\/Glaukoma-_-Jungle.mp3\">https:\/\/bonberenea.com\/wp-content\/uploads\/2014\/09\/Glaukoma-_-Jungle.mp3<\/a><\/audio>\n<p>&nbsp;<\/p>\n<p><strong>Contacto:<\/strong><\/p>\n<p>Julen: 647 024 034<\/p>\n<p><a href=\"http:\/\/www.glaukomaband.com\">www.glaukomaband.com<\/a><\/p>\n<p>Glaukomaband@gmail.com<\/p>\n<\/div>\n<p><\/p>","protected":false},"excerpt":{"rendered":"<p>Cuando apenas ha transurrido un a\u00f1o y medio desde la publicaci\u00f3n de su primer disco, ya est\u00e1 en la calle el segundo trabajo del grupo gipuzkoarra Glaukoma, que lleva por nombre \u201cVol. 2\u201d, grabado entre agosto y septiembre de 2013. [&hellip;]<\/p>\n","protected":false},"featured_media":4243,"template":"","meta":{"_exactmetrics_skip_tracking":false,"_exactmetrics_sitenote_active":false,"_exactmetrics_sitenote_note":"","_exactmetrics_sitenote_category":0},"product_cat":[451],"product_tag":[441,442,205,449],"_links":{"self":[{"href":"https:\/\/www.bonberenea.com\/es\/wp-json\/wp\/v2\/product\/4269"}],"collection":[{"href":"https:\/\/www.bonberenea.com\/es\/wp-json\/wp\/v2\/product"}],"about":[{"href":"https:\/\/www.bonberenea.com\/es\/wp-json\/wp\/v2\/types\/product"}],"wp:featuredmedia":[{"embeddable":true,"href":"https:\/\/www.bonberenea.com\/es\/wp-json\/wp\/v2\/media\/4243"}],"wp:attachment":[{"href":"https:\/\/www.bonberenea.com\/es\/wp-json\/wp\/v2\/media?parent=4269"}],"wp:term":[{"taxonomy":"product_cat","embeddable":true,"href":"https:\/\/www.bonberenea.com\/es\/wp-json\/wp\/v2\/product_cat?post=4269"},{"taxonomy":"product_tag","embeddable":true,"href":"https:\/\/www.bonberenea.com\/es\/wp-json\/wp\/v2\/product_tag?post=4269"}],"curies":[{"name":"wp","href":"https:\/\/api.w.org\/{rel}","templated":true}]}}