{"id":4265,"date":"2014-09-06T16:56:36","date_gmt":"2014-09-06T15:56:36","guid":{"rendered":"https:\/\/www.bonberenea.com\/?post_type=product&#038;p=4265"},"modified":"2021-11-19T19:54:03","modified_gmt":"2021-11-19T18:54:03","slug":"kashbad-arrakala","status":"publish","type":"product","link":"https:\/\/www.bonberenea.com\/es\/online-denda\/kashbad-arrakala\/","title":{"rendered":"Kashbad &#8220;Arrakala&#8221;"},"content":{"rendered":"<p>Arrakala, grieta.<\/p>\n<p>Las grietas crean nuevos caminos, quebrando lo anterior y abriendo nuevas direcciones. Rompiendo, cambiando lo que antes era consistente. Surgen de repente o lentamente, en continuo desarrollo. Se abren sin una direcci\u00f3n concreta, acometiendo en cada golpe, debilitando lo que antes fue robusto. Las grietas no nacen por casualidad, aparecen como si quisieran expresar algo, de manera imprevisible. Pueden estar latentes, ah\u00ed, listas para aparecer alguna vez, en alg\u00fan lugar.<\/p>\n<p>Esa podr\u00eda ser la actual situaci\u00f3n de Kashbad. Todos estos \u00faltimos a\u00f1os el grupo ha estado latente, sus miembros han estado embarcados en diferentes aventuras. Ahora, en cambio, ya vienen. Juntos, de la misma manera que cuando colgaron los instrumentos hace ya catorce a\u00f1os: Txiki, Gorka, Sorkun y Gorkita. Partiendo del mismo punto en que lo dejaron a\u00f1os atr\u00e1s. Desde la distancia que da el tiempo, rompiendo los obst\u00e1culos impuestos, abriendo nuevas direcciones, creando nuevos caminos. Saben qu\u00e9, y saben c\u00faando. Ahora.<\/p>\n<p>Las canciones de este nuevo trabajo han nacido en los ensayos realizados en Bonberenea, y se han grabado, mezclado y masterizado en el estudio de la misma casa, entre febrero y marzo de 2014. Jugando, entre amigos, como los viejos colegas que se juntan para cenar. Sin presi\u00f3n. Sin tener que demostrar nada a nadie. Por el mero placer de crear m\u00fasica y tocarla. Y puede que \u00e9sa sea la idea en la que se basa la frescura de los temas de este disco.<\/p>\n<p><img decoding=\"async\" class=\"size-full wp-image-4222 aligncenter\" src=\"https:\/\/bonberenea.com\/wp-content\/uploads\/2014\/08\/kashbad-arrakala.jpg\" alt=\"kashbad - arrakala\" width=\"632\" height=\"322\" srcset=\"https:\/\/www.bonberenea.com\/wp-content\/uploads\/2014\/08\/kashbad-arrakala.jpg 632w, https:\/\/www.bonberenea.com\/wp-content\/uploads\/2014\/08\/kashbad-arrakala-300x153.jpg 300w\" sizes=\"(max-width: 632px) 100vw, 632px\" \/><\/p>\n<p>Musicalmente, el disco no tiene una sola direcci\u00f3n. Kashbad nunca se ha quedado estancado en el mismo sitio. Su creatividad siempre ha estado en ebullici\u00f3n. En todos sus discos, de uno a otro, incluso dentro de cada trabajo, la evoluci\u00f3n ha sido evidente. Y esta vez tambi\u00e9n es as\u00ed. Tal vez de manera m\u00e1s clara que nunca. Hoy en d\u00eda, es m\u00e1s dif\u00edcil, si cabe, situar al grupo en un solo terreno. Rock, momentos post rock que van m\u00e1s all\u00e1, alguna pincelada stoner, dulces melod\u00edas pop, distorsi\u00f3n, o hardcore salvaje. De hecho, el universo musical de Kashbad nunca ha tenido una \u00fanica direcci\u00f3n. Desde sus inicios, ha ido desarroll\u00e1ndose y transform\u00e1ndose, recibiendo nuevas influencias, sin perder el punto de personalidad que identifica al grupo. Y en este disco, tambi\u00e9n es as\u00ed.<\/p>\n<p>La grabaci\u00f3n, mezcla y masterizaci\u00f3n ha corrido a cuenta de Karlos Osinaga, \u00edntimo amigo del grupo, tambi\u00e9n miembro sustituyendo a Gorka Lazkano al bajo en el disco &#8216;Hesiak&#8217;. T\u00e9cnico tambi\u00e9n en la grabaci\u00f3n de algunas canciones y directos. Conoce de sobra, pues, el grupo; y eso se nota. Ha sabido reflejar su esencia, con un sonido impecable.<\/p>\n<p>Kashbad se muestra m\u00e1s grupo que nunca en esta nueva etapa. El recorrido musical realizado por cada miembro ha tenido influencia en su sonido. El grupo ha crecido, con la fuerza que inyecta la experiencia de los a\u00f1os y el reinicio en un nuevo ciclo. La base r\u00edtmica compuesta por Txiki y Gorkita se muestra m\u00e1s s\u00f3lida que nunca, con golpes de bater\u00eda de gran personalidad y bajos distorsionados funcionando como un reloj. La presencia de la guitarra es notoria. Los riffs de Gorka son preciosos, siempre sorprenden con nuevos detalles en cada escucha. Por \u00faltimo, Sorkun, con m\u00e1s registros de voz que nunca, jugando con las melod\u00edas, desarrollos e intensidades. Amargo o dulce, haciendo voces malabares, creando nuevos registros. Fr\u00e1gil e impetuosa. Absoluta!<\/p>\n<p>Las grietas no tienen marcha atr\u00e1s. Una vez nacen, est\u00e1n ah\u00ed para siempre. Habri\u00e9ndose camino. De repente o lentamente. Haci\u00e9ndose camino!<\/p>\n<p style=\"text-align: center;\"><iframe width=\"425\" height=\"344\" src=\"http:\/\/www.youtube.com\/embed\/9yAXcGeYckc?wmode=transparent\" frameborder=\"0\" allowfullscreen> <\/iframe><\/p>\n<p>&nbsp;<\/p>\n<audio class=\"wp-audio-shortcode\" id=\"audio-4265-2\" preload=\"none\" style=\"width: 100%;\" controls=\"controls\"><source type=\"audio\/mpeg\" src=\"https:\/\/bonberenea.com\/wp-content\/uploads\/2014\/08\/Kashbad_arrakala.mp3?_=2\" \/><a href=\"https:\/\/bonberenea.com\/wp-content\/uploads\/2014\/08\/Kashbad_arrakala.mp3\">https:\/\/bonberenea.com\/wp-content\/uploads\/2014\/08\/Kashbad_arrakala.mp3<\/a><\/audio>\n<p><strong>Contacto:<\/strong><\/p>\n<p><a href=\"www.promomusika.com\">www.promomusika.com<\/a><\/p>\n<p>info@promomusika.com<\/p>\n<p>Andoni: 653 737 700<\/p>","protected":false},"excerpt":{"rendered":"<p>Arrakala, grieta. Las grietas crean nuevos caminos, quebrando lo anterior y abriendo nuevas direcciones. Rompiendo, cambiando lo que antes era consistente. Surgen de repente o lentamente, en continuo desarrollo. Se abren sin una direcci\u00f3n concreta, acometiendo en cada golpe, debilitando [&hellip;]<\/p>\n","protected":false},"featured_media":4044,"template":"","meta":{"_exactmetrics_skip_tracking":false,"_exactmetrics_sitenote_active":false,"_exactmetrics_sitenote_note":"","_exactmetrics_sitenote_category":0},"product_cat":[134,451],"product_tag":[441,442,205,440],"_links":{"self":[{"href":"https:\/\/www.bonberenea.com\/es\/wp-json\/wp\/v2\/product\/4265"}],"collection":[{"href":"https:\/\/www.bonberenea.com\/es\/wp-json\/wp\/v2\/product"}],"about":[{"href":"https:\/\/www.bonberenea.com\/es\/wp-json\/wp\/v2\/types\/product"}],"wp:featuredmedia":[{"embeddable":true,"href":"https:\/\/www.bonberenea.com\/es\/wp-json\/wp\/v2\/media\/4044"}],"wp:attachment":[{"href":"https:\/\/www.bonberenea.com\/es\/wp-json\/wp\/v2\/media?parent=4265"}],"wp:term":[{"taxonomy":"product_cat","embeddable":true,"href":"https:\/\/www.bonberenea.com\/es\/wp-json\/wp\/v2\/product_cat?post=4265"},{"taxonomy":"product_tag","embeddable":true,"href":"https:\/\/www.bonberenea.com\/es\/wp-json\/wp\/v2\/product_tag?post=4265"}],"curies":[{"name":"wp","href":"https:\/\/api.w.org\/{rel}","templated":true}]}}