{"id":4260,"date":"2014-09-06T16:57:17","date_gmt":"2014-09-06T15:57:17","guid":{"rendered":"https:\/\/www.bonberenea.com\/?post_type=product&#038;p=4260"},"modified":"2016-04-16T22:41:31","modified_gmt":"2016-04-16T21:41:31","slug":"gose-the-family-bonberenea-session","status":"publish","type":"product","link":"https:\/\/www.bonberenea.com\/es\/online-denda\/gose-the-family-bonberenea-session\/","title":{"rendered":"Gose &amp; The Family &#8220;Bonberenea Session&#8221;"},"content":{"rendered":"<p><\/p>\n<p><p>GOSE es el nombre del grupo que naci\u00f3 en 2005 en Mondrag\u00f3n. Desde entonces, han publicado 5 discos, haci\u00e9ndose muy conocidos en la escena musical de Euskal Herria.<\/p>\n<p><a href=\"https:\/\/bonberenea.com\/wp-content\/uploads\/2014\/07\/Gose-the-family.jpg\"><img decoding=\"async\" class=\"size-full wp-image-4239 aligncenter\" src=\"https:\/\/bonberenea.com\/wp-content\/uploads\/2014\/07\/Gose-the-family.jpg\" alt=\"Gose &amp; the family\" width=\"640\" height=\"290\" srcset=\"https:\/\/www.bonberenea.com\/wp-content\/uploads\/2014\/07\/Gose-the-family.jpg 640w, https:\/\/www.bonberenea.com\/wp-content\/uploads\/2014\/07\/Gose-the-family-300x136.jpg 300w\" sizes=\"(max-width: 640px) 100vw, 640px\" \/><\/a><\/p>\n<p>Sin embargo, no se han parado en dar conciertos y grabar discos. Testigo de eso es el DVD que se grabo dentro de &#8220;Bonberenea Sessions&#8221;. Este DVD recopila los momentos del concierto que se celebro el 23 de noviembre de 2013 en Bonberenea, con 20 canciones y diferentes colaboradores de Euskal Herria: Francis (Doctor Deseo), Xabier Silveira, Andoni eta Petti, Pirritx eta Porrotx, etc. Si no estuviste ahi, seguro que quieres ver lo que paso. Si por contrario estuviste, seguro que quieres volver a vivirlo.<\/p>\n<p style=\"text-align: center;\"><iframe width=\"425\" height=\"344\" src=\"http:\/\/www.youtube.com\/embed\/wEAW4ARY__c?wmode=transparent\" frameborder=\"0\" allowfullscreen> <\/iframe><\/p>\n<p>&nbsp;<\/p>\n<p><strong>Contacto:<\/p>\n<p><\/strong>jangura@gose.info<\/p>\n<p>Amaia: 670 880 640<\/p>\n<\/p>\n<p><\/p>","protected":false},"excerpt":{"rendered":"<p>GOSE es el nombre del grupo que naci\u00f3 en 2005 en Mondrag\u00f3n. Desde entonces, han publicado 5 discos, haci\u00e9ndose muy conocidos en la escena musical de Euskal Herria. Sin embargo, no se han parado en dar conciertos y grabar discos. [&hellip;]<\/p>\n","protected":false},"featured_media":11447,"template":"","meta":{"_exactmetrics_skip_tracking":false,"_exactmetrics_sitenote_active":false,"_exactmetrics_sitenote_note":"","_exactmetrics_sitenote_category":0},"product_cat":[448],"product_tag":[441,442,205,443],"_links":{"self":[{"href":"https:\/\/www.bonberenea.com\/es\/wp-json\/wp\/v2\/product\/4260"}],"collection":[{"href":"https:\/\/www.bonberenea.com\/es\/wp-json\/wp\/v2\/product"}],"about":[{"href":"https:\/\/www.bonberenea.com\/es\/wp-json\/wp\/v2\/types\/product"}],"wp:featuredmedia":[{"embeddable":true,"href":"https:\/\/www.bonberenea.com\/es\/wp-json\/wp\/v2\/media\/11447"}],"wp:attachment":[{"href":"https:\/\/www.bonberenea.com\/es\/wp-json\/wp\/v2\/media?parent=4260"}],"wp:term":[{"taxonomy":"product_cat","embeddable":true,"href":"https:\/\/www.bonberenea.com\/es\/wp-json\/wp\/v2\/product_cat?post=4260"},{"taxonomy":"product_tag","embeddable":true,"href":"https:\/\/www.bonberenea.com\/es\/wp-json\/wp\/v2\/product_tag?post=4260"}],"curies":[{"name":"wp","href":"https:\/\/api.w.org\/{rel}","templated":true}]}}