{"id":4252,"date":"2014-09-06T17:00:27","date_gmt":"2014-09-06T16:00:27","guid":{"rendered":"https:\/\/www.bonberenea.com\/?post_type=product&#038;p=4252"},"modified":"2015-03-04T12:02:55","modified_gmt":"2015-03-04T11:02:55","slug":"libe-ihesaldi-handia","status":"publish","type":"product","link":"https:\/\/www.bonberenea.com\/es\/online-denda\/libe-ihesaldi-handia\/","title":{"rendered":"Libe &#8220;Ihesaldi Handia&#8221;"},"content":{"rendered":"<p><\/p>\n<p><p>Libe Garcia de cortazar comenzo su recorrido en la banda Gazteiztarra Neubat. ha tocado con Sorkun y Ekon y forma parte de Izaki Gardenak . A\u00fan as\u00ed ha encontrado tiempo para trabajar en sus propias composiciones. Para algunas de esas canciones tuvo la ayuda de Joseba Ponce a la hora de dar forma a las ideas y pulir las composiciones.<\/p>\n<p><a href=\"https:\/\/bonberenea.com\/wp-content\/uploads\/2014\/09\/Libe_Promo.jpg\"><img decoding=\"async\" class=\"aligncenter  wp-image-4834\" src=\"https:\/\/bonberenea.com\/wp-content\/uploads\/2014\/09\/Libe_Promo-1024x682.jpg\" alt=\"Libe_Promo\" width=\"678\" height=\"452\" srcset=\"https:\/\/www.bonberenea.com\/wp-content\/uploads\/2014\/09\/Libe_Promo-1024x682.jpg 1024w, https:\/\/www.bonberenea.com\/wp-content\/uploads\/2014\/09\/Libe_Promo-300x200.jpg 300w, https:\/\/www.bonberenea.com\/wp-content\/uploads\/2014\/09\/Libe_Promo-890x593.jpg 890w, https:\/\/www.bonberenea.com\/wp-content\/uploads\/2014\/09\/Libe_Promo-663x442.jpg 663w\" sizes=\"(max-width: 678px) 100vw, 678px\" \/><\/a><\/p>\n<p>Lleg\u00f3 el momento de arreglar y adaptar los temas con una banda, para lo cual cont\u00f3 con m\u00fasicos gasteiztarras con gran experiencia: Atxus (Neubat, Sorkun, Vicepresidentes) al bajo, Txus Villalabeitia (Same Old, Eh!) a la guitarra y Eneko De Arza (Na\u00fct, Trumbo) a la bater\u00eda. Despu\u00e9s de trabajar las canciones en el local, decidieron entrar al estudio de Bonberenea en Tolosa bajo la direcci\u00f3n de Karlos Osinaga, para registrar las once canciones que ahora podemos escuchar.<\/p>\n<p>Aunque se trate del primer disco de un nuevo grupo, estamos ante un trabajo maduro y bien elaborado. Rock melanc\u00f3lico y oscuro con predominio de voces y teclados, acompa\u00f1ados siempre de una contundente base r\u00edtmica. Melod\u00edas potentes a la vez que fr\u00e1giles, de esas que haces tuyas con las escuchas, de esas que mueven algo dentro de t\u00ed. M\u00fasica que nos transporta a tierras \u00e1ridas, llenas de fantasmas, distancias, luces y sombras. Una gran hu\u00edda que te llevar\u00e1 muy lejos.<\/p>\n<p style=\"text-align: center;\"><iframe width=\"425\" height=\"344\" src=\"http:\/\/www.youtube.com\/embed\/pqXGmvK0Zr4?wmode=transparent\" frameborder=\"0\" allowfullscreen> <\/iframe><\/p>\n<p>&nbsp;<\/p>\n<p>&nbsp;<\/p>\n<audio class=\"wp-audio-shortcode\" id=\"audio-4252-2\" preload=\"none\" style=\"width: 100%;\" controls=\"controls\"><source type=\"audio\/mpeg\" src=\"https:\/\/bonberenea.com\/wp-content\/uploads\/2014\/09\/Libe-Ihesaldi_handia.mp3?_=2\" \/><a href=\"https:\/\/bonberenea.com\/wp-content\/uploads\/2014\/09\/Libe-Ihesaldi_handia.mp3\">https:\/\/bonberenea.com\/wp-content\/uploads\/2014\/09\/Libe-Ihesaldi_handia.mp3<\/a><\/audio>\n<p><strong>Contacto:<br \/>\n<\/strong>libemusika@gmail.com<a href=\"mailto:libemusika@gmail.com\"><br \/>\n<\/a>Libe: 685 738 143<\/p>\n<\/p>\n<p><\/p>","protected":false},"excerpt":{"rendered":"<p>Libe Garcia de cortazar comenzo su recorrido en la banda Gazteiztarra Neubat. ha tocado con Sorkun y Ekon y forma parte de Izaki Gardenak . A\u00fan as\u00ed ha encontrado tiempo para trabajar en sus propias composiciones. Para algunas de esas [&hellip;]<\/p>\n","protected":false},"featured_media":4280,"template":"","meta":{"_exactmetrics_skip_tracking":false,"_exactmetrics_sitenote_active":false,"_exactmetrics_sitenote_note":"","_exactmetrics_sitenote_category":0},"product_cat":[134],"product_tag":[441,442,205,445],"_links":{"self":[{"href":"https:\/\/www.bonberenea.com\/es\/wp-json\/wp\/v2\/product\/4252"}],"collection":[{"href":"https:\/\/www.bonberenea.com\/es\/wp-json\/wp\/v2\/product"}],"about":[{"href":"https:\/\/www.bonberenea.com\/es\/wp-json\/wp\/v2\/types\/product"}],"wp:featuredmedia":[{"embeddable":true,"href":"https:\/\/www.bonberenea.com\/es\/wp-json\/wp\/v2\/media\/4280"}],"wp:attachment":[{"href":"https:\/\/www.bonberenea.com\/es\/wp-json\/wp\/v2\/media?parent=4252"}],"wp:term":[{"taxonomy":"product_cat","embeddable":true,"href":"https:\/\/www.bonberenea.com\/es\/wp-json\/wp\/v2\/product_cat?post=4252"},{"taxonomy":"product_tag","embeddable":true,"href":"https:\/\/www.bonberenea.com\/es\/wp-json\/wp\/v2\/product_tag?post=4252"}],"curies":[{"name":"wp","href":"https:\/\/api.w.org\/{rel}","templated":true}]}}