{"id":39520,"date":"2025-11-30T22:26:45","date_gmt":"2025-11-30T21:26:45","guid":{"rendered":"https:\/\/www.bonberenea.com\/?post_type=product&#038;p=39520"},"modified":"2025-11-30T22:30:01","modified_gmt":"2025-11-30T21:30:01","slug":"arima-ez-dago-amor","status":"publish","type":"product","link":"https:\/\/www.bonberenea.com\/es\/online-denda\/arima-ez-dago-amor\/","title":{"rendered":"Arima \u2013 Ez dago amor"},"content":{"rendered":"<p><img decoding=\"async\" class=\"alignnone size-full wp-image-39184\" src=\"https:\/\/www.bonberenea.com\/wp-content\/uploads\/2025\/10\/arima-banner.jpg\" alt=\"\" width=\"2048\" height=\"1075\" srcset=\"https:\/\/www.bonberenea.com\/wp-content\/uploads\/2025\/10\/arima-banner.jpg 2048w, https:\/\/www.bonberenea.com\/wp-content\/uploads\/2025\/10\/arima-banner-300x157.jpg 300w, https:\/\/www.bonberenea.com\/wp-content\/uploads\/2025\/10\/arima-banner-1024x538.jpg 1024w, https:\/\/www.bonberenea.com\/wp-content\/uploads\/2025\/10\/arima-banner-768x403.jpg 768w, https:\/\/www.bonberenea.com\/wp-content\/uploads\/2025\/10\/arima-banner-1536x806.jpg 1536w, https:\/\/www.bonberenea.com\/wp-content\/uploads\/2025\/10\/arima-banner-890x467.jpg 890w, https:\/\/www.bonberenea.com\/wp-content\/uploads\/2025\/10\/arima-banner-663x348.jpg 663w\" sizes=\"(max-width: 2048px) 100vw, 2048px\" \/><\/p>\n<p>\u201cEz dago amor\u201d es el cuarto trabajo de Arima, el proyecto musical que Paule Bilbao inici\u00f3 en solitario en 2018 y que desde entonces ha ido creciendo y transform\u00e1ndose con cada disco. Tras una etapa marcada por un sonido m\u00e1s cercano al shoegaze y al post-rock atmosf\u00e9rico, Arima da un giro con este nuevo \u00e1lbum hacia territorios m\u00e1s industriales, ruidistas y oscuros, donde el noise, el ambient y la tensi\u00f3n el\u00e9ctrica se convierten en protagonistas. Este LP de seis canciones est\u00e1 compuesto y escrito por Paule Bilbao, y supone un punto de ruptura y reinvenci\u00f3n art\u00edstica, explorando un lenguaje mucho m\u00e1s directo, visceral y abrasivo.<br \/>\nEn la grabaci\u00f3n de \u201cEz dago amor\u201d han participado: Josu Gonz\u00e1lez (Impacto Vud\u00fa), Gontzal Bilbao (Ama Say) y Enrico Varagnolo (Animadora). Para el directo, la formaci\u00f3n cambiar\u00e1 con respecto a lo grabado en estudio. El disco fue grabado en la primavera de 2025 en Bonberenea, bajo la producci\u00f3n, grabaci\u00f3n, mezcla y masterizaci\u00f3n de Karlos Osinaga \u201cTxap\u201d, figura clave en la trayectoria de Arima. Adem\u00e1s, Ez dago amor supone la uni\u00f3n de dos sellos de referencia: Bonberenea Ekintzak y Aloud Music. Con estas canciones, Arima deja atr\u00e1s el car\u00e1cter et\u00e9reo y mel\u00f3dico de sus anteriores discos para adentrarse en un territorio m\u00e1s crudo, intenso y desafiante, reafirmando su capacidad de transformaci\u00f3n y riesgo art\u00edstico.<\/p>\n<p><iframe title=\"ARIMA - jantzia - bideoklipa\" width=\"500\" height=\"281\" src=\"https:\/\/www.youtube.com\/embed\/9TujU30cHuQ?feature=oembed\" frameborder=\"0\" allow=\"accelerometer; autoplay; clipboard-write; encrypted-media; gyroscope; picture-in-picture; web-share\" referrerpolicy=\"strict-origin-when-cross-origin\" allowfullscreen><\/iframe><\/p>\n<p><img decoding=\"async\" class=\"alignnone size-full wp-image-39490\" src=\"https:\/\/www.bonberenea.com\/wp-content\/uploads\/2025\/10\/arima-banner2.jpg\" alt=\"\" width=\"2048\" height=\"1071\" srcset=\"https:\/\/www.bonberenea.com\/wp-content\/uploads\/2025\/10\/arima-banner2.jpg 2048w, https:\/\/www.bonberenea.com\/wp-content\/uploads\/2025\/10\/arima-banner2-300x157.jpg 300w, https:\/\/www.bonberenea.com\/wp-content\/uploads\/2025\/10\/arima-banner2-1024x536.jpg 1024w, https:\/\/www.bonberenea.com\/wp-content\/uploads\/2025\/10\/arima-banner2-768x402.jpg 768w, https:\/\/www.bonberenea.com\/wp-content\/uploads\/2025\/10\/arima-banner2-1536x803.jpg 1536w, https:\/\/www.bonberenea.com\/wp-content\/uploads\/2025\/10\/arima-banner2-890x465.jpg 890w, https:\/\/www.bonberenea.com\/wp-content\/uploads\/2025\/10\/arima-banner2-663x347.jpg 663w\" sizes=\"(max-width: 2048px) 100vw, 2048px\" \/><\/p>\n<p>Conciertos:<br \/>\n07\/03 Bonberenea (Tolosa)<br \/>\n26\/03 Kutxa Beltza (Bilbao)<br \/>\n27\/03 Kubik\u00a0(Gasteiz)<\/p>\n<p>Tracklist:<br \/>\nCara A<br \/>\nHegazkina<br \/>\nIspilua<br \/>\nIsurkari<\/p>\n<p>Cara B<br \/>\nJantzia<br \/>\nZarata<br \/>\nAztarnak<\/p>\n<p>Contacto:<br \/>\npaulebilbao@gmail.com<br \/>\n@arimagara<br \/>\nhttps:\/\/arima.bandcamp.com\/<\/p>","protected":false},"excerpt":{"rendered":"<p>\u201cEz dago amor\u201d es el cuarto trabajo de Arima, el proyecto musical que Paule Bilbao inici\u00f3 en solitario en 2018 y que desde entonces ha ido creciendo y transform\u00e1ndose con cada disco. Tras una etapa marcada por un sonido m\u00e1s [&hellip;]<\/p>\n","protected":false},"featured_media":39252,"template":"","meta":{"_exactmetrics_skip_tracking":false,"_exactmetrics_sitenote_active":false,"_exactmetrics_sitenote_note":"","_exactmetrics_sitenote_category":0},"product_cat":[618],"product_tag":[],"_links":{"self":[{"href":"https:\/\/www.bonberenea.com\/es\/wp-json\/wp\/v2\/product\/39520"}],"collection":[{"href":"https:\/\/www.bonberenea.com\/es\/wp-json\/wp\/v2\/product"}],"about":[{"href":"https:\/\/www.bonberenea.com\/es\/wp-json\/wp\/v2\/types\/product"}],"wp:featuredmedia":[{"embeddable":true,"href":"https:\/\/www.bonberenea.com\/es\/wp-json\/wp\/v2\/media\/39252"}],"wp:attachment":[{"href":"https:\/\/www.bonberenea.com\/es\/wp-json\/wp\/v2\/media?parent=39520"}],"wp:term":[{"taxonomy":"product_cat","embeddable":true,"href":"https:\/\/www.bonberenea.com\/es\/wp-json\/wp\/v2\/product_cat?post=39520"},{"taxonomy":"product_tag","embeddable":true,"href":"https:\/\/www.bonberenea.com\/es\/wp-json\/wp\/v2\/product_tag?post=39520"}],"curies":[{"name":"wp","href":"https:\/\/api.w.org\/{rel}","templated":true}]}}