{"id":39518,"date":"2025-11-30T22:15:42","date_gmt":"2025-11-30T21:15:42","guid":{"rendered":"https:\/\/www.bonberenea.com\/?post_type=product&#038;p=39518"},"modified":"2025-11-30T22:15:43","modified_gmt":"2025-11-30T21:15:43","slug":"losado-a-pesar-de-los-silencios","status":"publish","type":"product","link":"https:\/\/www.bonberenea.com\/es\/online-denda\/losado-a-pesar-de-los-silencios\/","title":{"rendered":"Losado &#8211; A pesar de los silencios"},"content":{"rendered":"<p><img decoding=\"async\" class=\"alignnone wp-image-39204\" src=\"https:\/\/www.bonberenea.com\/wp-content\/uploads\/2025\/10\/Losado-banner-.jpg\" alt=\"\" width=\"861\" height=\"452\" srcset=\"https:\/\/www.bonberenea.com\/wp-content\/uploads\/2025\/10\/Losado-banner-.jpg 2048w, https:\/\/www.bonberenea.com\/wp-content\/uploads\/2025\/10\/Losado-banner--300x158.jpg 300w, https:\/\/www.bonberenea.com\/wp-content\/uploads\/2025\/10\/Losado-banner--1024x538.jpg 1024w, https:\/\/www.bonberenea.com\/wp-content\/uploads\/2025\/10\/Losado-banner--768x404.jpg 768w, https:\/\/www.bonberenea.com\/wp-content\/uploads\/2025\/10\/Losado-banner--1536x807.jpg 1536w, https:\/\/www.bonberenea.com\/wp-content\/uploads\/2025\/10\/Losado-banner--890x468.jpg 890w, https:\/\/www.bonberenea.com\/wp-content\/uploads\/2025\/10\/Losado-banner--663x348.jpg 663w\" sizes=\"(max-width: 861px) 100vw, 861px\" \/><\/p>\n<p>Un lustro nada menos hemos tenido que esperar a que el guitarrista y compositor Txus Villalabeitia regrese a la escena con una nueva entrega de su proyecto en solitario Losado, desde su EP de debut, Losado (Bonberenea Ekintzak 2020 &#8211; Bonb 098).<\/p>\n<p>No es de extra\u00f1ar, no obstante, este imp\u00e1s, ya que el guitarrista y compositor gasteiztarra ha abordado siempre la m\u00fasica desde la emoci\u00f3n que las vivencias personales y musicales le han ido proporcionando a lo largo de la vida, y por ende en su carrera musical.<\/p>\n<p>Si a\u00f1adimos a esto las tribulaciones ya cl\u00e1sicas en cualquier artista independiente a la hora de abordar la complejidad que supone a d\u00eda de hoy componer, grabar y editar un disco, este nuevo<\/p>\n<p>E.P. puede parecer sombr\u00edo en un principio, pero es sin duda todo lo contrario: un aguerrido ejercicio de entusiasmo y una expresi\u00f3n sincera de su necesidad vital de seguir creciendo como cantante, guitarrista y compositor, como persona y ser humano.<\/p>\n<p>Grabado esta vez \u00edntegramente por Karlos Osinaga, en el estudio Bonberenea de Tolosa, y reuniendo de nuevo a Rafa Camis\u00f3n a la bater\u00eda (Gas Drummers, The Ships, Gentemayor) y Aitor Acosta al bajo (Libe, Neubat, Vice Presidentes), \u201cA pesar de los Silencios\u201d destila un tono m\u00e1s en\u00e9rgico que su predecesor, una vitalidad que parecer querer sobreponerse a estos tiempos donde la ilusi\u00f3n se hace dif\u00edcil tan dif\u00edcil de encontrar.<\/p>\n<p><img decoding=\"async\" class=\"alignnone size-full wp-image-39242\" src=\"https:\/\/www.bonberenea.com\/wp-content\/uploads\/2025\/11\/Losado-arg.jpg\" alt=\"\" width=\"1066\" height=\"1600\" srcset=\"https:\/\/www.bonberenea.com\/wp-content\/uploads\/2025\/11\/Losado-arg.jpg 1066w, https:\/\/www.bonberenea.com\/wp-content\/uploads\/2025\/11\/Losado-arg-200x300.jpg 200w, https:\/\/www.bonberenea.com\/wp-content\/uploads\/2025\/11\/Losado-arg-682x1024.jpg 682w, https:\/\/www.bonberenea.com\/wp-content\/uploads\/2025\/11\/Losado-arg-768x1153.jpg 768w, https:\/\/www.bonberenea.com\/wp-content\/uploads\/2025\/11\/Losado-arg-1023x1536.jpg 1023w, https:\/\/www.bonberenea.com\/wp-content\/uploads\/2025\/11\/Losado-arg-890x1336.jpg 890w, https:\/\/www.bonberenea.com\/wp-content\/uploads\/2025\/11\/Losado-arg-663x995.jpg 663w, https:\/\/www.bonberenea.com\/wp-content\/uploads\/2025\/11\/Losado-arg-300x450.jpg 300w\" sizes=\"(max-width: 1066px) 100vw, 1066px\" \/><\/p>\n<p>Como revulsivo inevitable a todo esto surgen cinco nuevos temas, d\u00f3nde esta vez la voz se muestra m\u00e1s presente y segura de s\u00ed misma que nunca, excepcionalmente arropada por un sonido m\u00e1s rico y complejo que nos permite entrar en el particular mundo por el que transita Losado. Donde la crudeza y lo bello se juntan y se nos muestran tan claros como en la vida misma.<\/p>\n<p>Un trabajo que seguro no dejar\u00e1 al que lo escucha indiferente y que se crece ante la adversidad actual aportando nuevos matices en cada nueva escucha.<\/p>\n<p>Bonberenea Ekintzak se encarga de nuevo de la edici\u00f3n de este trabajo, apoyado en esta occasion por el sello catal\u00e1n\u00a0Aloud\u00a0Music.<\/p>\n<p><iframe title=\"LOSADO - confiar - bideoklipa\" width=\"500\" height=\"281\" src=\"https:\/\/www.youtube.com\/embed\/Sx4zubzEz4A?feature=oembed\" frameborder=\"0\" allow=\"accelerometer; autoplay; clipboard-write; encrypted-media; gyroscope; picture-in-picture; web-share\" referrerpolicy=\"strict-origin-when-cross-origin\" allowfullscreen><\/iframe><\/p>\n<p>Tracklist:<br \/>\nCara A<br \/>\nEl Aladid<br \/>\nConfiar<br \/>\nFlorecer<\/p>\n<p>Cara B<br \/>\nNo da igual<br \/>\nA pesar de los silencios<\/p>\n<p>Contactoo:<br \/>\n<a>txusvillalabeitia@gmail.com<\/a><\/p>","protected":false},"excerpt":{"rendered":"<p>Un lustro nada menos hemos tenido que esperar a que el guitarrista y compositor Txus Villalabeitia regrese a la escena con una nueva entrega de su proyecto en solitario Losado, desde su EP de debut, Losado (Bonberenea Ekintzak 2020 &#8211; [&hellip;]<\/p>\n","protected":false},"featured_media":39243,"template":"","meta":{"_exactmetrics_skip_tracking":false,"_exactmetrics_sitenote_active":false,"_exactmetrics_sitenote_note":"","_exactmetrics_sitenote_category":0},"product_cat":[618],"product_tag":[],"_links":{"self":[{"href":"https:\/\/www.bonberenea.com\/es\/wp-json\/wp\/v2\/product\/39518"}],"collection":[{"href":"https:\/\/www.bonberenea.com\/es\/wp-json\/wp\/v2\/product"}],"about":[{"href":"https:\/\/www.bonberenea.com\/es\/wp-json\/wp\/v2\/types\/product"}],"wp:featuredmedia":[{"embeddable":true,"href":"https:\/\/www.bonberenea.com\/es\/wp-json\/wp\/v2\/media\/39243"}],"wp:attachment":[{"href":"https:\/\/www.bonberenea.com\/es\/wp-json\/wp\/v2\/media?parent=39518"}],"wp:term":[{"taxonomy":"product_cat","embeddable":true,"href":"https:\/\/www.bonberenea.com\/es\/wp-json\/wp\/v2\/product_cat?post=39518"},{"taxonomy":"product_tag","embeddable":true,"href":"https:\/\/www.bonberenea.com\/es\/wp-json\/wp\/v2\/product_tag?post=39518"}],"curies":[{"name":"wp","href":"https:\/\/api.w.org\/{rel}","templated":true}]}}