{"id":38161,"date":"2025-03-09T18:33:24","date_gmt":"2025-03-09T17:33:24","guid":{"rendered":"https:\/\/www.bonberenea.com\/?post_type=product&#038;p=38161"},"modified":"2025-03-09T18:58:09","modified_gmt":"2025-03-09T17:58:09","slug":"rodeo-x","status":"publish","type":"product","link":"https:\/\/www.bonberenea.com\/es\/online-denda\/rodeo-x\/","title":{"rendered":"Rodeo &#8211; X"},"content":{"rendered":"<p><img decoding=\"async\" class=\"alignnone size-full wp-image-38044\" src=\"https:\/\/bonberenea.com\/wp-content\/uploads\/2025\/02\/Rodeo-bannerX.jpg\" alt=\"\" width=\"2048\" height=\"1076\" srcset=\"https:\/\/www.bonberenea.com\/wp-content\/uploads\/2025\/02\/Rodeo-bannerX.jpg 2048w, https:\/\/www.bonberenea.com\/wp-content\/uploads\/2025\/02\/Rodeo-bannerX-300x158.jpg 300w, https:\/\/www.bonberenea.com\/wp-content\/uploads\/2025\/02\/Rodeo-bannerX-1024x538.jpg 1024w, https:\/\/www.bonberenea.com\/wp-content\/uploads\/2025\/02\/Rodeo-bannerX-768x404.jpg 768w, https:\/\/www.bonberenea.com\/wp-content\/uploads\/2025\/02\/Rodeo-bannerX-1536x807.jpg 1536w, https:\/\/www.bonberenea.com\/wp-content\/uploads\/2025\/02\/Rodeo-bannerX-890x468.jpg 890w, https:\/\/www.bonberenea.com\/wp-content\/uploads\/2025\/02\/Rodeo-bannerX-663x348.jpg 663w\" sizes=\"(max-width: 2048px) 100vw, 2048px\" \/><\/p>\n<p>Despu\u00e9s de dedicar el \u00faltimo a\u00f1o al disco, el grupo presenta un trabajo compuesto por 7 canciones. Desde 2015, los 4 miembros de Rodeo han acumulado cientos de conciertos,<br \/>\nuna gira por Europa y Asia, 6 discos y miles de vivencias.<br \/>\nEn este \u00faltimo disco, el grupo ha experimentado un proceso creativo diferente al de sus trabajos anteriores. Por primera vez, han reducido su atenci\u00f3n a los conciertos y han dedicado toda su energ\u00eda a la creaci\u00f3n del \u00e1lbum.<br \/>\nAdem\u00e1s, tras escuchar una gran variedad de estilos musicales en los \u00faltimos a\u00f1os, han trabajado ritmos, armon\u00edas y melod\u00edas diversas, abri\u00e9ndose art\u00edsticamente m\u00e1s que nunca.<br \/>\nEn cuanto a las letras, describen una situaci\u00f3n personal, social e hist\u00f3rica oscura, pero, a su vez, el disco ofrece esperanza para superar\u00a0esa\u00a0situaci\u00f3n.<\/p>\n<p><img decoding=\"async\" class=\"alignnone size-full wp-image-38046\" src=\"https:\/\/bonberenea.com\/wp-content\/uploads\/2025\/02\/RodeoX-arg.jpg\" alt=\"\" width=\"1600\" height=\"1159\" srcset=\"https:\/\/www.bonberenea.com\/wp-content\/uploads\/2025\/02\/RodeoX-arg.jpg 1600w, https:\/\/www.bonberenea.com\/wp-content\/uploads\/2025\/02\/RodeoX-arg-300x217.jpg 300w, https:\/\/www.bonberenea.com\/wp-content\/uploads\/2025\/02\/RodeoX-arg-1024x742.jpg 1024w, https:\/\/www.bonberenea.com\/wp-content\/uploads\/2025\/02\/RodeoX-arg-768x556.jpg 768w, https:\/\/www.bonberenea.com\/wp-content\/uploads\/2025\/02\/RodeoX-arg-1536x1113.jpg 1536w, https:\/\/www.bonberenea.com\/wp-content\/uploads\/2025\/02\/RodeoX-arg-890x645.jpg 890w, https:\/\/www.bonberenea.com\/wp-content\/uploads\/2025\/02\/RodeoX-arg-663x480.jpg 663w\" sizes=\"(max-width: 1600px) 100vw, 1600px\" \/><\/p>\n<p>El primer LP de Rodeo, titulado Rodeo, sali\u00f3 el 3 de marzo de 2017 de forma autoeditada, con 10 canciones, y fue grabado en Gaztain Estudioak con E\u00f1aut Gazta\u00f1aga. Con este disco, realizaron su primera gira.<br \/>\nEn 2018, lanzaron su segundo \u00e1lbum de larga duraci\u00f3n, Dilmun, tambi\u00e9n grabado en Gaztain Estudioak, y con este disco ofrecieron m\u00e1s de 50 conciertos en un solo a\u00f1o. Sin dejar de dar conciertos, en 2020 lanzaron un EP corto titulado Ezherrian, grabado en colaboraci\u00f3n con Bonberenea Ekintzak y E\u00f1aut Gazta\u00f1aga. Sin embargo, despu\u00e9s de comenzar la presentaci\u00f3n, la pandemia lleg\u00f3 de forma repentina. Durante el periodo de pandemia, y despu\u00e9s de una gran etapa de creatividad, en 2022 lanzaron un LP doble titulado Moira, grabado bajo la direcci\u00f3n de Karlos Osinaga y Hybris, y con la direcci\u00f3n de E\u00f1aut Gazta\u00f1aga. Ambos proyectos fueron realizados en colaboraci\u00f3n con Bonberenea Ekintzak y el sello suizo Sixteentimes Music.<br \/>\nCon este doble trabajo, realizaron una extensa gira por todo Euskal Herria, as\u00ed como por Suiza, Jap\u00f3n y Corea, adem\u00e1s de participar en grandes festivales como el Resurrection Fest.<br \/>\nSu \u00faltimo trabajo, recientemente grabado, fue realizado con E\u00f1aut Gazta\u00f1aga y lanzado bajo los sellos Bonberenea Ekintzak y\u00a0Patana\u00a0Records.<\/p>\n<p><img decoding=\"async\" class=\"alignnone size-full wp-image-38045\" src=\"https:\/\/bonberenea.com\/wp-content\/uploads\/2025\/02\/Rodeo-bannerX2.jpg\" alt=\"\" width=\"2048\" height=\"1071\" srcset=\"https:\/\/www.bonberenea.com\/wp-content\/uploads\/2025\/02\/Rodeo-bannerX2.jpg 2048w, https:\/\/www.bonberenea.com\/wp-content\/uploads\/2025\/02\/Rodeo-bannerX2-300x157.jpg 300w, https:\/\/www.bonberenea.com\/wp-content\/uploads\/2025\/02\/Rodeo-bannerX2-1024x536.jpg 1024w, https:\/\/www.bonberenea.com\/wp-content\/uploads\/2025\/02\/Rodeo-bannerX2-768x402.jpg 768w, https:\/\/www.bonberenea.com\/wp-content\/uploads\/2025\/02\/Rodeo-bannerX2-1536x803.jpg 1536w, https:\/\/www.bonberenea.com\/wp-content\/uploads\/2025\/02\/Rodeo-bannerX2-890x465.jpg 890w, https:\/\/www.bonberenea.com\/wp-content\/uploads\/2025\/02\/Rodeo-bannerX2-663x347.jpg 663w\" sizes=\"(max-width: 2048px) 100vw, 2048px\" \/><\/p>\n<p><iframe title=\"RODEO - Zauriak - bideoklipa\" width=\"500\" height=\"281\" src=\"https:\/\/www.youtube.com\/embed\/hBcJ5ll_C8I?feature=oembed\" frameborder=\"0\" allow=\"accelerometer; autoplay; clipboard-write; encrypted-media; gyroscope; picture-in-picture; web-share\" referrerpolicy=\"strict-origin-when-cross-origin\" allowfullscreen><\/iframe><\/p>\n<p>Contacto:<br \/>\nrodeostoner@gmail.com<br \/>\n635 75 49 28 (Mikel)<\/p>","protected":false},"excerpt":{"rendered":"<p>Despu\u00e9s de dedicar el \u00faltimo a\u00f1o al disco, el grupo presenta un trabajo compuesto por 7 canciones. Desde 2015, los 4 miembros de Rodeo han acumulado cientos de conciertos, una gira por Europa y Asia, 6 discos y miles de [&hellip;]<\/p>\n","protected":false},"featured_media":38162,"template":"","meta":{"_exactmetrics_skip_tracking":false,"_exactmetrics_sitenote_active":false,"_exactmetrics_sitenote_note":"","_exactmetrics_sitenote_category":0},"product_cat":[618,134],"product_tag":[],"_links":{"self":[{"href":"https:\/\/www.bonberenea.com\/es\/wp-json\/wp\/v2\/product\/38161"}],"collection":[{"href":"https:\/\/www.bonberenea.com\/es\/wp-json\/wp\/v2\/product"}],"about":[{"href":"https:\/\/www.bonberenea.com\/es\/wp-json\/wp\/v2\/types\/product"}],"wp:featuredmedia":[{"embeddable":true,"href":"https:\/\/www.bonberenea.com\/es\/wp-json\/wp\/v2\/media\/38162"}],"wp:attachment":[{"href":"https:\/\/www.bonberenea.com\/es\/wp-json\/wp\/v2\/media?parent=38161"}],"wp:term":[{"taxonomy":"product_cat","embeddable":true,"href":"https:\/\/www.bonberenea.com\/es\/wp-json\/wp\/v2\/product_cat?post=38161"},{"taxonomy":"product_tag","embeddable":true,"href":"https:\/\/www.bonberenea.com\/es\/wp-json\/wp\/v2\/product_tag?post=38161"}],"curies":[{"name":"wp","href":"https:\/\/api.w.org\/{rel}","templated":true}]}}