{"id":38158,"date":"2025-03-09T18:19:11","date_gmt":"2025-03-09T17:19:11","guid":{"rendered":"https:\/\/www.bonberenea.com\/?post_type=product&#038;p=38158"},"modified":"2025-03-09T18:19:12","modified_gmt":"2025-03-09T17:19:12","slug":"dena-anabasa","status":"publish","type":"product","link":"https:\/\/www.bonberenea.com\/es\/online-denda\/dena-anabasa\/","title":{"rendered":"Dena &#8211; Anabasa"},"content":{"rendered":"<p><img decoding=\"async\" class=\"alignnone size-full wp-image-37976\" src=\"https:\/\/bonberenea.com\/wp-content\/uploads\/2025\/02\/Dena-banner.jpg\" alt=\"\" width=\"2048\" height=\"1075\" srcset=\"https:\/\/www.bonberenea.com\/wp-content\/uploads\/2025\/02\/Dena-banner.jpg 2048w, https:\/\/www.bonberenea.com\/wp-content\/uploads\/2025\/02\/Dena-banner-300x157.jpg 300w, https:\/\/www.bonberenea.com\/wp-content\/uploads\/2025\/02\/Dena-banner-1024x538.jpg 1024w, https:\/\/www.bonberenea.com\/wp-content\/uploads\/2025\/02\/Dena-banner-768x403.jpg 768w, https:\/\/www.bonberenea.com\/wp-content\/uploads\/2025\/02\/Dena-banner-1536x806.jpg 1536w, https:\/\/www.bonberenea.com\/wp-content\/uploads\/2025\/02\/Dena-banner-890x467.jpg 890w, https:\/\/www.bonberenea.com\/wp-content\/uploads\/2025\/02\/Dena-banner-663x348.jpg 663w\" sizes=\"(max-width: 2048px) 100vw, 2048px\" \/><\/p>\n<p>El tr\u00edo de Ondarroa, tras su segundo disco \u201cZure Mugadun Hutsune\u201d y varios conciertos en el Pa\u00eds Vasco, se toma un largo descanso de un a\u00f1o y medio en 2023. Esta vez Be\u00f1at, Xabat y Be\u00f1at salen con un nuevo disco.<\/p>\n<p>El tercer trabajo de larga duraci\u00f3n de Dena se llama Anabasa. Haciendo referencia a la pel\u00edcula \u201cAnabasa eremua\u201d, como \u00e9sta, el puerto es el escenario principal. Los puertos son lugares donde se cruzan las personas que salen y las que llegan. El \u00e1lbum habla de lugares. Sobre lugares encontrados y perdidos. Sobre los lugares que ocupamos y los lugares que quitamos. Sobre el lugar propio y el de los dem\u00e1s. Sobre querer salir de casa y volver al mismo lugar. Ser t\u00fa mismo un exiliado. Son todos lugares. Lugares sin refugio, entre ruinas, y en todos ellos, el caos de alguna manera tiene un lugar.<\/p>\n<p><img decoding=\"async\" class=\"alignnone size-full wp-image-38047\" src=\"https:\/\/bonberenea.com\/wp-content\/uploads\/2025\/02\/Argazkiadef.jpg\" alt=\"\" width=\"1600\" height=\"1066\" srcset=\"https:\/\/www.bonberenea.com\/wp-content\/uploads\/2025\/02\/Argazkiadef.jpg 1600w, https:\/\/www.bonberenea.com\/wp-content\/uploads\/2025\/02\/Argazkiadef-300x200.jpg 300w, https:\/\/www.bonberenea.com\/wp-content\/uploads\/2025\/02\/Argazkiadef-1024x682.jpg 1024w, https:\/\/www.bonberenea.com\/wp-content\/uploads\/2025\/02\/Argazkiadef-768x512.jpg 768w, https:\/\/www.bonberenea.com\/wp-content\/uploads\/2025\/02\/Argazkiadef-1536x1023.jpg 1536w, https:\/\/www.bonberenea.com\/wp-content\/uploads\/2025\/02\/Argazkiadef-890x593.jpg 890w, https:\/\/www.bonberenea.com\/wp-content\/uploads\/2025\/02\/Argazkiadef-663x442.jpg 663w\" sizes=\"(max-width: 1600px) 100vw, 1600px\" \/><\/p>\n<p>Grabado, producido y mezclado por Karlos Osinaga entre agosto y noviembre de 2024, en Bonberenea, Tolosa. La masterizaci\u00f3n estuvo a cargo de Karlos Osinaga en el estudio Bonberenea.<\/p>\n<p>Publicado por Bonberenea y betepaeta.<\/p>\n<p>Esta vez DENA hemos sido: Unai Aretxabaleta Zelaia, bajo; Be\u00f1at Eizagirre Artetxe, guitarra y letras; Xabat Ituarte Bengoetxea, bater\u00eda; Leire Olariaga, voz en el tema &#8220;Lur Azpitik&#8221;. Tras grabar el disco en septiembre de 2024, Be\u00f1at Bidegain tom\u00f3 el relevo como bajista. Las fotograf\u00edas fueron realizadas por Be\u00f1at Bidegain Lekue, en el puerto de hormig\u00f3n de Ondarroa. El dise\u00f1o y maquetaci\u00f3n corri\u00f3 a cargo de Be\u00f1at\u00a0Eizagirre.<\/p>\n<p><iframe title=\"DENA - nor bere lekuan - bideoklipa\" width=\"500\" height=\"281\" src=\"https:\/\/www.youtube.com\/embed\/xUVJPL0dMwc?start=3&#038;feature=oembed\" frameborder=\"0\" allow=\"accelerometer; autoplay; clipboard-write; encrypted-media; gyroscope; picture-in-picture; web-share\" referrerpolicy=\"strict-origin-when-cross-origin\" allowfullscreen><\/iframe><\/p>\n<p>Tracklist:<br \/>\n1. Nor bere lekuan<br \/>\n2. Les Vitres<br \/>\n3. Hondakinen bat<br \/>\n4. Basa<br \/>\n5. Lur azpitik<br \/>\n6. Square des R\u00e9collets<br \/>\n7. Atako bandan<br \/>\n8. Beste egun gris batez<br \/>\n9. Aterperik ez<br \/>\n10. Leku berean<\/p>\n<p>Harremanetarako:<br \/>\ndenaezer@gmail.com<br \/>\n@denataldea<br \/>\n+34 634421560 (Be\u00f1at)<\/p>","protected":false},"excerpt":{"rendered":"<p>El tr\u00edo de Ondarroa, tras su segundo disco \u201cZure Mugadun Hutsune\u201d y varios conciertos en el Pa\u00eds Vasco, se toma un largo descanso de un a\u00f1o y medio en 2023. Esta vez Be\u00f1at, Xabat y Be\u00f1at salen con un nuevo [&hellip;]<\/p>\n","protected":false},"featured_media":38160,"template":"","meta":{"_exactmetrics_skip_tracking":false,"_exactmetrics_sitenote_active":false,"_exactmetrics_sitenote_note":"","_exactmetrics_sitenote_category":0},"product_cat":[451],"product_tag":[],"_links":{"self":[{"href":"https:\/\/www.bonberenea.com\/es\/wp-json\/wp\/v2\/product\/38158"}],"collection":[{"href":"https:\/\/www.bonberenea.com\/es\/wp-json\/wp\/v2\/product"}],"about":[{"href":"https:\/\/www.bonberenea.com\/es\/wp-json\/wp\/v2\/types\/product"}],"wp:featuredmedia":[{"embeddable":true,"href":"https:\/\/www.bonberenea.com\/es\/wp-json\/wp\/v2\/media\/38160"}],"wp:attachment":[{"href":"https:\/\/www.bonberenea.com\/es\/wp-json\/wp\/v2\/media?parent=38158"}],"wp:term":[{"taxonomy":"product_cat","embeddable":true,"href":"https:\/\/www.bonberenea.com\/es\/wp-json\/wp\/v2\/product_cat?post=38158"},{"taxonomy":"product_tag","embeddable":true,"href":"https:\/\/www.bonberenea.com\/es\/wp-json\/wp\/v2\/product_tag?post=38158"}],"curies":[{"name":"wp","href":"https:\/\/api.w.org\/{rel}","templated":true}]}}