{"id":38062,"date":"2025-02-16T16:35:33","date_gmt":"2025-02-16T15:35:33","guid":{"rendered":"https:\/\/www.bonberenea.com\/?post_type=product&#038;p=38062"},"modified":"2025-02-16T16:35:33","modified_gmt":"2025-02-16T15:35:33","slug":"argazki-bat-behelainoan-geldi-gu-eta-dena-huts","status":"publish","type":"product","link":"https:\/\/www.bonberenea.com\/es\/online-denda\/argazki-bat-behelainoan-geldi-gu-eta-dena-huts\/","title":{"rendered":"Argazki bat behelainoan &#8211; Geldi gu eta dena huts"},"content":{"rendered":"<p><img decoding=\"async\" class=\"alignnone size-full wp-image-37973\" src=\"https:\/\/bonberenea.com\/wp-content\/uploads\/2025\/01\/argazki-banner.jpg\" alt=\"\" width=\"2048\" height=\"1075\" srcset=\"https:\/\/www.bonberenea.com\/wp-content\/uploads\/2025\/01\/argazki-banner.jpg 2048w, https:\/\/www.bonberenea.com\/wp-content\/uploads\/2025\/01\/argazki-banner-300x157.jpg 300w, https:\/\/www.bonberenea.com\/wp-content\/uploads\/2025\/01\/argazki-banner-1024x538.jpg 1024w, https:\/\/www.bonberenea.com\/wp-content\/uploads\/2025\/01\/argazki-banner-768x403.jpg 768w, https:\/\/www.bonberenea.com\/wp-content\/uploads\/2025\/01\/argazki-banner-1536x806.jpg 1536w, https:\/\/www.bonberenea.com\/wp-content\/uploads\/2025\/01\/argazki-banner-890x467.jpg 890w, https:\/\/www.bonberenea.com\/wp-content\/uploads\/2025\/01\/argazki-banner-663x348.jpg 663w\" sizes=\"(max-width: 2048px) 100vw, 2048px\" \/><\/p>\n<p>Supongamos que es tarde, que las casas est\u00e1n cerradas y vac\u00edas, que la pintura se ha secado. Supongamos que el d\u00eda de ma\u00f1ana ser\u00e1 el mismo que el de hoy. Supongamos, contradicciones contra contradicciones, que somos libres.<br \/>\n\u201cGeldi Gu Eta Dena Huts\u201d es el nombre del nuevo trabajo del grupo Behelainoan (ABB). Se trata de un EP de cinco pistas, con una duraci\u00f3n de veinte minutos. Publicado por el sello Bonberenea Ekintzak y grabado por Karlos Osinaga, al igual que su primer largo \u201cSegurtasun Eza\u201d (2023). Al igual que entonces, ahora tambi\u00e9n contamos con Arkaitz Artola Arnaiz (AAA) como compositor y principal m\u00fasico, aunque ha habido varias colaboraciones. El principal colaborador en la m\u00fasica ha sido Iker Vazquez (Pelax, Neu Troia&#8230;), quien se encarg\u00f3 de la bater\u00eda, y que tambi\u00e9n particip\u00f3 en el disco anterior y en los directos. En la canci\u00f3n \u201cHuts\u201d participaron North Asuna y Urtzi Aizpuru en el saxo y el tromb\u00f3n, respectivamente. En cuanto a las letras, han colaborado Mikel Peruarena Ansa (Faborez), Jon Markel Ormazabal Gazta\u00f1aga (Lo daude) y Ion Olano Carlos (Huts).<\/p>\n<p><img decoding=\"async\" class=\"size-full wp-image-37974\" src=\"https:\/\/bonberenea.com\/wp-content\/uploads\/2025\/01\/ABB-Arkaitz-Artola-2-scaled.jpg\" alt=\"\" width=\"2560\" height=\"1439\" srcset=\"https:\/\/www.bonberenea.com\/wp-content\/uploads\/2025\/01\/ABB-Arkaitz-Artola-2-scaled.jpg 2560w, https:\/\/www.bonberenea.com\/wp-content\/uploads\/2025\/01\/ABB-Arkaitz-Artola-2-300x169.jpg 300w, https:\/\/www.bonberenea.com\/wp-content\/uploads\/2025\/01\/ABB-Arkaitz-Artola-2-1024x576.jpg 1024w, https:\/\/www.bonberenea.com\/wp-content\/uploads\/2025\/01\/ABB-Arkaitz-Artola-2-768x432.jpg 768w, https:\/\/www.bonberenea.com\/wp-content\/uploads\/2025\/01\/ABB-Arkaitz-Artola-2-1536x864.jpg 1536w, https:\/\/www.bonberenea.com\/wp-content\/uploads\/2025\/01\/ABB-Arkaitz-Artola-2-2048x1151.jpg 2048w, https:\/\/www.bonberenea.com\/wp-content\/uploads\/2025\/01\/ABB-Arkaitz-Artola-2-890x500.jpg 890w, https:\/\/www.bonberenea.com\/wp-content\/uploads\/2025\/01\/ABB-Arkaitz-Artola-2-663x373.jpg 663w\" sizes=\"(max-width: 2560px) 100vw, 2560px\" \/><\/p>\n<p>Si el disco anterior ten\u00eda un tono m\u00e1s introspectivo y de alg\u00fan modo m\u00e1s oscuro, este llega m\u00e1s brillante, m\u00e1s colorido, m\u00e1s fresco, sin complejos. De hecho, el EP comienza con la instrumental \u201cLotsarik eza\u201d, que nos introduce en un v\u00f3rtice hipn\u00f3tico, nos atrapa en un agujero que explota hacia el interior. Luego, siguen las canciones con voz y letras: \u201cHuts\u201d, \u201cBerandu da\u201d, \u201cFaborez\u201d y \u201cLo daude\u201d, respectivamente.<br \/>\nEn contraste con su t\u00edtulo, \u201cGeldi Gu Eta Dena Huts\u201d es una obra musical que mueve, que deja un vac\u00edo sin saciar, dejando la sensaci\u00f3n de hambre que har\u00e1 que los cuerpos y mentes sigan movi\u00e9ndose con placer.<\/p>\n<p>Tracklist:<br \/>\n01 Lotsarik Eza<br \/>\n02 Huts<br \/>\n03 Berandu Da<br \/>\n04 Faborez<br \/>\n05 Lo Daude<\/p>\n<p><iframe title=\"ARGAZKI BAT BEHELAINOAN - berandu da - bideoklipa\" width=\"500\" height=\"281\" src=\"https:\/\/www.youtube.com\/embed\/WcVCUZeZbCk?feature=oembed\" frameborder=\"0\" allow=\"accelerometer; autoplay; clipboard-write; encrypted-media; gyroscope; picture-in-picture; web-share\" referrerpolicy=\"strict-origin-when-cross-origin\" allowfullscreen><\/iframe><\/p>\n<p><iframe title=\"ARGAZKI BAT BEHELAINOAN  - faborez  -  bideoklipa\" width=\"500\" height=\"375\" src=\"https:\/\/www.youtube.com\/embed\/hezjLOy5TYE?feature=oembed\" frameborder=\"0\" allow=\"accelerometer; autoplay; clipboard-write; encrypted-media; gyroscope; picture-in-picture; web-share\" referrerpolicy=\"strict-origin-when-cross-origin\" allowfullscreen><\/iframe><\/p>\n<p>Contacto:<br \/>\n688 645 452 Arkaitz<br \/>\nargazkibat@gmail.com<\/p>","protected":false},"excerpt":{"rendered":"<p>Supongamos que es tarde, que las casas est\u00e1n cerradas y vac\u00edas, que la pintura se ha secado. Supongamos que el d\u00eda de ma\u00f1ana ser\u00e1 el mismo que el de hoy. Supongamos, contradicciones contra contradicciones, que somos libres. \u201cGeldi Gu Eta [&hellip;]<\/p>\n","protected":false},"featured_media":38008,"template":"","meta":{"_exactmetrics_skip_tracking":false,"_exactmetrics_sitenote_active":false,"_exactmetrics_sitenote_note":"","_exactmetrics_sitenote_category":0},"product_cat":[496],"product_tag":[],"_links":{"self":[{"href":"https:\/\/www.bonberenea.com\/es\/wp-json\/wp\/v2\/product\/38062"}],"collection":[{"href":"https:\/\/www.bonberenea.com\/es\/wp-json\/wp\/v2\/product"}],"about":[{"href":"https:\/\/www.bonberenea.com\/es\/wp-json\/wp\/v2\/types\/product"}],"wp:featuredmedia":[{"embeddable":true,"href":"https:\/\/www.bonberenea.com\/es\/wp-json\/wp\/v2\/media\/38008"}],"wp:attachment":[{"href":"https:\/\/www.bonberenea.com\/es\/wp-json\/wp\/v2\/media?parent=38062"}],"wp:term":[{"taxonomy":"product_cat","embeddable":true,"href":"https:\/\/www.bonberenea.com\/es\/wp-json\/wp\/v2\/product_cat?post=38062"},{"taxonomy":"product_tag","embeddable":true,"href":"https:\/\/www.bonberenea.com\/es\/wp-json\/wp\/v2\/product_tag?post=38062"}],"curies":[{"name":"wp","href":"https:\/\/api.w.org\/{rel}","templated":true}]}}