{"id":37188,"date":"2024-09-22T18:46:15","date_gmt":"2024-09-22T16:46:15","guid":{"rendered":"https:\/\/www.bonberenea.com\/?post_type=product&#038;p=37188"},"modified":"2024-09-22T18:52:35","modified_gmt":"2024-09-22T16:52:35","slug":"kuartz-iii","status":"publish","type":"product","link":"https:\/\/www.bonberenea.com\/es\/online-denda\/kuartz-iii\/","title":{"rendered":"Kuartz &#8211; III"},"content":{"rendered":"<p><img decoding=\"async\" class=\"alignnone wp-image-37021\" src=\"https:\/\/bonberenea.com\/wp-content\/uploads\/2024\/08\/Kuartz-banner.jpg\" alt=\"\" width=\"648\" height=\"340\" srcset=\"https:\/\/www.bonberenea.com\/wp-content\/uploads\/2024\/08\/Kuartz-banner.jpg 1667w, https:\/\/www.bonberenea.com\/wp-content\/uploads\/2024\/08\/Kuartz-banner-300x157.jpg 300w, https:\/\/www.bonberenea.com\/wp-content\/uploads\/2024\/08\/Kuartz-banner-1024x537.jpg 1024w, https:\/\/www.bonberenea.com\/wp-content\/uploads\/2024\/08\/Kuartz-banner-768x403.jpg 768w, https:\/\/www.bonberenea.com\/wp-content\/uploads\/2024\/08\/Kuartz-banner-1536x806.jpg 1536w, https:\/\/www.bonberenea.com\/wp-content\/uploads\/2024\/08\/Kuartz-banner-890x467.jpg 890w, https:\/\/www.bonberenea.com\/wp-content\/uploads\/2024\/08\/Kuartz-banner-663x348.jpg 663w\" sizes=\"(max-width: 648px) 100vw, 648px\" \/><\/p>\n<p>Kuartz es un grupo de rock originario de la regi\u00f3n de Baxe Nafarroa, que en ocasiones mezcla blues y rock stoner. Est\u00e1 formado por Ibes Mongabure (voz y guitarra) y Oihan Delavigne (bater\u00eda). (El d\u00fao emite un sonido parecido al magma a trav\u00e9s de las notas duplicadas en el estante y una voz suave.)<\/p>\n<p><img decoding=\"async\" class=\"alignnone wp-image-37012\" src=\"https:\/\/bonberenea.com\/wp-content\/uploads\/2024\/08\/Kuartz-arg.jpeg\" alt=\"\" width=\"957\" height=\"950\" srcset=\"https:\/\/www.bonberenea.com\/wp-content\/uploads\/2024\/08\/Kuartz-arg.jpeg 1170w, https:\/\/www.bonberenea.com\/wp-content\/uploads\/2024\/08\/Kuartz-arg-300x298.jpeg 300w, https:\/\/www.bonberenea.com\/wp-content\/uploads\/2024\/08\/Kuartz-arg-1024x1017.jpeg 1024w, https:\/\/www.bonberenea.com\/wp-content\/uploads\/2024\/08\/Kuartz-arg-768x763.jpeg 768w, https:\/\/www.bonberenea.com\/wp-content\/uploads\/2024\/08\/Kuartz-arg-890x884.jpeg 890w, https:\/\/www.bonberenea.com\/wp-content\/uploads\/2024\/08\/Kuartz-arg-663x658.jpeg 663w, https:\/\/www.bonberenea.com\/wp-content\/uploads\/2024\/08\/Kuartz-arg-100x100.jpeg 100w\" sizes=\"(max-width: 957px) 100vw, 957px\" \/><\/p>\n<p>Los primeros ensayos de Kuartz comenzaron en el gaztetxe Ttattola de Hazparne en 2016 y desde entonces han lanzado 2 \u00e1lbumes, &#8220;I&#8221; en 2018 y &#8220;II&#8221; en 2020.<br \/>\nEl grupo editar\u00e1 en septiembre de 2024 su tercer disco de 10 canciones llamado &#8220;III&#8221;, esculpido por E\u00f1aut Gazta\u00f1aga, en los estudios Gaztain de Zestoa.<br \/>\nCon la intenci\u00f3n de seguir en un camino continuo, llegan nuevos conciertos en vivo.<\/p>\n<p><iframe title=\"Kuartz - Alta [Music Video]\" width=\"500\" height=\"281\" src=\"https:\/\/www.youtube.com\/embed\/fnYAxw0HKZk?feature=oembed\" frameborder=\"0\" allow=\"accelerometer; autoplay; clipboard-write; encrypted-media; gyroscope; picture-in-picture; web-share\" referrerpolicy=\"strict-origin-when-cross-origin\" allowfullscreen><\/iframe><\/p>\n<p>&nbsp;<\/p>\n<p>Tracklist:<br \/>\nCara A:<br \/>\n&#8211; Alta<br \/>\n&#8211; Titanic-aren sindromea<br \/>\n&#8211; Harulia<br \/>\n&#8211; Harribeltzako erregina<br \/>\n&#8211; Goian bego<\/p>\n<p>Cara B:<br \/>\n&#8211; Lehen eguna bihar da<br \/>\n&#8211; Omenaldi xuria<br \/>\n&#8211; Odolak su gabe diraki<br \/>\n&#8211; F.O.M.O<br \/>\n&#8211; Galeraren aingura<\/p>\n<p>Proximos conciertos:<br \/>\nOctubre 5 Oleta<br \/>\nOctubre 25 O\u00f1ati<br \/>\nOctubre 26 Gernika<br \/>\nNoviembre 2 Tolosa<br \/>\nNoviembre 22 Elizondo<\/p>\n<p>Contacto:<br \/>\ninfo@kuartz.eu<br \/>\n+33 613 917 309<\/p>","protected":false},"excerpt":{"rendered":"<p>Kuartz es un grupo de rock originario de la regi\u00f3n de Baxe Nafarroa, que en ocasiones mezcla blues y rock stoner. Est\u00e1 formado por Ibes Mongabure (voz y guitarra) y Oihan Delavigne (bater\u00eda). (El d\u00fao emite un sonido parecido al [&hellip;]<\/p>\n","protected":false},"featured_media":37020,"template":"","meta":{"_exactmetrics_skip_tracking":false,"_exactmetrics_sitenote_active":false,"_exactmetrics_sitenote_note":"","_exactmetrics_sitenote_category":0},"product_cat":[618,134],"product_tag":[],"_links":{"self":[{"href":"https:\/\/www.bonberenea.com\/es\/wp-json\/wp\/v2\/product\/37188"}],"collection":[{"href":"https:\/\/www.bonberenea.com\/es\/wp-json\/wp\/v2\/product"}],"about":[{"href":"https:\/\/www.bonberenea.com\/es\/wp-json\/wp\/v2\/types\/product"}],"wp:featuredmedia":[{"embeddable":true,"href":"https:\/\/www.bonberenea.com\/es\/wp-json\/wp\/v2\/media\/37020"}],"wp:attachment":[{"href":"https:\/\/www.bonberenea.com\/es\/wp-json\/wp\/v2\/media?parent=37188"}],"wp:term":[{"taxonomy":"product_cat","embeddable":true,"href":"https:\/\/www.bonberenea.com\/es\/wp-json\/wp\/v2\/product_cat?post=37188"},{"taxonomy":"product_tag","embeddable":true,"href":"https:\/\/www.bonberenea.com\/es\/wp-json\/wp\/v2\/product_tag?post=37188"}],"curies":[{"name":"wp","href":"https:\/\/api.w.org\/{rel}","templated":true}]}}