{"id":36868,"date":"2024-07-26T10:54:50","date_gmt":"2024-07-26T08:54:50","guid":{"rendered":"https:\/\/www.bonberenea.com\/?post_type=product&#038;p=36868"},"modified":"2025-03-09T18:21:57","modified_gmt":"2025-03-09T17:21:57","slug":"txoteko-ezpata-ilunpean-jai-duzu","status":"publish","type":"product","link":"https:\/\/www.bonberenea.com\/es\/online-denda\/txoteko-ezpata-ilunpean-jai-duzu\/","title":{"rendered":"Txoteko ezpata &#8211; Ilunpean jai duzu"},"content":{"rendered":"<p><img decoding=\"async\" class=\"alignnone size-full wp-image-36869\" src=\"https:\/\/bonberenea.com\/wp-content\/uploads\/2024\/07\/Txoteko-banner.jpeg\" alt=\"\" width=\"1600\" height=\"839\" srcset=\"https:\/\/www.bonberenea.com\/wp-content\/uploads\/2024\/07\/Txoteko-banner.jpeg 1600w, https:\/\/www.bonberenea.com\/wp-content\/uploads\/2024\/07\/Txoteko-banner-300x157.jpeg 300w, https:\/\/www.bonberenea.com\/wp-content\/uploads\/2024\/07\/Txoteko-banner-1024x537.jpeg 1024w, https:\/\/www.bonberenea.com\/wp-content\/uploads\/2024\/07\/Txoteko-banner-768x403.jpeg 768w, https:\/\/www.bonberenea.com\/wp-content\/uploads\/2024\/07\/Txoteko-banner-1536x805.jpeg 1536w, https:\/\/www.bonberenea.com\/wp-content\/uploads\/2024\/07\/Txoteko-banner-890x467.jpeg 890w, https:\/\/www.bonberenea.com\/wp-content\/uploads\/2024\/07\/Txoteko-banner-663x348.jpeg 663w\" sizes=\"(max-width: 1600px) 100vw, 1600px\" \/><\/p>\n<p>Txoteko Ezpata lo componen Rafa Furnier, Josu Iriondo, Asier Etxaniz y Mikel Cornejo, procedentes de Elgoibar y Mendaro. Anteriormente han participado en formaciones como 6nemen9, c69, Andrakan, The Brian Valeta Movement y Maraca Diablo. Este es su primer trabajo de estudio, grabado en Bonberenea con Karlos Osinaga y ser\u00e1 publicado de la mano de Bonberenea Ekintzak. Aunque de partida se presentan con el formato cl\u00e1sico de rock, la bater\u00eda, el bajo y las guitarras quieren andar libres en ritmos, atm\u00f3sferas, armon\u00edas y melod\u00edas durante las 12 canciones que conforman el disco. Lo dicen en un estribillo, Zuzen Zuzenean, en vivo y en directo y con un deseo; \u00a1que os aproveche!<\/p>\n<p><img decoding=\"async\" class=\"alignnone size-full wp-image-36870\" src=\"https:\/\/bonberenea.com\/wp-content\/uploads\/2024\/07\/Txoteko-arg.jpg\" alt=\"\" width=\"1280\" height=\"853\" srcset=\"https:\/\/www.bonberenea.com\/wp-content\/uploads\/2024\/07\/Txoteko-arg.jpg 1280w, https:\/\/www.bonberenea.com\/wp-content\/uploads\/2024\/07\/Txoteko-arg-300x200.jpg 300w, https:\/\/www.bonberenea.com\/wp-content\/uploads\/2024\/07\/Txoteko-arg-1024x682.jpg 1024w, https:\/\/www.bonberenea.com\/wp-content\/uploads\/2024\/07\/Txoteko-arg-768x512.jpg 768w, https:\/\/www.bonberenea.com\/wp-content\/uploads\/2024\/07\/Txoteko-arg-890x593.jpg 890w, https:\/\/www.bonberenea.com\/wp-content\/uploads\/2024\/07\/Txoteko-arg-663x442.jpg 663w\" sizes=\"(max-width: 1280px) 100vw, 1280px\" \/><\/p>\n<p>Tracklist:<br \/>\nCara A<br \/>\n1-Bidean<br \/>\n2-Ametsetarik<br \/>\n3-Erdia Egin Dugu<br \/>\n4-Oihanone<br \/>\n5-Txoteko Ezpata<br \/>\n6-Beti Ilargi Bete<\/p>\n<p>Cara B<br \/>\n1-Ez Esan<br \/>\n2-Jai Duzu<br \/>\n3-Keinua<br \/>\n4-Preso Egon Denaren Gogoa<br \/>\n5-Zuzen Zuzenean<br \/>\n6-Ilunpean<\/p>\n<p>Proximos conciertos<br \/>\nOctubre 25 Elgoibar Kultur etxeko sotoa<br \/>\nNoviembre 15 bonberenea Tolosa<\/p>\n<p>Harremanetarako:<br \/>\ntxotekoezpatataldea@gmail.com<\/p>","protected":false},"excerpt":{"rendered":"<p>Txoteko Ezpata lo componen Rafa Furnier, Josu Iriondo, Asier Etxaniz y Mikel Cornejo, procedentes de Elgoibar y Mendaro. Anteriormente han participado en formaciones como 6nemen9, c69, Andrakan, The Brian Valeta Movement y Maraca Diablo. Este es su primer trabajo de [&hellip;]<\/p>\n","protected":false},"featured_media":36873,"template":"","meta":{"_exactmetrics_skip_tracking":false,"_exactmetrics_sitenote_active":false,"_exactmetrics_sitenote_note":"","_exactmetrics_sitenote_category":0},"product_cat":[451],"product_tag":[],"_links":{"self":[{"href":"https:\/\/www.bonberenea.com\/es\/wp-json\/wp\/v2\/product\/36868"}],"collection":[{"href":"https:\/\/www.bonberenea.com\/es\/wp-json\/wp\/v2\/product"}],"about":[{"href":"https:\/\/www.bonberenea.com\/es\/wp-json\/wp\/v2\/types\/product"}],"wp:featuredmedia":[{"embeddable":true,"href":"https:\/\/www.bonberenea.com\/es\/wp-json\/wp\/v2\/media\/36873"}],"wp:attachment":[{"href":"https:\/\/www.bonberenea.com\/es\/wp-json\/wp\/v2\/media?parent=36868"}],"wp:term":[{"taxonomy":"product_cat","embeddable":true,"href":"https:\/\/www.bonberenea.com\/es\/wp-json\/wp\/v2\/product_cat?post=36868"},{"taxonomy":"product_tag","embeddable":true,"href":"https:\/\/www.bonberenea.com\/es\/wp-json\/wp\/v2\/product_tag?post=36868"}],"curies":[{"name":"wp","href":"https:\/\/api.w.org\/{rel}","templated":true}]}}