{"id":35635,"date":"2023-10-03T18:48:15","date_gmt":"2023-10-03T16:48:15","guid":{"rendered":"https:\/\/www.bonberenea.com\/?post_type=product&#038;p=35635"},"modified":"2023-10-05T20:01:44","modified_gmt":"2023-10-05T18:01:44","slug":"argazki-bat-behelainoan-segurtasun-eza","status":"publish","type":"product","link":"https:\/\/www.bonberenea.com\/es\/online-denda\/argazki-bat-behelainoan-segurtasun-eza\/","title":{"rendered":"ARGAZKI BAT BEHELAINOAN \u2013 SEGURTASUN EZA"},"content":{"rendered":"<p><img decoding=\"async\" class=\"alignnone size-full wp-image-35285\" src=\"https:\/\/bonberenea.com\/wp-content\/uploads\/2023\/06\/Argazki-bat-banner-1.jpg\" sizes=\"(max-width: 1600px) 100vw, 1600px\" srcset=\"https:\/\/bonberenea.com\/wp-content\/uploads\/2023\/06\/Argazki-bat-banner-1.jpg 1600w, https:\/\/bonberenea.com\/wp-content\/uploads\/2023\/06\/Argazki-bat-banner-1-300x157.jpg 300w, https:\/\/bonberenea.com\/wp-content\/uploads\/2023\/06\/Argazki-bat-banner-1-1024x535.jpg 1024w, https:\/\/bonberenea.com\/wp-content\/uploads\/2023\/06\/Argazki-bat-banner-1-768x401.jpg 768w, https:\/\/bonberenea.com\/wp-content\/uploads\/2023\/06\/Argazki-bat-banner-1-1536x803.jpg 1536w, https:\/\/bonberenea.com\/wp-content\/uploads\/2023\/06\/Argazki-bat-banner-1-890x465.jpg 890w, https:\/\/bonberenea.com\/wp-content\/uploads\/2023\/06\/Argazki-bat-banner-1-663x346.jpg 663w\" alt=\"\" width=\"1600\" height=\"836\" \/><\/p>\n<p>ARGAZKI. Se supone seguridad, el momento en que se fue cuando lo atraparon. presa escurridiza. La m\u00fasica contenida en este \u00e1lbum se puede comparar con una colecci\u00f3n de fotograf\u00edas, la po\u00e9tica preservada por el bosque pantanoso. Los temas se mueven en amplias zonas post-rock, a trav\u00e9s de diversas atm\u00f3sferas, escondrijos y surcos. El proyecto comenz\u00f3 en 2005: lo que en un principio eran fotograf\u00edas luminosas y ac\u00fasticas (publicadas como DIY), se han ido oscureciendo y distorsionando durante el proceso de curado, hasta que lleg\u00f3 el momento de incluirlas en este \u00e1lbum y publicarlas.<\/p>\n<p>BAT. Anizkoitza, en su soledad, es el origen de este proyecto: Arkaitz Artola Arnaiz. Habiendo trabajado en el grupo Adikune, es el hilo conductor de este proyecto; compositor, letrista y cantante. Sus manos tambi\u00e9n tocan las secuencias repetitivas de riffs de bajo y guitarra. Son melod\u00edas atmosf\u00e9ricas, con o sin letra, que desarrollan atm\u00f3sferas cambiantes. Como un buscador insaciable, Artola sigue buscando lo que ha encontrado. Durante el largo recorrido se le han sumado algunos compa\u00f1eros: Zuri\u00f1e Sarasola a los teclados, entre otros. En 2022, con la ayuda de Iker Vazquez (Blaka, Pelax) y su bater\u00eda, redondearon las aristas de unos temas que llevaban varios a\u00f1os sazonados.<\/p>\n<p><img decoding=\"async\" class=\"alignnone size-full wp-image-35271\" src=\"https:\/\/bonberenea.com\/wp-content\/uploads\/2023\/06\/abb-promo-argazkia-02.jpg\" sizes=\"(max-width: 640px) 100vw, 640px\" srcset=\"https:\/\/bonberenea.com\/wp-content\/uploads\/2023\/06\/abb-promo-argazkia-02.jpg 640w, https:\/\/bonberenea.com\/wp-content\/uploads\/2023\/06\/abb-promo-argazkia-02-300x188.jpg 300w\" alt=\"\" width=\"640\" height=\"401\" \/><br \/>\nFoto Pelax<\/p>\n<p>BEHELAINOAN. La niebla ciega, la niebla baja, no nos deja ver lo que esconde. Entonces el oyente puede empezar a comprender su oculto. De marzo a abril de 2023, bajo la direcci\u00f3n de Karlos Osinaga, se grab\u00f3 y mezcl\u00f3 el primer trabajo de larga duraci\u00f3n del estudio en Bomberene: Inseguridad. La masterizaci\u00f3n estuvo a cargo de Jonan Ordorika, y ser\u00e1 publicada por Bonberenea Ekintzak el 5 de octubre. Como una fotograf\u00eda antigua que se est\u00e1 revelando, esta imagen viva es un vac\u00edo depredador que necesita ser alimentado: Una foto en las tierras bajas.<\/p>\n<div class=\"fluid-width-video-wrapper\"><iframe id=\"fitvid151262\" title=\"ARGAZKI BAT BEHELAINOAN - ase arte - bideoklipa\" src=\"https:\/\/www.youtube.com\/embed\/HNlGTBv_QTU?feature=oembed\" frameborder=\"0\" allowfullscreen=\"allowfullscreen\" data-mce-fragment=\"1\"><\/iframe><\/div>\n<p>Track list:<br \/>\n1- ase arte<br \/>\n2- segurtasun eza<br \/>\n3- su grekoa<br \/>\n4- berdin dio zer entzuten duzun, ez ireki begiak<br \/>\n5- zuriuneak<br \/>\n6- bye bye woof woof!<br \/>\n7- zuriuneak II<\/p>\n<p>Pr\u00f3ximos conciertos :<br \/>\nAzaroak 12 Donosti Doka<br \/>\nAzaroak 18 larunbata tolosa bonberenea + Modesto Newhouse<br \/>\nAbenduak 22 ostirala ordizia delikatuz + Modesto Newhouse<\/p>\n<p>Contacto:<br \/>\nargazkibat@ni.eus<br \/>\ninfo@bonberenea.com<\/p>","protected":false},"excerpt":{"rendered":"<p>ARGAZKI. Se supone seguridad, el momento en que se fue cuando lo atraparon. presa escurridiza. La m\u00fasica contenida en este \u00e1lbum se puede comparar con una colecci\u00f3n de fotograf\u00edas, la po\u00e9tica preservada por el bosque pantanoso. Los temas se mueven [&hellip;]<\/p>\n","protected":false},"featured_media":35276,"template":"","meta":{"_exactmetrics_skip_tracking":false,"_exactmetrics_sitenote_active":false,"_exactmetrics_sitenote_note":"","_exactmetrics_sitenote_category":0},"product_cat":[451],"product_tag":[],"_links":{"self":[{"href":"https:\/\/www.bonberenea.com\/es\/wp-json\/wp\/v2\/product\/35635"}],"collection":[{"href":"https:\/\/www.bonberenea.com\/es\/wp-json\/wp\/v2\/product"}],"about":[{"href":"https:\/\/www.bonberenea.com\/es\/wp-json\/wp\/v2\/types\/product"}],"wp:featuredmedia":[{"embeddable":true,"href":"https:\/\/www.bonberenea.com\/es\/wp-json\/wp\/v2\/media\/35276"}],"wp:attachment":[{"href":"https:\/\/www.bonberenea.com\/es\/wp-json\/wp\/v2\/media?parent=35635"}],"wp:term":[{"taxonomy":"product_cat","embeddable":true,"href":"https:\/\/www.bonberenea.com\/es\/wp-json\/wp\/v2\/product_cat?post=35635"},{"taxonomy":"product_tag","embeddable":true,"href":"https:\/\/www.bonberenea.com\/es\/wp-json\/wp\/v2\/product_tag?post=35635"}],"curies":[{"name":"wp","href":"https:\/\/api.w.org\/{rel}","templated":true}]}}