{"id":35345,"date":"2023-07-09T20:02:35","date_gmt":"2023-07-09T18:02:35","guid":{"rendered":"https:\/\/www.bonberenea.com\/?post_type=product&#038;p=35345"},"modified":"2023-07-09T20:02:36","modified_gmt":"2023-07-09T18:02:36","slug":"lepora-zulotik","status":"publish","type":"product","link":"https:\/\/www.bonberenea.com\/es\/online-denda\/lepora-zulotik\/","title":{"rendered":"Lepora &#8211; ZulotikIK"},"content":{"rendered":"<p><img decoding=\"async\" class=\"alignnone size-full wp-image-34817\" src=\"https:\/\/bonberenea.com\/wp-content\/uploads\/2023\/03\/Baner-lepora-zulotik-api20.jpg\" alt=\"\" width=\"1024\" height=\"379\" srcset=\"https:\/\/www.bonberenea.com\/wp-content\/uploads\/2023\/03\/Baner-lepora-zulotik-api20.jpg 1024w, https:\/\/www.bonberenea.com\/wp-content\/uploads\/2023\/03\/Baner-lepora-zulotik-api20-300x111.jpg 300w, https:\/\/www.bonberenea.com\/wp-content\/uploads\/2023\/03\/Baner-lepora-zulotik-api20-768x284.jpg 768w, https:\/\/www.bonberenea.com\/wp-content\/uploads\/2023\/03\/Baner-lepora-zulotik-api20-890x329.jpg 890w, https:\/\/www.bonberenea.com\/wp-content\/uploads\/2023\/03\/Baner-lepora-zulotik-api20-663x245.jpg 663w\" sizes=\"(max-width: 1024px) 100vw, 1024px\" \/><\/p>\n<p>Lepora son Txus (Same Old, Libe, Losado, Eh!), Ibon (Tutan Come On), Gorka (Kashbad, Trumbo) eta Txusta (Iont), de Vitoria-Gazteiz.<br \/>\nPublicaron su primer disco en 2020 (&#8220;Lepora&#8221;, Bonberenea Ekintzak),. En Noviembre de 2022 entraron a grabar el segundo. En esta ocasi\u00f3n las grabaciones y las mezclan tambi\u00e9n han corrido de las manos de Karlos Osinaga: La bateria y el bajo han sido grabados en el estudio Atala de Hera, con la colaboraci\u00f3n de I\u00f1igo Irazoki, y el resto en estudio de Bonberenea en Tolosa. Masterizado por Victor Garcia, en Ultramarinos Mastering. Dise\u00f1ado y maquetado por Mikel Escalera (Giante). El nuevo disco recoge 3 martillazos y 3 pu\u00f1aladas mas \u00e1speras, mas directas. Vera la luz en la primavera de 2023, y su titulo es &#8220;Zulotik&#8221;.<\/p>\n<p><img decoding=\"async\" class=\"alignnone size-full wp-image-34788\" src=\"https:\/\/bonberenea.com\/wp-content\/uploads\/2023\/03\/lepora_arg.jpg\" alt=\"\" width=\"2547\" height=\"1698\" srcset=\"https:\/\/www.bonberenea.com\/wp-content\/uploads\/2023\/03\/lepora_arg.jpg 2547w, https:\/\/www.bonberenea.com\/wp-content\/uploads\/2023\/03\/lepora_arg-300x200.jpg 300w, https:\/\/www.bonberenea.com\/wp-content\/uploads\/2023\/03\/lepora_arg-1024x683.jpg 1024w, https:\/\/www.bonberenea.com\/wp-content\/uploads\/2023\/03\/lepora_arg-768x512.jpg 768w, https:\/\/www.bonberenea.com\/wp-content\/uploads\/2023\/03\/lepora_arg-1536x1024.jpg 1536w, https:\/\/www.bonberenea.com\/wp-content\/uploads\/2023\/03\/lepora_arg-2048x1365.jpg 2048w, https:\/\/www.bonberenea.com\/wp-content\/uploads\/2023\/03\/lepora_arg-890x593.jpg 890w, https:\/\/www.bonberenea.com\/wp-content\/uploads\/2023\/03\/lepora_arg-663x442.jpg 663w\" sizes=\"(max-width: 2547px) 100vw, 2547px\" \/><\/p>\n<p>Tracklist:<br \/>\n1- Ez dago inor<br \/>\n2- Zulotik<br \/>\n3- Aterako dira<br \/>\n4- Hegaldia<br \/>\n5- Ezin menderatu<br \/>\n6- Kutxatan<\/p>\n<p>Pr\u00f3ximos conciertos:<br \/>\n21 de Abril, Tolosa, Bonberenea (+Harat)<br \/>\n22 de Abril, Gasteiz, Jimmy Jazz (+Ama Say)<br \/>\n6 de Mayo, Irun, Lakaxita (+Fufu)<\/p>\n<p>Contacto:<br \/>\nleporataldea@gmail.com<br \/>\nLepora.bandcamp.com<br \/>\nFB\/IG @leporataldea<br \/>\nwww.bonberenea.com<\/p>","protected":false},"excerpt":{"rendered":"<p>Lepora son Txus (Same Old, Libe, Losado, Eh!), Ibon (Tutan Come On), Gorka (Kashbad, Trumbo) eta Txusta (Iont), de Vitoria-Gazteiz. Publicaron su primer disco en 2020 (&#8220;Lepora&#8221;, Bonberenea Ekintzak),. En Noviembre de 2022 entraron a grabar el segundo. En esta [&hellip;]<\/p>\n","protected":false},"featured_media":34780,"template":"","meta":{"_exactmetrics_skip_tracking":false,"_exactmetrics_sitenote_active":false,"_exactmetrics_sitenote_note":"","_exactmetrics_sitenote_category":0},"product_cat":[618,134],"product_tag":[],"_links":{"self":[{"href":"https:\/\/www.bonberenea.com\/es\/wp-json\/wp\/v2\/product\/35345"}],"collection":[{"href":"https:\/\/www.bonberenea.com\/es\/wp-json\/wp\/v2\/product"}],"about":[{"href":"https:\/\/www.bonberenea.com\/es\/wp-json\/wp\/v2\/types\/product"}],"wp:featuredmedia":[{"embeddable":true,"href":"https:\/\/www.bonberenea.com\/es\/wp-json\/wp\/v2\/media\/34780"}],"wp:attachment":[{"href":"https:\/\/www.bonberenea.com\/es\/wp-json\/wp\/v2\/media?parent=35345"}],"wp:term":[{"taxonomy":"product_cat","embeddable":true,"href":"https:\/\/www.bonberenea.com\/es\/wp-json\/wp\/v2\/product_cat?post=35345"},{"taxonomy":"product_tag","embeddable":true,"href":"https:\/\/www.bonberenea.com\/es\/wp-json\/wp\/v2\/product_tag?post=35345"}],"curies":[{"name":"wp","href":"https:\/\/api.w.org\/{rel}","templated":true}]}}