{"id":34775,"date":"2023-03-17T10:41:49","date_gmt":"2023-03-17T09:41:49","guid":{"rendered":"https:\/\/www.bonberenea.com\/?post_type=product&#038;p=34775"},"modified":"2023-03-17T10:41:49","modified_gmt":"2023-03-17T09:41:49","slug":"arima-beldurrez-beste-egitean","status":"publish","type":"product","link":"https:\/\/www.bonberenea.com\/es\/online-denda\/arima-beldurrez-beste-egitean\/","title":{"rendered":"Arima &#8211; Beldurrez beste egitean"},"content":{"rendered":"<p><img decoding=\"async\" class=\"alignnone size-full wp-image-34773\" src=\"https:\/\/bonberenea.com\/wp-content\/uploads\/2023\/01\/Arima-banner2.jpg\" alt=\"\" width=\"1024\" height=\"362\" srcset=\"https:\/\/www.bonberenea.com\/wp-content\/uploads\/2023\/01\/Arima-banner2.jpg 1024w, https:\/\/www.bonberenea.com\/wp-content\/uploads\/2023\/01\/Arima-banner2-300x106.jpg 300w, https:\/\/www.bonberenea.com\/wp-content\/uploads\/2023\/01\/Arima-banner2-768x272.jpg 768w, https:\/\/www.bonberenea.com\/wp-content\/uploads\/2023\/01\/Arima-banner2-890x315.jpg 890w, https:\/\/www.bonberenea.com\/wp-content\/uploads\/2023\/01\/Arima-banner2-663x234.jpg 663w\" sizes=\"(max-width: 1024px) 100vw, 1024px\" \/><\/p>\n<p style=\"font-weight: 400;\"><em>Beldurrez beste egitean <\/em>es el final de un viaje. Un largo camino plagado de incertidumbres, emociones nuevas y emociones desconocidas hasta el momento, donde el amor y las relaciones se convierten en un aprendizaje constante. El final de la <em>Metamorphosis. <\/em>Salir de la oscuridad del mar, para sentir los rayos de sol en la piel.<\/p>\n<p style=\"font-weight: 400;\">Seguir adelante.<\/p>\n<p style=\"font-weight: 400;\">Es nuestro tercer disco con Txap, en Bonberenea, en Tolosa. Quiz\u00e1, el m\u00e1s especial, porque Donostia ha sido uno de los actores principales en la composici\u00f3n del trabajo. Las distorsiones y las <em>reverbs<\/em> salpicadas con la lluvia de la ciudad, han creado un color nuevo que ha terminado siendo <em>Beldurrez beste egitean<\/em>.<\/p>\n<p><img decoding=\"async\" class=\"alignnone size-full wp-image-34541\" src=\"https:\/\/bonberenea.com\/wp-content\/uploads\/2023\/01\/Banda.png\" alt=\"\" width=\"1540\" height=\"1424\" srcset=\"https:\/\/www.bonberenea.com\/wp-content\/uploads\/2023\/01\/Banda.png 1540w, https:\/\/www.bonberenea.com\/wp-content\/uploads\/2023\/01\/Banda-300x277.png 300w, https:\/\/www.bonberenea.com\/wp-content\/uploads\/2023\/01\/Banda-1024x947.png 1024w, https:\/\/www.bonberenea.com\/wp-content\/uploads\/2023\/01\/Banda-768x710.png 768w, https:\/\/www.bonberenea.com\/wp-content\/uploads\/2023\/01\/Banda-1536x1420.png 1536w, https:\/\/www.bonberenea.com\/wp-content\/uploads\/2023\/01\/Banda-890x823.png 890w, https:\/\/www.bonberenea.com\/wp-content\/uploads\/2023\/01\/Banda-663x613.png 663w\" sizes=\"(max-width: 1540px) 100vw, 1540px\" \/><\/p>\n<p style=\"font-weight: 400;\">Cuando nos dimos cuenta de que las canciones necesitaban menos pirotecnia, entendimos que deb\u00edamos ir al centro de las mismas. Esa delicadeza puede apreciarse en: <em>Itzalen hutsunean, Kea eta larruak, Oroigarri bat <\/em>y en <em>Jarraitzea erabaki nuen.<\/em><\/p>\n<p style=\"font-weight: 400;\">En el a\u00f1o 2019 sacamos el EP <em>Metamorphosis, <\/em>con el que giramos por Euskal Herria; en el 2021, fue el turno de <em>Biluztasunez Jantitza<\/em> donde salimos por primera vez de nuestras fronteras. No sabemos ad\u00f3nde nos va a llevar<em> Beldurrez beste egitean,<\/em> lo que s\u00ed podemos afirmar, es que estamos m\u00e1s que satisfechos con el resultado.<\/p>\n<p style=\"font-weight: 400;\">Arima, somos: Paule Bilbao (voz y guitarra); Gontzal Bilbao (bateria); Josu Gonz\u00e1lez (bajo) y Josu Palacios (guitarra).<\/p>\n<p><em style=\"font-weight: 400;\">*Beldurrez beste egitean<\/em><span style=\"font-weight: 400;\"> ha sido grabado por Paule Bilbao, Gontzal Bilbao y Josu Gonz\u00e1lez.<\/span><\/p>\n<p><iframe title=\"ARIMA - kea eta larruak - bideoklipa\" width=\"500\" height=\"281\" src=\"https:\/\/www.youtube.com\/embed\/9gbbU1xsqKA?feature=oembed\" frameborder=\"0\" allow=\"accelerometer; autoplay; clipboard-write; encrypted-media; gyroscope; picture-in-picture; web-share\" allowfullscreen><\/iframe><\/p>\n<p>Tracklist:<br \/>\nSide A<br \/>\n1- Itzalen hutsunean<br \/>\n2- Kea eta larruak<br \/>\nSide B<br \/>\n3- Oroigarri bat<br \/>\n4- Jarraitzea erabaki nuen<\/p>\n<p><span style=\"font-weight: 400;\">Proximos conciertos:<br \/>\n<\/span>03\/11 Bonberenea + Ama say<br \/>\n03\/18 Bilbo. TBA<br \/>\n03\/25 Bergara. Kartzela zaharra<br \/>\n03\/18 Bilbo. TBA<br \/>\n04\/28 Ondarru Gaztetxea<br \/>\n05\/13 Hondarribi Psilocybenea + Ama say<br \/>\n05\/19 Azkoiti Matadixe<br \/>\n05\/21 Bera Kataku<br \/>\n05\/26 Gernika Astra<br \/>\n05\/27 Donostia Dabadaba<\/p>\n<p>Contacto:<br \/>\npaulebilbao@gmail.com<br \/>\nPaule: 638 860 632<\/p>","protected":false},"excerpt":{"rendered":"<p>Beldurrez beste egitean es el final de un viaje. Un largo camino plagado de incertidumbres, emociones nuevas y emociones desconocidas hasta el momento, donde el amor y las relaciones se convierten en un aprendizaje constante. El final de la Metamorphosis. [&hellip;]<\/p>\n","protected":false},"featured_media":34538,"template":"","meta":{"_exactmetrics_skip_tracking":false,"_exactmetrics_sitenote_active":false,"_exactmetrics_sitenote_note":"","_exactmetrics_sitenote_category":0},"product_cat":[610],"product_tag":[],"_links":{"self":[{"href":"https:\/\/www.bonberenea.com\/es\/wp-json\/wp\/v2\/product\/34775"}],"collection":[{"href":"https:\/\/www.bonberenea.com\/es\/wp-json\/wp\/v2\/product"}],"about":[{"href":"https:\/\/www.bonberenea.com\/es\/wp-json\/wp\/v2\/types\/product"}],"wp:featuredmedia":[{"embeddable":true,"href":"https:\/\/www.bonberenea.com\/es\/wp-json\/wp\/v2\/media\/34538"}],"wp:attachment":[{"href":"https:\/\/www.bonberenea.com\/es\/wp-json\/wp\/v2\/media?parent=34775"}],"wp:term":[{"taxonomy":"product_cat","embeddable":true,"href":"https:\/\/www.bonberenea.com\/es\/wp-json\/wp\/v2\/product_cat?post=34775"},{"taxonomy":"product_tag","embeddable":true,"href":"https:\/\/www.bonberenea.com\/es\/wp-json\/wp\/v2\/product_tag?post=34775"}],"curies":[{"name":"wp","href":"https:\/\/api.w.org\/{rel}","templated":true}]}}