{"id":34728,"date":"2023-02-25T19:53:16","date_gmt":"2023-02-25T18:53:16","guid":{"rendered":"https:\/\/www.bonberenea.com\/?post_type=product&#038;p=34728"},"modified":"2023-02-25T19:54:23","modified_gmt":"2023-02-25T18:54:23","slug":"rodeo-hybris-moira","status":"publish","type":"product","link":"https:\/\/www.bonberenea.com\/es\/online-denda\/rodeo-hybris-moira\/","title":{"rendered":"Rodeo &#8211; Hybris &#038; Moira"},"content":{"rendered":"<p><img decoding=\"async\" class=\"alignnone size-full wp-image-34534\" src=\"https:\/\/bonberenea.com\/wp-content\/uploads\/2023\/01\/rodeo-moira-hybris.jpg\" alt=\"\" width=\"1600\" height=\"565\" srcset=\"https:\/\/www.bonberenea.com\/wp-content\/uploads\/2023\/01\/rodeo-moira-hybris.jpg 1600w, https:\/\/www.bonberenea.com\/wp-content\/uploads\/2023\/01\/rodeo-moira-hybris-300x106.jpg 300w, https:\/\/www.bonberenea.com\/wp-content\/uploads\/2023\/01\/rodeo-moira-hybris-1024x362.jpg 1024w, https:\/\/www.bonberenea.com\/wp-content\/uploads\/2023\/01\/rodeo-moira-hybris-768x271.jpg 768w, https:\/\/www.bonberenea.com\/wp-content\/uploads\/2023\/01\/rodeo-moira-hybris-1536x542.jpg 1536w, https:\/\/www.bonberenea.com\/wp-content\/uploads\/2023\/01\/rodeo-moira-hybris-890x314.jpg 890w, https:\/\/www.bonberenea.com\/wp-content\/uploads\/2023\/01\/rodeo-moira-hybris-663x234.jpg 663w\" sizes=\"(max-width: 1600px) 100vw, 1600px\" \/><\/p>\n<p>Esta es la primera parte del \u00e1lbum doble que lanzaremos en 2022. Continuaremos con Prometeo, que ser\u00e1 un precedente conceptual para esto. MOIRA es la dominaci\u00f3n y el determinismo que escond\u00eda el falso para\u00edso de la libertad que ha surgido en la coyuntura actual. A lo largo de este registro, desde este punto de vista, se convertir\u00e1 en un sujeto (Prometeo) que reproduce la clase obrera, el cosmos de la sociedad moderna y el poder de dios\/capital.<\/p>\n<p><img decoding=\"async\" class=\"alignnone size-full wp-image-32573\" src=\"https:\/\/bonberenea.com\/wp-content\/uploads\/2022\/02\/Rodeo.jpg\" alt=\"\" width=\"1024\" height=\"683\" srcset=\"https:\/\/www.bonberenea.com\/wp-content\/uploads\/2022\/02\/Rodeo.jpg 1024w, https:\/\/www.bonberenea.com\/wp-content\/uploads\/2022\/02\/Rodeo-300x200.jpg 300w, https:\/\/www.bonberenea.com\/wp-content\/uploads\/2022\/02\/Rodeo-768x512.jpg 768w, https:\/\/www.bonberenea.com\/wp-content\/uploads\/2022\/02\/Rodeo-890x594.jpg 890w, https:\/\/www.bonberenea.com\/wp-content\/uploads\/2022\/02\/Rodeo-663x442.jpg 663w\" sizes=\"(max-width: 1024px) 100vw, 1024px\" \/><\/p>\n<p>Por primera vez en la carrera de Rodeo, hemos trabajado con un productor musical diferente en este disco. Este trabajo ha sido producido en el estudio de Bonberenea a manos de Karlos Osinaga \u201cTxap\u201d, en el hemos querido plasmar un sonido crudo y lleno de rabia. No solo hemos jugado con nuevos ritmos, sino que tambi\u00e9n nos hemos atrevido a a probar nuevos instrumentos. Aparte de esto nos hemos centrado en darle continuidad a este trabajo de principio a fin y creemos que lo hemos conseguido<\/p>\n<p><iframe title=\"Rodeo - Therion (Official Video)\" width=\"500\" height=\"281\" src=\"https:\/\/www.youtube.com\/embed\/gJPLc03b8Zs?feature=oembed\" frameborder=\"0\" allow=\"accelerometer; autoplay; clipboard-write; encrypted-media; gyroscope; picture-in-picture; web-share\" allowfullscreen><\/iframe><\/p>\n<p>Tracklist:<br \/>\nCara A<br \/>\n1 Therion<br \/>\n2 Chronos<br \/>\n3 Hermes<br \/>\n4 Moira<br \/>\n5 Tartaro<br \/>\nCara B<br \/>\n6 Metamorfosis l<br \/>\n7 Atlas<br \/>\n8 Metamorfosis ll<br \/>\n9 Geras<br \/>\n10 Krinein<\/p>\n<p>Rodeo ha cerrado un c\u00edrculo con su nuevo trabajo \u2018Hybris\u2019. La banda anunci\u00f3 que iba a publicar un disco doble durante 2022 y \u2018Hybris\u2019 llega a completar ese trabajo tras la publicaci\u00f3n de \u2018Moira\u2019.<\/p>\n<p>Siguiendo con la met\u00e1fora iniciada con Moira y Prometheo, en \u2018Hybris\u2019 veremos la transgresi\u00f3n, la ca\u00edda de ese orden social, a trav\u00e9s del viaje de Prometheo, superando en ese camino su propia subjetividad.<\/p>\n<p>El disco que publicar\u00e1 el 10 de noviembre Bonberenea Ekintzak tendr\u00e1 nueve temas. La banda de Zestoa que trabaja el estilo rock stoner ha grabado estos temas en su propia localidad, en el estudio Gaztain con E\u00f1aut Gazta\u00f1aga.<\/p>\n<p><img decoding=\"async\" class=\"alignnone size-full wp-image-33432\" src=\"https:\/\/bonberenea.com\/wp-content\/uploads\/2022\/08\/Rodeo-arg.jpg\" alt=\"\" width=\"1440\" height=\"960\" srcset=\"https:\/\/www.bonberenea.com\/wp-content\/uploads\/2022\/08\/Rodeo-arg.jpg 1440w, https:\/\/www.bonberenea.com\/wp-content\/uploads\/2022\/08\/Rodeo-arg-300x200.jpg 300w, https:\/\/www.bonberenea.com\/wp-content\/uploads\/2022\/08\/Rodeo-arg-1024x683.jpg 1024w, https:\/\/www.bonberenea.com\/wp-content\/uploads\/2022\/08\/Rodeo-arg-768x512.jpg 768w, https:\/\/www.bonberenea.com\/wp-content\/uploads\/2022\/08\/Rodeo-arg-890x593.jpg 890w, https:\/\/www.bonberenea.com\/wp-content\/uploads\/2022\/08\/Rodeo-arg-663x442.jpg 663w\" sizes=\"(max-width: 1440px) 100vw, 1440px\" \/><\/p>\n<p>Rodeo es una banda que ha girado mucho durante los \u00faltimos a\u00f1os. Han ofrecido m\u00e1s de un centenar de conciertos y muestra de ello, es la gira que realizaron por Suiza durante la pasada primavera.<\/p>\n<p>\u2018Hybris\u2019 estar\u00e1 disponible en Durangoko Azoka del 7 al 11 de diciembre, en el stand de Bonberenea Ekintzak. Para esa cita, estar\u00e1 disponible un pack especial con \u2018Moira\u2019 y \u2018Hybris\u2019, que componen este disco doble.<\/p>\n<p>En este trabajo Mikel Illarramendi ha grabado voces y guitarras, Ortzi Alberdi guitarras y coros, Be\u00f1at Subinas ha tocado el bajo y ha grabado coros y Oroitz Urbieta ha grabado las bater\u00edas y coros.<\/p>\n<p><iframe title=\"Rodeo - Keres (Official Video)\" width=\"500\" height=\"281\" src=\"https:\/\/www.youtube.com\/embed\/-p9pw24fjB8?feature=oembed\" frameborder=\"0\" allow=\"accelerometer; autoplay; clipboard-write; encrypted-media; gyroscope; picture-in-picture; web-share\" allowfullscreen><\/iframe><\/p>\n<p>Tracklist:<br \/>\nSide A<br \/>\n1- Hybris<br \/>\n2- Odola<br \/>\n3- Sisifo<br \/>\n4-\u00a0Keres<br \/>\n5- ez da hil<\/p>\n<p>Side B<br \/>\n6- Ares<br \/>\n7- Atenea<br \/>\n8- Lunacharsky<br \/>\n9- Thanatos<\/p>\n<p>Contacto:<br \/>\nRodeostoner@gmail.com<br \/>\n688 683 804 (Oier)<\/p>","protected":false},"excerpt":{"rendered":"<p>Esta es la primera parte del \u00e1lbum doble que lanzaremos en 2022. Continuaremos con Prometeo, que ser\u00e1 un precedente conceptual para esto. MOIRA es la dominaci\u00f3n y el determinismo que escond\u00eda el falso para\u00edso de la libertad que ha surgido [&hellip;]<\/p>\n","protected":false},"featured_media":34533,"template":"","meta":{"_exactmetrics_skip_tracking":false,"_exactmetrics_sitenote_active":false,"_exactmetrics_sitenote_note":"","_exactmetrics_sitenote_category":0},"product_cat":[],"product_tag":[],"_links":{"self":[{"href":"https:\/\/www.bonberenea.com\/es\/wp-json\/wp\/v2\/product\/34728"}],"collection":[{"href":"https:\/\/www.bonberenea.com\/es\/wp-json\/wp\/v2\/product"}],"about":[{"href":"https:\/\/www.bonberenea.com\/es\/wp-json\/wp\/v2\/types\/product"}],"wp:featuredmedia":[{"embeddable":true,"href":"https:\/\/www.bonberenea.com\/es\/wp-json\/wp\/v2\/media\/34533"}],"wp:attachment":[{"href":"https:\/\/www.bonberenea.com\/es\/wp-json\/wp\/v2\/media?parent=34728"}],"wp:term":[{"taxonomy":"product_cat","embeddable":true,"href":"https:\/\/www.bonberenea.com\/es\/wp-json\/wp\/v2\/product_cat?post=34728"},{"taxonomy":"product_tag","embeddable":true,"href":"https:\/\/www.bonberenea.com\/es\/wp-json\/wp\/v2\/product_tag?post=34728"}],"curies":[{"name":"wp","href":"https:\/\/api.w.org\/{rel}","templated":true}]}}