{"id":34132,"date":"2022-11-26T19:38:14","date_gmt":"2022-11-26T18:38:14","guid":{"rendered":"https:\/\/www.bonberenea.com\/?post_type=product&#038;p=34132"},"modified":"2022-11-26T19:40:54","modified_gmt":"2022-11-26T18:40:54","slug":"joseba-irazoki-eta-lagunak-petti","status":"publish","type":"product","link":"https:\/\/www.bonberenea.com\/es\/online-denda\/joseba-irazoki-eta-lagunak-petti\/","title":{"rendered":"Joseba Irazoki eta lagunak &#038; Petti"},"content":{"rendered":"<p><img decoding=\"async\" class=\"alignnone size-full wp-image-33398\" src=\"https:\/\/bonberenea.com\/wp-content\/uploads\/2022\/08\/Irazoki-banner.jpg\" alt=\"\" width=\"1600\" height=\"565\" srcset=\"https:\/\/www.bonberenea.com\/wp-content\/uploads\/2022\/08\/Irazoki-banner.jpg 1600w, https:\/\/www.bonberenea.com\/wp-content\/uploads\/2022\/08\/Irazoki-banner-300x106.jpg 300w, https:\/\/www.bonberenea.com\/wp-content\/uploads\/2022\/08\/Irazoki-banner-1024x362.jpg 1024w, https:\/\/www.bonberenea.com\/wp-content\/uploads\/2022\/08\/Irazoki-banner-768x271.jpg 768w, https:\/\/www.bonberenea.com\/wp-content\/uploads\/2022\/08\/Irazoki-banner-1536x542.jpg 1536w, https:\/\/www.bonberenea.com\/wp-content\/uploads\/2022\/08\/Irazoki-banner-890x314.jpg 890w, https:\/\/www.bonberenea.com\/wp-content\/uploads\/2022\/08\/Irazoki-banner-663x234.jpg 663w\" sizes=\"(max-width: 1600px) 100vw, 1600px\" \/><\/p>\n<p>La \u00faltima publicaci\u00f3n de la cosecha de Bonberenea Ekintzak es este disco compartido de dos m\u00fasicos que apenas necesitan presentaci\u00f3n alguna. Los beratarras Joseba Irazoki y Petti han confeccionado un split de cuatro temas, en el que cada uno ha grabado dos. Es un trabajo rock and rollero en el que Joseba Irazoki eta Lagunak han tirado hacia la psicodelia, mientras que Petti le ha dado un toque m\u00e1s rockero.<\/p>\n<p><img decoding=\"async\" class=\"alignnone size-full wp-image-33909\" src=\"https:\/\/bonberenea.com\/wp-content\/uploads\/2022\/08\/Irazoki-eta-Petti.jpg\" alt=\"\" width=\"1532\" height=\"2048\" srcset=\"https:\/\/www.bonberenea.com\/wp-content\/uploads\/2022\/08\/Irazoki-eta-Petti.jpg 1532w, https:\/\/www.bonberenea.com\/wp-content\/uploads\/2022\/08\/Irazoki-eta-Petti-224x300.jpg 224w, https:\/\/www.bonberenea.com\/wp-content\/uploads\/2022\/08\/Irazoki-eta-Petti-766x1024.jpg 766w, https:\/\/www.bonberenea.com\/wp-content\/uploads\/2022\/08\/Irazoki-eta-Petti-768x1027.jpg 768w, https:\/\/www.bonberenea.com\/wp-content\/uploads\/2022\/08\/Irazoki-eta-Petti-1149x1536.jpg 1149w, https:\/\/www.bonberenea.com\/wp-content\/uploads\/2022\/08\/Irazoki-eta-Petti-890x1190.jpg 890w, https:\/\/www.bonberenea.com\/wp-content\/uploads\/2022\/08\/Irazoki-eta-Petti-663x886.jpg 663w, https:\/\/www.bonberenea.com\/wp-content\/uploads\/2022\/08\/Irazoki-eta-Petti-300x401.jpg 300w\" sizes=\"(max-width: 1532px) 100vw, 1532px\" \/><\/p>\n<p>Joseb Irazoki ha grabado los temas con su habitual banda, Lagunak Felix Buff a la bater\u00eda, Jaime Nieto al bajo e Ibai Gogortza a la guitarra. Petti ha contado con Sergio Gonzalez en la bater\u00eda y Karlos Osinaga al bajo y chelo. El propio Osinaga ha sido el encargado de grabar el disco en el estudio de Bonberenea y ha grabado voces en los temas de Irazoki. Jonan Ordorika ha masterizado el disco en los estudios Mamia.<\/p>\n<p>Es un disco especial. Tanto Joseba Irazoki como Petti han sido y son parte de la historia de Bonberenea durante estos 25 a\u00f1os. Irazoki ha actuado 25 veces en la casa y Petti 19. Adem\u00e1s, Petti ha grabado dos discos en directo y ha publicado un trabajo de estudio con Bonberenea Ekintzak.<\/p>\n<p><iframe title=\"JOSEBA IRAZOKI eta LAGUNAK - luka - BIDEOKLIPA - split\" width=\"500\" height=\"281\" src=\"https:\/\/www.youtube.com\/embed\/ze_BIpXThio?feature=oembed\" frameborder=\"0\" allow=\"accelerometer; autoplay; clipboard-write; encrypted-media; gyroscope; picture-in-picture\" allowfullscreen><\/iframe><\/p>\n<p><iframe title=\"JOSEBA IRAZOKI eta LAGUNAK - Azken aldia - BIDEOKLIPA - split\" width=\"500\" height=\"281\" src=\"https:\/\/www.youtube.com\/embed\/CuxdU2hKT5Q?feature=oembed\" frameborder=\"0\" allow=\"accelerometer; autoplay; clipboard-write; encrypted-media; gyroscope; picture-in-picture\" allowfullscreen><\/iframe><\/p>\n<p>Tracklist:<br \/>\nSide A (Joseba Irazoki eta Lagunak)<br \/>\n1- Azken aldia<br \/>\n2- Luka<\/p>\n<p>Side B (Petti)<br \/>\n3- Gerra bakoitzaren ondoren<br \/>\n4- Dirdira hori<\/p>\n<p>Contacto:<br \/>\njonddo27@hotmail.com<\/p>","protected":false},"excerpt":{"rendered":"<p>La \u00faltima publicaci\u00f3n de la cosecha de Bonberenea Ekintzak es este disco compartido de dos m\u00fasicos que apenas necesitan presentaci\u00f3n alguna. Los beratarras Joseba Irazoki y Petti han confeccionado un split de cuatro temas, en el que cada uno ha [&hellip;]<\/p>\n","protected":false},"featured_media":33399,"template":"","meta":{"_exactmetrics_skip_tracking":false,"_exactmetrics_sitenote_active":false,"_exactmetrics_sitenote_note":"","_exactmetrics_sitenote_category":0},"product_cat":[135],"product_tag":[],"_links":{"self":[{"href":"https:\/\/www.bonberenea.com\/es\/wp-json\/wp\/v2\/product\/34132"}],"collection":[{"href":"https:\/\/www.bonberenea.com\/es\/wp-json\/wp\/v2\/product"}],"about":[{"href":"https:\/\/www.bonberenea.com\/es\/wp-json\/wp\/v2\/types\/product"}],"wp:featuredmedia":[{"embeddable":true,"href":"https:\/\/www.bonberenea.com\/es\/wp-json\/wp\/v2\/media\/33399"}],"wp:attachment":[{"href":"https:\/\/www.bonberenea.com\/es\/wp-json\/wp\/v2\/media?parent=34132"}],"wp:term":[{"taxonomy":"product_cat","embeddable":true,"href":"https:\/\/www.bonberenea.com\/es\/wp-json\/wp\/v2\/product_cat?post=34132"},{"taxonomy":"product_tag","embeddable":true,"href":"https:\/\/www.bonberenea.com\/es\/wp-json\/wp\/v2\/product_tag?post=34132"}],"curies":[{"name":"wp","href":"https:\/\/api.w.org\/{rel}","templated":true}]}}