{"id":34128,"date":"2022-11-26T19:24:51","date_gmt":"2022-11-26T18:24:51","guid":{"rendered":"https:\/\/www.bonberenea.com\/?post_type=product&#038;p=34128"},"modified":"2022-11-26T19:25:59","modified_gmt":"2022-11-26T18:25:59","slug":"han-beratu","status":"publish","type":"product","link":"https:\/\/www.bonberenea.com\/es\/online-denda\/han-beratu\/","title":{"rendered":"Han. &#8211; Beratu"},"content":{"rendered":"<p><img decoding=\"async\" class=\"alignnone size-full wp-image-32691\" src=\"https:\/\/bonberenea.com\/wp-content\/uploads\/2022\/03\/Han-Banner.jpg\" alt=\"\" width=\"1600\" height=\"565\" srcset=\"https:\/\/www.bonberenea.com\/wp-content\/uploads\/2022\/03\/Han-Banner.jpg 1600w, https:\/\/www.bonberenea.com\/wp-content\/uploads\/2022\/03\/Han-Banner-300x106.jpg 300w, https:\/\/www.bonberenea.com\/wp-content\/uploads\/2022\/03\/Han-Banner-1024x362.jpg 1024w, https:\/\/www.bonberenea.com\/wp-content\/uploads\/2022\/03\/Han-Banner-768x271.jpg 768w, https:\/\/www.bonberenea.com\/wp-content\/uploads\/2022\/03\/Han-Banner-1536x542.jpg 1536w, https:\/\/www.bonberenea.com\/wp-content\/uploads\/2022\/03\/Han-Banner-890x314.jpg 890w, https:\/\/www.bonberenea.com\/wp-content\/uploads\/2022\/03\/Han-Banner-663x234.jpg 663w\" sizes=\"(max-width: 1600px) 100vw, 1600px\" \/><\/p>\n<p>Han pasado 7 a\u00f1os desde que presentamos nuestro primer trabajo. Despu\u00e9s de dar varios conciertos, la cantante abandon\u00f3 el grupo.<\/p>\n<p>Continuamos componiendo musicalmente, siempre pensando que un cuarto miembro\/a se unir\u00eda a la banda en la voz, pero a medida que pasaban los a\u00f1os y tras intentarlo con varios amigos\/as, decidimos seguir adelante como tr\u00edo.<\/p>\n<p>Nuestro reto era convertir todas las ideas musicales que ten\u00edamos en canciones y grabarlas, aportando la voz entre los tres.<\/p>\n<p>Beratu, el disco que estamos presentando, lo grabamos en el local de ensayo en junio de 2021 y se mezcl\u00f3 los \u00faltimos d\u00edas de diciembre. Todo el proceso lo hemos hecho con amigos de nuestro entorno y utilizando nuestros propios recursos.<\/p>\n<p>Miguel Alonso ha trabajado como t\u00e9cnico y Nerea tambi\u00e9n ha intervenido en el dise\u00f1o de la portada y en algunos coros.<\/p>\n<p>Hoy HAN. somos Miguel Le\u00f3n, Karlos G\u00f3mez y Gorka Molero.<\/p>\n<p>Al principio pensamos en sacar el disco solo en plataformas digitales pero finalmente tambi\u00e9n se publicar\u00e1 en soporte f\u00edsico de la mano de Bonberenea Ekintzak.<\/p>\n<p><img decoding=\"async\" class=\"alignnone size-full wp-image-32692\" src=\"https:\/\/bonberenea.com\/wp-content\/uploads\/2022\/03\/Han-promo-argazkia-scaled.jpg\" alt=\"\" width=\"2560\" height=\"1920\" srcset=\"https:\/\/www.bonberenea.com\/wp-content\/uploads\/2022\/03\/Han-promo-argazkia-scaled.jpg 2560w, https:\/\/www.bonberenea.com\/wp-content\/uploads\/2022\/03\/Han-promo-argazkia-300x225.jpg 300w, https:\/\/www.bonberenea.com\/wp-content\/uploads\/2022\/03\/Han-promo-argazkia-1024x768.jpg 1024w, https:\/\/www.bonberenea.com\/wp-content\/uploads\/2022\/03\/Han-promo-argazkia-768x576.jpg 768w, https:\/\/www.bonberenea.com\/wp-content\/uploads\/2022\/03\/Han-promo-argazkia-1536x1152.jpg 1536w, https:\/\/www.bonberenea.com\/wp-content\/uploads\/2022\/03\/Han-promo-argazkia-2048x1536.jpg 2048w, https:\/\/www.bonberenea.com\/wp-content\/uploads\/2022\/03\/Han-promo-argazkia-890x668.jpg 890w, https:\/\/www.bonberenea.com\/wp-content\/uploads\/2022\/03\/Han-promo-argazkia-663x497.jpg 663w, https:\/\/www.bonberenea.com\/wp-content\/uploads\/2022\/03\/Han-promo-argazkia-350x262.jpg 350w\" sizes=\"(max-width: 2560px) 100vw, 2560px\" \/><\/p>\n<p><strong>TRACKLIST:<\/strong><\/p>\n<p>1- Han(II)<br \/>\n2- Red Zone<br \/>\n3- Munstroak<br \/>\n4- Ingelesetik bueltan<br \/>\n5- Igorreko misterioa<br \/>\n6- Orbainak<br \/>\n7- Zurrunbiloa<br \/>\n8- Bidaia<\/p>\n<p><strong>Contacto:<\/strong><br \/>\nhanmusikataldea@gmail.com<\/p>","protected":false},"excerpt":{"rendered":"<p>Han pasado 7 a\u00f1os desde que presentamos nuestro primer trabajo. Despu\u00e9s de dar varios conciertos, la cantante abandon\u00f3 el grupo. Continuamos componiendo musicalmente, siempre pensando que un cuarto miembro\/a se unir\u00eda a la banda en la voz, pero a medida [&hellip;]<\/p>\n","protected":false},"featured_media":32694,"template":"","meta":{"_exactmetrics_skip_tracking":false,"_exactmetrics_sitenote_active":false,"_exactmetrics_sitenote_note":"","_exactmetrics_sitenote_category":0},"product_cat":[134],"product_tag":[],"_links":{"self":[{"href":"https:\/\/www.bonberenea.com\/es\/wp-json\/wp\/v2\/product\/34128"}],"collection":[{"href":"https:\/\/www.bonberenea.com\/es\/wp-json\/wp\/v2\/product"}],"about":[{"href":"https:\/\/www.bonberenea.com\/es\/wp-json\/wp\/v2\/types\/product"}],"wp:featuredmedia":[{"embeddable":true,"href":"https:\/\/www.bonberenea.com\/es\/wp-json\/wp\/v2\/media\/32694"}],"wp:attachment":[{"href":"https:\/\/www.bonberenea.com\/es\/wp-json\/wp\/v2\/media?parent=34128"}],"wp:term":[{"taxonomy":"product_cat","embeddable":true,"href":"https:\/\/www.bonberenea.com\/es\/wp-json\/wp\/v2\/product_cat?post=34128"},{"taxonomy":"product_tag","embeddable":true,"href":"https:\/\/www.bonberenea.com\/es\/wp-json\/wp\/v2\/product_tag?post=34128"}],"curies":[{"name":"wp","href":"https:\/\/api.w.org\/{rel}","templated":true}]}}