{"id":33440,"date":"2022-09-13T05:09:16","date_gmt":"2022-09-13T04:09:16","guid":{"rendered":"https:\/\/www.bonberenea.com\/?post_type=product&#038;p=33440"},"modified":"2022-09-13T05:09:16","modified_gmt":"2022-09-13T04:09:16","slug":"modesto-newhouse-ez-dut-amets-handirik","status":"publish","type":"product","link":"https:\/\/www.bonberenea.com\/es\/online-denda\/modesto-newhouse-ez-dut-amets-handirik\/","title":{"rendered":"Modesto Newhouse &#8211; Ez dut amets handirik"},"content":{"rendered":"<p><img decoding=\"async\" class=\"alignnone size-full wp-image-33130\" src=\"https:\/\/bonberenea.com\/wp-content\/uploads\/2022\/03\/Modesto-banner-1.jpg\" alt=\"\" width=\"1600\" height=\"565\" srcset=\"https:\/\/www.bonberenea.com\/wp-content\/uploads\/2022\/03\/Modesto-banner-1.jpg 1600w, https:\/\/www.bonberenea.com\/wp-content\/uploads\/2022\/03\/Modesto-banner-1-300x106.jpg 300w, https:\/\/www.bonberenea.com\/wp-content\/uploads\/2022\/03\/Modesto-banner-1-1024x362.jpg 1024w, https:\/\/www.bonberenea.com\/wp-content\/uploads\/2022\/03\/Modesto-banner-1-768x271.jpg 768w, https:\/\/www.bonberenea.com\/wp-content\/uploads\/2022\/03\/Modesto-banner-1-1536x542.jpg 1536w, https:\/\/www.bonberenea.com\/wp-content\/uploads\/2022\/03\/Modesto-banner-1-890x314.jpg 890w, https:\/\/www.bonberenea.com\/wp-content\/uploads\/2022\/03\/Modesto-banner-1-663x234.jpg 663w\" sizes=\"(max-width: 1600px) 100vw, 1600px\" \/><\/p>\n<p>&#8220;En estos tiempos inmorales y sin escr\u00fapulos, en los que esperamos grandes resultados instant\u00e1neos, he realizado mi primera trabajo. Han sido tres a\u00f1os de conocimiento de m\u00ed mismo, plasmados en un trabajo que he hecho con mucho mimo, en casa, s\u00f3lo y sin tener que obedecer ning\u00fan mandato vertical de nadie, alej\u00e1ndome todo lo posible de esta sociedad acelerada que hemos normalizado&#8221; MODESTO NEWHOUSE<\/p>\n<p><img decoding=\"async\" class=\"alignnone size-full wp-image-33129\" src=\"https:\/\/bonberenea.com\/wp-content\/uploads\/2022\/03\/Modesto-arg.jpg\" alt=\"\" width=\"1069\" height=\"1264\" srcset=\"https:\/\/www.bonberenea.com\/wp-content\/uploads\/2022\/03\/Modesto-arg.jpg 1069w, https:\/\/www.bonberenea.com\/wp-content\/uploads\/2022\/03\/Modesto-arg-254x300.jpg 254w, https:\/\/www.bonberenea.com\/wp-content\/uploads\/2022\/03\/Modesto-arg-866x1024.jpg 866w, https:\/\/www.bonberenea.com\/wp-content\/uploads\/2022\/03\/Modesto-arg-768x908.jpg 768w, https:\/\/www.bonberenea.com\/wp-content\/uploads\/2022\/03\/Modesto-arg-890x1052.jpg 890w, https:\/\/www.bonberenea.com\/wp-content\/uploads\/2022\/03\/Modesto-arg-663x784.jpg 663w, https:\/\/www.bonberenea.com\/wp-content\/uploads\/2022\/03\/Modesto-arg-300x355.jpg 300w\" sizes=\"(max-width: 1069px) 100vw, 1069px\" \/><\/p>\n<p>Tracklist<br \/>\n1- Izana<br \/>\n2- Bizitza zirkularra<br \/>\n3- Eki (Noor)<br \/>\n4- Danon Beharra (Arin ari\u00f1e)<br \/>\n5- 2020 Martxoa<br \/>\n6- Ez dut amers handirik<\/p>\n<p>Contacto<br \/>\nmodestonewhouse@gmail.com<\/p>","protected":false},"excerpt":{"rendered":"<p>&#8220;En estos tiempos inmorales y sin escr\u00fapulos, en los que esperamos grandes resultados instant\u00e1neos, he realizado mi primera trabajo. Han sido tres a\u00f1os de conocimiento de m\u00ed mismo, plasmados en un trabajo que he hecho con mucho mimo, en casa, [&hellip;]<\/p>\n","protected":false},"featured_media":32728,"template":"","meta":{"_exactmetrics_skip_tracking":false,"_exactmetrics_sitenote_active":false,"_exactmetrics_sitenote_note":"","_exactmetrics_sitenote_category":0},"product_cat":[451],"product_tag":[],"_links":{"self":[{"href":"https:\/\/www.bonberenea.com\/es\/wp-json\/wp\/v2\/product\/33440"}],"collection":[{"href":"https:\/\/www.bonberenea.com\/es\/wp-json\/wp\/v2\/product"}],"about":[{"href":"https:\/\/www.bonberenea.com\/es\/wp-json\/wp\/v2\/types\/product"}],"wp:featuredmedia":[{"embeddable":true,"href":"https:\/\/www.bonberenea.com\/es\/wp-json\/wp\/v2\/media\/32728"}],"wp:attachment":[{"href":"https:\/\/www.bonberenea.com\/es\/wp-json\/wp\/v2\/media?parent=33440"}],"wp:term":[{"taxonomy":"product_cat","embeddable":true,"href":"https:\/\/www.bonberenea.com\/es\/wp-json\/wp\/v2\/product_cat?post=33440"},{"taxonomy":"product_tag","embeddable":true,"href":"https:\/\/www.bonberenea.com\/es\/wp-json\/wp\/v2\/product_tag?post=33440"}],"curies":[{"name":"wp","href":"https:\/\/api.w.org\/{rel}","templated":true}]}}