{"id":32872,"date":"2022-04-04T18:43:12","date_gmt":"2022-04-04T17:43:12","guid":{"rendered":"https:\/\/www.bonberenea.com\/?post_type=product&#038;p=32872"},"modified":"2022-11-26T19:18:58","modified_gmt":"2022-11-26T18:18:58","slug":"sofa-krispetak","status":"publish","type":"product","link":"https:\/\/www.bonberenea.com\/es\/online-denda\/sofa-krispetak\/","title":{"rendered":"Sofa &#8211; Krispetak"},"content":{"rendered":"<p><img decoding=\"async\" class=\"alignnone size-full wp-image-32565\" src=\"https:\/\/bonberenea.com\/wp-content\/uploads\/2022\/02\/Sofa-Banner.jpg\" alt=\"\" width=\"1600\" height=\"565\" srcset=\"https:\/\/www.bonberenea.com\/wp-content\/uploads\/2022\/02\/Sofa-Banner.jpg 1600w, https:\/\/www.bonberenea.com\/wp-content\/uploads\/2022\/02\/Sofa-Banner-300x106.jpg 300w, https:\/\/www.bonberenea.com\/wp-content\/uploads\/2022\/02\/Sofa-Banner-1024x362.jpg 1024w, https:\/\/www.bonberenea.com\/wp-content\/uploads\/2022\/02\/Sofa-Banner-768x271.jpg 768w, https:\/\/www.bonberenea.com\/wp-content\/uploads\/2022\/02\/Sofa-Banner-1536x542.jpg 1536w, https:\/\/www.bonberenea.com\/wp-content\/uploads\/2022\/02\/Sofa-Banner-890x314.jpg 890w, https:\/\/www.bonberenea.com\/wp-content\/uploads\/2022\/02\/Sofa-Banner-663x234.jpg 663w\" sizes=\"(max-width: 1600px) 100vw, 1600px\" \/><\/p>\n<p>C\u00f3modos pero sin poder contenerse, ese es el modo de estar de Sofa. Les va el movimiento perpetuo, encontrar nuevos puntos de equilibrio y as\u00ed evitar acomodarse. Lo de los Guipuzcoanos no es innovar por innovar: es, m\u00e1s bien, reflejo de una inquietud, una forma de detenerse.<\/p>\n<p>Coincidiendo con el d\u00e9cimo aniversario de la banda desde que empezaron a ensayar, vienen a presentar 8 nuevos temas propios. Temas que llegan votando igual que granos de ma\u00edz en la sart\u00e9n. De hecho, es as\u00ed como han nombrado el disco, \u201cKrispetak\u201d, que significa palomitas en vasco.<\/p>\n<p>El tr\u00edo, que hasta ahora se hab\u00eda resistido a cantar, tambi\u00e9n nos presenta su voz. Pero que esto no os ciegue. La esencia de su m\u00fasica sigue siendo la misma, no es que el narrador haya cambiado demasiado las cosas. Los de Sofa prefieren hacerlo al rev\u00e9s, se empe\u00f1an en buscar la sonoridad de las palabras trabajando el discurso de los sonidos. Lo hacen con mucha elegan- cia, adem\u00e1s. Saben c\u00f3mo aunar fuerza y melod\u00eda, son h\u00e1biles anudando el golpe r\u00edtmico del bajo y la bater\u00eda con el brillo de la guitarra. As\u00ed ha sido hasta ahora y en este tercer trabajo siguen igual. Tienen la determinaci\u00f3n de huir de exhibicionismos, adoran sin pudor el juego y la acci\u00f3n. Por eso sus canciones son tan redondas, porque no han perdido la capacidad de pellizcarte.<\/p>\n<p>Son palomitas, s\u00ed, pero no de esas tan coloridas como sosas. Son granos naturales, de ma\u00edz, que saltan al poner la olla en el fuego. A pesar de que sus volteretas son impredecibles, son id\u00f3neas para cualquier encuentro entre amigas, y lo que los hace tan especiales y, a su vez, tan frescos y cercanos.<\/p>\n<p><img decoding=\"async\" class=\"alignnone size-full wp-image-32570\" src=\"https:\/\/bonberenea.com\/wp-content\/uploads\/2022\/02\/Sofa-arg-scaled.jpg\" alt=\"\" width=\"2560\" height=\"1707\" srcset=\"https:\/\/www.bonberenea.com\/wp-content\/uploads\/2022\/02\/Sofa-arg-scaled.jpg 2560w, https:\/\/www.bonberenea.com\/wp-content\/uploads\/2022\/02\/Sofa-arg-300x200.jpg 300w, https:\/\/www.bonberenea.com\/wp-content\/uploads\/2022\/02\/Sofa-arg-1024x683.jpg 1024w, https:\/\/www.bonberenea.com\/wp-content\/uploads\/2022\/02\/Sofa-arg-768x512.jpg 768w, https:\/\/www.bonberenea.com\/wp-content\/uploads\/2022\/02\/Sofa-arg-1536x1024.jpg 1536w, https:\/\/www.bonberenea.com\/wp-content\/uploads\/2022\/02\/Sofa-arg-2048x1365.jpg 2048w, https:\/\/www.bonberenea.com\/wp-content\/uploads\/2022\/02\/Sofa-arg-890x593.jpg 890w, https:\/\/www.bonberenea.com\/wp-content\/uploads\/2022\/02\/Sofa-arg-663x442.jpg 663w\" sizes=\"(max-width: 2560px) 100vw, 2560px\" \/><\/p>\n<p>Despu\u00e9s de m\u00e1s de 50 conciertos en la gira de presentaci\u00f3n de su anterior trabajo \u2018II\u2019, Sesma dej\u00f3 el grupo y entr\u00f3 Eloy (Fly shit) para encargarse de aporrear la bater\u00eda. Tras unos pocos conciertos decidieron hacer caso a las ganas de hacer algo nuevo y se tomaron las cosas con calma para componer su nuevo disco. Sesma todav\u00eda sigue siendo parte activa del grupo, ya que se ha encargado de todo el Artwork (Gatza Factory).<\/p>\n<p>E\u00f1aut Gazta\u00f1aga (Grises, Ezpalak) ha sido el encargado de grabar los temas a fuego lento en su estudio \u2018Gaztain Estudios\u2019. A la hora de mezclar, han trabajado conjuntamente con Tom Peters (Alpha Male Tea Party) en \u2018Trapdoor Studios\u2019 en Liverpool y para la masterizaci\u00f3n han contado con la ayuda de Estanis Elorza \u2018Dr. Master\u2019.<\/p>\n<p>El disco lo coeditan Bonberenea Ekintzak y BCore.<\/p>\n<p><iframe title=\"SOFA - zelatun - bideoklipa\" width=\"500\" height=\"281\" src=\"https:\/\/www.youtube.com\/embed\/EyViYrJ0j40?feature=oembed\" frameborder=\"0\" allow=\"accelerometer; autoplay; clipboard-write; encrypted-media; gyroscope; picture-in-picture\" allowfullscreen><\/iframe><\/p>\n<p>Cara A<br \/>\n1- Zartaiko parakaidista<br \/>\n2- Alegrergela<br \/>\n3- Kokodrilua ta bihurgunia&#8230;Kotxia lapurtu ta perretxiku bila doaz<br \/>\n4- Zelatun<\/p>\n<p>Cara B<br \/>\n5- Boli Kosta<br \/>\n6- Aizkolari ilustrado<br \/>\n7- Kokolo<br \/>\n8- I\u00f1urritzako moby dick<\/p>\n<p>Contacto:<br \/>\nZuresofa@gmail.com<br \/>\n634 211 861 (Kepa)<\/p>","protected":false},"excerpt":{"rendered":"<p>C\u00f3modos pero sin poder contenerse, ese es el modo de estar de Sofa. Les va el movimiento perpetuo, encontrar nuevos puntos de equilibrio y as\u00ed evitar acomodarse. Lo de los Guipuzcoanos no es innovar por innovar: es, m\u00e1s bien, reflejo [&hellip;]<\/p>\n","protected":false},"featured_media":32559,"template":"","meta":{"_exactmetrics_skip_tracking":false,"_exactmetrics_sitenote_active":false,"_exactmetrics_sitenote_note":"","_exactmetrics_sitenote_category":0},"product_cat":[451],"product_tag":[594,442,205,600,520],"_links":{"self":[{"href":"https:\/\/www.bonberenea.com\/es\/wp-json\/wp\/v2\/product\/32872"}],"collection":[{"href":"https:\/\/www.bonberenea.com\/es\/wp-json\/wp\/v2\/product"}],"about":[{"href":"https:\/\/www.bonberenea.com\/es\/wp-json\/wp\/v2\/types\/product"}],"wp:featuredmedia":[{"embeddable":true,"href":"https:\/\/www.bonberenea.com\/es\/wp-json\/wp\/v2\/media\/32559"}],"wp:attachment":[{"href":"https:\/\/www.bonberenea.com\/es\/wp-json\/wp\/v2\/media?parent=32872"}],"wp:term":[{"taxonomy":"product_cat","embeddable":true,"href":"https:\/\/www.bonberenea.com\/es\/wp-json\/wp\/v2\/product_cat?post=32872"},{"taxonomy":"product_tag","embeddable":true,"href":"https:\/\/www.bonberenea.com\/es\/wp-json\/wp\/v2\/product_tag?post=32872"}],"curies":[{"name":"wp","href":"https:\/\/api.w.org\/{rel}","templated":true}]}}