{"id":32871,"date":"2022-04-04T18:39:51","date_gmt":"2022-04-04T17:39:51","guid":{"rendered":"https:\/\/www.bonberenea.com\/?post_type=product&#038;p=32871"},"modified":"2023-02-25T19:00:51","modified_gmt":"2023-02-25T18:00:51","slug":"rodeo-moira","status":"publish","type":"product","link":"https:\/\/www.bonberenea.com\/es\/online-denda\/rodeo-moira\/","title":{"rendered":"Rodeo &#8211; Moira"},"content":{"rendered":"<p><img decoding=\"async\" class=\"alignnone size-full wp-image-32567\" src=\"https:\/\/bonberenea.com\/wp-content\/uploads\/2022\/02\/Rodeo-banner.jpg\" alt=\"\" width=\"1600\" height=\"565\" srcset=\"https:\/\/www.bonberenea.com\/wp-content\/uploads\/2022\/02\/Rodeo-banner.jpg 1600w, https:\/\/www.bonberenea.com\/wp-content\/uploads\/2022\/02\/Rodeo-banner-300x106.jpg 300w, https:\/\/www.bonberenea.com\/wp-content\/uploads\/2022\/02\/Rodeo-banner-1024x362.jpg 1024w, https:\/\/www.bonberenea.com\/wp-content\/uploads\/2022\/02\/Rodeo-banner-768x271.jpg 768w, https:\/\/www.bonberenea.com\/wp-content\/uploads\/2022\/02\/Rodeo-banner-1536x542.jpg 1536w, https:\/\/www.bonberenea.com\/wp-content\/uploads\/2022\/02\/Rodeo-banner-890x314.jpg 890w, https:\/\/www.bonberenea.com\/wp-content\/uploads\/2022\/02\/Rodeo-banner-663x234.jpg 663w\" sizes=\"(max-width: 1600px) 100vw, 1600px\" \/><\/p>\n<p>Esta es la primera parte del \u00e1lbum doble que lanzaremos en 2022. Continuaremos con Prometeo, que ser\u00e1 un precedente conceptual para esto. MOIRA es la dominaci\u00f3n y el determinismo que escond\u00eda el falso para\u00edso de la libertad que ha surgido en la coyuntura actual. A lo largo de este registro, desde este punto de vista, se convertir\u00e1 en un sujeto (Prometeo) que reproduce la clase obrera, el cosmos de la sociedad moderna y el poder de dios\/capital.<\/p>\n<p><img decoding=\"async\" class=\"alignnone size-full wp-image-32573\" src=\"https:\/\/bonberenea.com\/wp-content\/uploads\/2022\/02\/Rodeo.jpg\" alt=\"\" width=\"1024\" height=\"683\" srcset=\"https:\/\/www.bonberenea.com\/wp-content\/uploads\/2022\/02\/Rodeo.jpg 1024w, https:\/\/www.bonberenea.com\/wp-content\/uploads\/2022\/02\/Rodeo-300x200.jpg 300w, https:\/\/www.bonberenea.com\/wp-content\/uploads\/2022\/02\/Rodeo-768x512.jpg 768w, https:\/\/www.bonberenea.com\/wp-content\/uploads\/2022\/02\/Rodeo-890x594.jpg 890w, https:\/\/www.bonberenea.com\/wp-content\/uploads\/2022\/02\/Rodeo-663x442.jpg 663w\" sizes=\"(max-width: 1024px) 100vw, 1024px\" \/><\/p>\n<p>Por primera vez en la carrera de Rodeo, hemos trabajado con un productor musical diferente en este disco. Este trabajo ha sido producido en el estudio de Bonberenea a manos de Karlos Osinaga \u201cTxap\u201d, en el hemos querido plasmar un sonido crudo y lleno de rabia. No solo hemos jugado con nuevos ritmos, sino que tambi\u00e9n nos hemos atrevido a a probar nuevos instrumentos. Aparte de esto nos hemos centrado en darle continuidad a este trabajo de principio a fin y creemos que lo hemos conseguido<\/p>\n<p><iframe title=\"Rodeo - Therion (Official Video)\" width=\"500\" height=\"281\" src=\"https:\/\/www.youtube.com\/embed\/gJPLc03b8Zs?feature=oembed\" frameborder=\"0\" allow=\"accelerometer; autoplay; clipboard-write; encrypted-media; gyroscope; picture-in-picture; web-share\" allowfullscreen><\/iframe><\/p>\n<p><iframe title=\"Rodeo - Atlas (Official Video)\" width=\"500\" height=\"281\" src=\"https:\/\/www.youtube.com\/embed\/yVna2yhs388?feature=oembed\" frameborder=\"0\" allow=\"accelerometer; autoplay; clipboard-write; encrypted-media; gyroscope; picture-in-picture; web-share\" allowfullscreen><\/iframe><\/p>\n<p>Tracklist:<br \/>\nCara A<br \/>\n1 Therion<br \/>\n2 Chronos<br \/>\n3 Hermes<br \/>\n4 Moira<br \/>\n5 Tartaro<br \/>\nCara B<br \/>\n6 Metamorfosis l<br \/>\n7 Atlas<br \/>\n8 Metamorfosis ll<br \/>\n9 Geras<br \/>\n10 Krinein<\/p>\n<p>Contacto:<br \/>\nRodeostoner@gmail.com<br \/>\n688 683 804 (Oier)<\/p>\n<div id=\"essb_displayed_bottom_2066871190\" class=\"essb_links essb_counters essb_displayed_bottom essb_share essb_template_grey-blocks-retina essb_2066871190 essb_links_center print-no\" data-essb-postid=\"30037\" data-essb-position=\"bottom\" data-essb-button-style=\"icon\" data-essb-template=\"grey-blocks-retina\" data-essb-counter-pos=\"right\" data-essb-url=\"https:\/\/bonberenea.com\/bonberenea-ekintzak\/album\/rodeo-ezherrian\/\" data-essb-twitter-url=\"https:\/\/bonberenea.com\/bonberenea-ekintzak\/album\/rodeo-ezherrian\/\" data-essb-instance=\"2066871190\"><\/div>\n<p><\/p>","protected":false},"excerpt":{"rendered":"<p>Esta es la primera parte del \u00e1lbum doble que lanzaremos en 2022. Continuaremos con Prometeo, que ser\u00e1 un precedente conceptual para esto. MOIRA es la dominaci\u00f3n y el determinismo que escond\u00eda el falso para\u00edso de la libertad que ha surgido [&hellip;]<\/p>\n","protected":false},"featured_media":32572,"template":"","meta":{"_exactmetrics_skip_tracking":false,"_exactmetrics_sitenote_active":false,"_exactmetrics_sitenote_note":"","_exactmetrics_sitenote_category":0},"product_cat":[451],"product_tag":[594,442,205,599,584],"_links":{"self":[{"href":"https:\/\/www.bonberenea.com\/es\/wp-json\/wp\/v2\/product\/32871"}],"collection":[{"href":"https:\/\/www.bonberenea.com\/es\/wp-json\/wp\/v2\/product"}],"about":[{"href":"https:\/\/www.bonberenea.com\/es\/wp-json\/wp\/v2\/types\/product"}],"wp:featuredmedia":[{"embeddable":true,"href":"https:\/\/www.bonberenea.com\/es\/wp-json\/wp\/v2\/media\/32572"}],"wp:attachment":[{"href":"https:\/\/www.bonberenea.com\/es\/wp-json\/wp\/v2\/media?parent=32871"}],"wp:term":[{"taxonomy":"product_cat","embeddable":true,"href":"https:\/\/www.bonberenea.com\/es\/wp-json\/wp\/v2\/product_cat?post=32871"},{"taxonomy":"product_tag","embeddable":true,"href":"https:\/\/www.bonberenea.com\/es\/wp-json\/wp\/v2\/product_tag?post=32871"}],"curies":[{"name":"wp","href":"https:\/\/api.w.org\/{rel}","templated":true}]}}