{"id":32578,"date":"2022-02-17T00:00:50","date_gmt":"2022-02-16T23:00:50","guid":{"rendered":"https:\/\/www.bonberenea.com\/?post_type=product&#038;p=32578"},"modified":"2023-02-25T20:25:17","modified_gmt":"2023-02-25T19:25:17","slug":"occhi-di-farfalla-iraun","status":"publish","type":"product","link":"https:\/\/www.bonberenea.com\/es\/online-denda\/occhi-di-farfalla-iraun\/","title":{"rendered":"Occhi di farfalla &#8211; Iraun"},"content":{"rendered":"<p><img decoding=\"async\" class=\"alignnone size-full wp-image-32562\" src=\"https:\/\/bonberenea.com\/wp-content\/uploads\/2022\/02\/Occhi-banner.jpg\" alt=\"\" width=\"1600\" height=\"565\" srcset=\"https:\/\/www.bonberenea.com\/wp-content\/uploads\/2022\/02\/Occhi-banner.jpg 1600w, https:\/\/www.bonberenea.com\/wp-content\/uploads\/2022\/02\/Occhi-banner-300x106.jpg 300w, https:\/\/www.bonberenea.com\/wp-content\/uploads\/2022\/02\/Occhi-banner-1024x362.jpg 1024w, https:\/\/www.bonberenea.com\/wp-content\/uploads\/2022\/02\/Occhi-banner-768x271.jpg 768w, https:\/\/www.bonberenea.com\/wp-content\/uploads\/2022\/02\/Occhi-banner-1536x542.jpg 1536w, https:\/\/www.bonberenea.com\/wp-content\/uploads\/2022\/02\/Occhi-banner-890x314.jpg 890w, https:\/\/www.bonberenea.com\/wp-content\/uploads\/2022\/02\/Occhi-banner-663x234.jpg 663w\" sizes=\"(max-width: 1600px) 100vw, 1600px\" \/><\/p>\n<p>. . . T E N E M O S V O L U N T A D D E P E R M A N E C E R . A P R E T A R L O S D I E N T E S , E N F U R E C E R N O S , A N U D A R L A G A R G A N T A Y R E S I S T I R . R E C O R D A R Q U E H A Y O T R A S F O R M A S D E V I V I R Y P E R S I S T I R . C O M O L A S O L A S D E L M A R , P E R S I S T I R . P E R M A N E C E R I N F I E L . S A B E M O S Q U E S O L A S N O P O D E M O S C O N S T R U I R N U E V O S C A M I N O S . E N R E D A R S E Y P E R S I S T I R . . .<\/p>\n<p>&nbsp;<\/p>\n<p>Este disco, que hemos publicado en formato LP y CD, consta de 7 canciones y ha sido grabado con Kaki Arkarazo en los Estudios Garate de Andoain. La pandemia nos oblig\u00f3 a suspender la gira de presentaci\u00f3n del disco anterior en Euskal Herria y varios paises de Europa. Ante esta dificil situaci\u00f3n, en 2020 reformulamos la banda y comenzamos a crear nuevas canciones. Fruto del trabajo de esta \u00e9poca es el pr\u00f3ximo disco <b>Iraun<\/b>.<\/p>\n<p>Hemos completado un disco el\u00e9ctrico y con fuerza, y saldr\u00e1 de la mano de BONBERENEA EKINTZAK. M\u00fasicos de Euskal Herria, Mallorca, Argentina y Canad\u00e1 nos hemos reunido para grabar este disco. En el directo actuar\u00e1 Alexander Zubizarreta Aramendi, de la banda Giranice.<\/p>\n<p><img decoding=\"async\" class=\"alignnone size-full wp-image-32561\" src=\"https:\/\/bonberenea.com\/wp-content\/uploads\/2022\/02\/Denon_argazkia_promoako-scaled.jpg\" alt=\"\" width=\"2560\" height=\"1457\" srcset=\"https:\/\/www.bonberenea.com\/wp-content\/uploads\/2022\/02\/Denon_argazkia_promoako-scaled.jpg 2560w, https:\/\/www.bonberenea.com\/wp-content\/uploads\/2022\/02\/Denon_argazkia_promoako-300x171.jpg 300w, https:\/\/www.bonberenea.com\/wp-content\/uploads\/2022\/02\/Denon_argazkia_promoako-1024x583.jpg 1024w, https:\/\/www.bonberenea.com\/wp-content\/uploads\/2022\/02\/Denon_argazkia_promoako-768x437.jpg 768w, https:\/\/www.bonberenea.com\/wp-content\/uploads\/2022\/02\/Denon_argazkia_promoako-1536x874.jpg 1536w, https:\/\/www.bonberenea.com\/wp-content\/uploads\/2022\/02\/Denon_argazkia_promoako-2048x1166.jpg 2048w, https:\/\/www.bonberenea.com\/wp-content\/uploads\/2022\/02\/Denon_argazkia_promoako-890x507.jpg 890w, https:\/\/www.bonberenea.com\/wp-content\/uploads\/2022\/02\/Denon_argazkia_promoako-663x377.jpg 663w\" sizes=\"(max-width: 2560px) 100vw, 2560px\" \/><\/p>\n<p><iframe title=\"occhi di farfalla - SANATORIUM\" width=\"500\" height=\"281\" src=\"https:\/\/www.youtube.com\/embed\/8MtgWoQzRxs?feature=oembed\" frameborder=\"0\" allow=\"accelerometer; autoplay; clipboard-write; encrypted-media; gyroscope; picture-in-picture; web-share\" allowfullscreen><\/iframe><\/p>\n<p>Tracklist<br \/>\nSanatorium<br \/>\nDenok zimelduko gara<br \/>\nIruten daude hiru serora<br \/>\nDesamodioaren gizakiak<br \/>\nIraganik gabe<br \/>\nBeste behin esnatu naiz<br \/>\nOihu bat<\/p>\n<p><span class=\"Apple-converted-space\">Contacto:<br \/>\n605 70 43 95 (H) \/ 678 54 60 51 (M)<br \/>\nocchidifarfalla@gmail.com<br \/>\nwww.occhidifarfalla.bandcamp.com<\/span><\/p>\n","protected":false},"excerpt":{"rendered":"<p>. . . T E N E M O S V O L U N T A D D E P E R M A N E C E R . A P R E T A R L O [&hellip;]<\/p>\n","protected":false},"featured_media":32558,"template":"","meta":{"_exactmetrics_skip_tracking":false,"_exactmetrics_sitenote_active":false,"_exactmetrics_sitenote_note":"","_exactmetrics_sitenote_category":0},"product_cat":[134,451],"product_tag":[594,442,205,595],"_links":{"self":[{"href":"https:\/\/www.bonberenea.com\/es\/wp-json\/wp\/v2\/product\/32578"}],"collection":[{"href":"https:\/\/www.bonberenea.com\/es\/wp-json\/wp\/v2\/product"}],"about":[{"href":"https:\/\/www.bonberenea.com\/es\/wp-json\/wp\/v2\/types\/product"}],"wp:featuredmedia":[{"embeddable":true,"href":"https:\/\/www.bonberenea.com\/es\/wp-json\/wp\/v2\/media\/32558"}],"wp:attachment":[{"href":"https:\/\/www.bonberenea.com\/es\/wp-json\/wp\/v2\/media?parent=32578"}],"wp:term":[{"taxonomy":"product_cat","embeddable":true,"href":"https:\/\/www.bonberenea.com\/es\/wp-json\/wp\/v2\/product_cat?post=32578"},{"taxonomy":"product_tag","embeddable":true,"href":"https:\/\/www.bonberenea.com\/es\/wp-json\/wp\/v2\/product_tag?post=32578"}],"curies":[{"name":"wp","href":"https:\/\/api.w.org\/{rel}","templated":true}]}}