{"id":32482,"date":"2022-02-03T18:13:42","date_gmt":"2022-02-03T17:13:42","guid":{"rendered":"https:\/\/www.bonberenea.com\/?post_type=product&#038;p=32482"},"modified":"2022-02-03T18:16:05","modified_gmt":"2022-02-03T17:16:05","slug":"bonberenea-txaranga-izurritearen-gorabeherak","status":"publish","type":"product","link":"https:\/\/www.bonberenea.com\/es\/online-denda\/bonberenea-txaranga-izurritearen-gorabeherak\/","title":{"rendered":"Bonberenea Txaranga &#8211; Izurritearen gorabeherak"},"content":{"rendered":"<p><img decoding=\"async\" class=\"alignnone size-full wp-image-32171\" src=\"https:\/\/bonberenea.com\/wp-content\/uploads\/2021\/07\/Banner-Txaranga.jpg\" alt=\"\" width=\"1600\" height=\"565\" srcset=\"https:\/\/www.bonberenea.com\/wp-content\/uploads\/2021\/07\/Banner-Txaranga.jpg 1600w, https:\/\/www.bonberenea.com\/wp-content\/uploads\/2021\/07\/Banner-Txaranga-300x106.jpg 300w, https:\/\/www.bonberenea.com\/wp-content\/uploads\/2021\/07\/Banner-Txaranga-1024x362.jpg 1024w, https:\/\/www.bonberenea.com\/wp-content\/uploads\/2021\/07\/Banner-Txaranga-768x271.jpg 768w, https:\/\/www.bonberenea.com\/wp-content\/uploads\/2021\/07\/Banner-Txaranga-1536x542.jpg 1536w, https:\/\/www.bonberenea.com\/wp-content\/uploads\/2021\/07\/Banner-Txaranga-890x314.jpg 890w, https:\/\/www.bonberenea.com\/wp-content\/uploads\/2021\/07\/Banner-Txaranga-663x234.jpg 663w\" sizes=\"(max-width: 1600px) 100vw, 1600px\" \/><\/p>\n<p>Izurritearen gorabeherak. Este es el nombre del nuevo trabajo de Bonberenea Txaranga. Estamos ante una consecuencia (positiva) directa de la pandemia. La reflexi\u00f3n causada por el confinamiento ha llevado a la txaranga a tirar de sus ra\u00edces con la curiosidad de saber qui\u00e9n es y de d\u00f3nde proviene. He aqu\u00ed el resultado, un trabajo formado por 8 canciones, compuesto por arreglos de canciones de los grupos de m\u00fasica vascos e internacionales m\u00e1s significativos. Negu Gorriak, Sorotan Bele, Sex Pistols, Nirvana,\u2026 los componentes han preparado estilos diversos en la cocina de Bonberenea, guiados por el chef Karlos Osinaga. A su vez, las colaboraciones inestimables de Gorka Otamendi, Zigor Sagarna y Ander Agirrezabala han aportado fuerza adicional a la presencia de voces y arreglos de la agrupaci\u00f3n, poniendo la guinda al men\u00fa cocinado. La vacuna m\u00e1s eficaz, por tanto, ya sabemos d\u00f3nde encontrarlo.<\/p>\n<p>Efectos secundarios: a mayor disfrute, mayor necesidad. T\u00f3malo con tranquilidad y goza del momento, esa es la recomendaci\u00f3n.<\/p>\n<p>&nbsp;<\/p>\n<p><img decoding=\"async\" class=\"alignnone size-full wp-image-31558\" src=\"https:\/\/bonberenea.com\/wp-content\/uploads\/2021\/07\/BTX-argazkia.jpg\" alt=\"\" width=\"1600\" height=\"1145\" srcset=\"https:\/\/www.bonberenea.com\/wp-content\/uploads\/2021\/07\/BTX-argazkia.jpg 1600w, https:\/\/www.bonberenea.com\/wp-content\/uploads\/2021\/07\/BTX-argazkia-300x215.jpg 300w, https:\/\/www.bonberenea.com\/wp-content\/uploads\/2021\/07\/BTX-argazkia-1024x733.jpg 1024w, https:\/\/www.bonberenea.com\/wp-content\/uploads\/2021\/07\/BTX-argazkia-768x550.jpg 768w, https:\/\/www.bonberenea.com\/wp-content\/uploads\/2021\/07\/BTX-argazkia-1536x1099.jpg 1536w, https:\/\/www.bonberenea.com\/wp-content\/uploads\/2021\/07\/BTX-argazkia-890x637.jpg 890w, https:\/\/www.bonberenea.com\/wp-content\/uploads\/2021\/07\/BTX-argazkia-663x474.jpg 663w\" sizes=\"(max-width: 1600px) 100vw, 1600px\" \/><\/p>\n<p><strong>TrackList<br \/>\n<\/strong>1- \u00a0Izurritean<br \/>\n2- Rahim Irratia<br \/>\n3- Gazte izpiritu usaina<br \/>\n4- Ama barkatu<br \/>\n5- Jainkoak salba dezala erregina<br \/>\n6- Ez! Posible da<br \/>\n7- Ekaitza soroetan<br \/>\n8- Marikruzen korridoa<\/p>\n<p>Videoclip:<br \/>\n<iframe title=\"BONBERENEA TXARANGA - Marikruzen korridoa - Bideoklipa\" width=\"500\" height=\"281\" src=\"https:\/\/www.youtube.com\/embed\/lpFGyASFkbE?feature=oembed\" frameborder=\"0\" allow=\"accelerometer; autoplay; clipboard-write; encrypted-media; gyroscope; picture-in-picture\" allowfullscreen><\/iframe><\/p>\n<p>Contacto:<br \/>\ninfo@bonberenea.com<br \/>\nMikel: 634 448 316<\/p>","protected":false},"excerpt":{"rendered":"<p>Izurritearen gorabeherak. Este es el nombre del nuevo trabajo de Bonberenea Txaranga. Estamos ante una consecuencia (positiva) directa de la pandemia. La reflexi\u00f3n causada por el confinamiento ha llevado a la txaranga a tirar de sus ra\u00edces con la curiosidad [&hellip;]<\/p>\n","protected":false},"featured_media":31559,"template":"","meta":{"_exactmetrics_skip_tracking":false,"_exactmetrics_sitenote_active":false,"_exactmetrics_sitenote_note":"","_exactmetrics_sitenote_category":0},"product_cat":[451],"product_tag":[594,442,205,497],"_links":{"self":[{"href":"https:\/\/www.bonberenea.com\/es\/wp-json\/wp\/v2\/product\/32482"}],"collection":[{"href":"https:\/\/www.bonberenea.com\/es\/wp-json\/wp\/v2\/product"}],"about":[{"href":"https:\/\/www.bonberenea.com\/es\/wp-json\/wp\/v2\/types\/product"}],"wp:featuredmedia":[{"embeddable":true,"href":"https:\/\/www.bonberenea.com\/es\/wp-json\/wp\/v2\/media\/31559"}],"wp:attachment":[{"href":"https:\/\/www.bonberenea.com\/es\/wp-json\/wp\/v2\/media?parent=32482"}],"wp:term":[{"taxonomy":"product_cat","embeddable":true,"href":"https:\/\/www.bonberenea.com\/es\/wp-json\/wp\/v2\/product_cat?post=32482"},{"taxonomy":"product_tag","embeddable":true,"href":"https:\/\/www.bonberenea.com\/es\/wp-json\/wp\/v2\/product_tag?post=32482"}],"curies":[{"name":"wp","href":"https:\/\/api.w.org\/{rel}","templated":true}]}}