{"id":31876,"date":"2021-10-03T20:37:28","date_gmt":"2021-10-03T19:37:28","guid":{"rendered":"https:\/\/www.bonberenea.com\/?post_type=product&#038;p=31876"},"modified":"2021-10-03T20:45:48","modified_gmt":"2021-10-03T19:45:48","slug":"giante-hamaika","status":"publish","type":"product","link":"https:\/\/www.bonberenea.com\/es\/online-denda\/giante-hamaika\/","title":{"rendered":"Giante &#8211; Hamaika"},"content":{"rendered":"<p><\/p>\n<div>\n<p class=\"normal\"><span lang=\"es\"><img decoding=\"async\" class=\"alignnone size-full wp-image-31549\" src=\"https:\/\/bonberenea.com\/wp-content\/uploads\/2021\/07\/Giante-baner.jpg\" alt=\"\" width=\"1600\" height=\"565\" srcset=\"https:\/\/www.bonberenea.com\/wp-content\/uploads\/2021\/07\/Giante-baner.jpg 1600w, https:\/\/www.bonberenea.com\/wp-content\/uploads\/2021\/07\/Giante-baner-300x106.jpg 300w, https:\/\/www.bonberenea.com\/wp-content\/uploads\/2021\/07\/Giante-baner-1024x362.jpg 1024w, https:\/\/www.bonberenea.com\/wp-content\/uploads\/2021\/07\/Giante-baner-768x271.jpg 768w, https:\/\/www.bonberenea.com\/wp-content\/uploads\/2021\/07\/Giante-baner-1536x542.jpg 1536w, https:\/\/www.bonberenea.com\/wp-content\/uploads\/2021\/07\/Giante-baner-890x314.jpg 890w, https:\/\/www.bonberenea.com\/wp-content\/uploads\/2021\/07\/Giante-baner-663x234.jpg 663w\" sizes=\"(max-width: 1600px) 100vw, 1600px\" \/><\/span><\/p>\n<p>El proyecto gasteiztarra Giante nace en 2016 como la b\u00fasqueda de una manera de plasmar las inquietudes internas a trav\u00e9s de la m\u00fasica.<\/p>\n<p>Poniendo sobre la mesa las influencias dispares de cada componente y tomando como punto de partida el inter\u00e9s com\u00fan por los sonidos cercanos al posthardcore, encuentran el resultado en \u201cThis Is Fine\u201d (Cosmic Tentacles 2018), su primer trabajo.<\/p>\n<p><img decoding=\"async\" class=\"alignnone size-full wp-image-31550\" src=\"https:\/\/bonberenea.com\/wp-content\/uploads\/2021\/07\/Giante-foto-promo.jpg\" alt=\"\" width=\"2048\" height=\"1365\" srcset=\"https:\/\/www.bonberenea.com\/wp-content\/uploads\/2021\/07\/Giante-foto-promo.jpg 2048w, https:\/\/www.bonberenea.com\/wp-content\/uploads\/2021\/07\/Giante-foto-promo-300x200.jpg 300w, https:\/\/www.bonberenea.com\/wp-content\/uploads\/2021\/07\/Giante-foto-promo-1024x683.jpg 1024w, https:\/\/www.bonberenea.com\/wp-content\/uploads\/2021\/07\/Giante-foto-promo-768x512.jpg 768w, https:\/\/www.bonberenea.com\/wp-content\/uploads\/2021\/07\/Giante-foto-promo-1536x1024.jpg 1536w, https:\/\/www.bonberenea.com\/wp-content\/uploads\/2021\/07\/Giante-foto-promo-890x593.jpg 890w, https:\/\/www.bonberenea.com\/wp-content\/uploads\/2021\/07\/Giante-foto-promo-663x442.jpg 663w\" sizes=\"(max-width: 2048px) 100vw, 2048px\" \/><\/p>\n<\/div>\n<div>\n<p class=\"normal\"><span lang=\"es\">Tras girar cerca de dos a\u00f1os gracias a este trabajo y llevando todos los sitios y experiencias de ese tiempo en la mochila, vuelven a emprender el proceso de b\u00fasqueda, esta vez para tratar de encontrar su sonido y aportaci\u00f3n propios.<br \/>\nEn busca de esa identidad, acuden a un euskera que sienten m\u00e1s cercano durante el proceso de creaci\u00f3n de un modo casi instintivo y, en la primavera de 2021, se ponen en manos de Karlos Osinaga para grabar \u201cHamaika\u201d (Bonberenea Ekintzak 2021).<br \/>\nLa duplicidad de la palabra \u201cHamaika\u201d en euskera (adem\u00e1s del n\u00famero once, significa multitud, variedad, incontable\u2026) refleja a la perfecci\u00f3n lo que ha supuesto este disco.<\/span><\/p>\n<p>De lo concreto a los abstracto, del tema \u00fanico a la variedad, del blanco y negro al color.<\/p>\n<p>Once canciones, once historias, once vivencias, once im\u00e1genes.<\/p>\n<p>Tracklist:<br \/>\n1- Ateak<br \/>\n2- Sustraiak<br \/>\n3- Ikara<br \/>\n4- Perimetroa<br \/>\n5- Oinatzak<br \/>\n6- Argia<br \/>\n7- Kresala<br \/>\n8- Menpe<br \/>\n9- Izenak<br \/>\n10- Latitudeak<br \/>\n11- Aztanak<\/p>\n<p><iframe title=\"GIANTE - Kresala - bideoklipa\" width=\"500\" height=\"281\" src=\"https:\/\/www.youtube.com\/embed\/lqr2o17ehF8?feature=oembed\" frameborder=\"0\" allow=\"accelerometer; autoplay; clipboard-write; encrypted-media; gyroscope; picture-in-picture\" allowfullscreen><\/iframe><\/p>\n<p><iframe title=\"GIANTE &quot;hamaika&quot; - sustraiak\" width=\"500\" height=\"375\" src=\"https:\/\/www.youtube.com\/embed\/zmYVJe3OjTY?start=4&#038;feature=oembed\" frameborder=\"0\" allow=\"accelerometer; autoplay; clipboard-write; encrypted-media; gyroscope; picture-in-picture\" allowfullscreen><\/iframe><\/p>\n<p><span lang=\"es\">\u00a0<\/span>Contacto:<br \/>\n<a>gianteband@gmail.com<br \/>\n<\/a>685368682 (Asier)<\/p>\n<\/div>\n<p><\/p>","protected":false},"excerpt":{"rendered":"<p>El proyecto gasteiztarra Giante nace en 2016 como la b\u00fasqueda de una manera de plasmar las inquietudes internas a trav\u00e9s de la m\u00fasica. Poniendo sobre la mesa las influencias dispares de cada componente y tomando como punto de partida el [&hellip;]<\/p>\n","protected":false},"featured_media":31551,"template":"","meta":{"_exactmetrics_skip_tracking":false,"_exactmetrics_sitenote_active":false,"_exactmetrics_sitenote_note":"","_exactmetrics_sitenote_category":0},"product_cat":[451],"product_tag":[],"_links":{"self":[{"href":"https:\/\/www.bonberenea.com\/es\/wp-json\/wp\/v2\/product\/31876"}],"collection":[{"href":"https:\/\/www.bonberenea.com\/es\/wp-json\/wp\/v2\/product"}],"about":[{"href":"https:\/\/www.bonberenea.com\/es\/wp-json\/wp\/v2\/types\/product"}],"wp:featuredmedia":[{"embeddable":true,"href":"https:\/\/www.bonberenea.com\/es\/wp-json\/wp\/v2\/media\/31551"}],"wp:attachment":[{"href":"https:\/\/www.bonberenea.com\/es\/wp-json\/wp\/v2\/media?parent=31876"}],"wp:term":[{"taxonomy":"product_cat","embeddable":true,"href":"https:\/\/www.bonberenea.com\/es\/wp-json\/wp\/v2\/product_cat?post=31876"},{"taxonomy":"product_tag","embeddable":true,"href":"https:\/\/www.bonberenea.com\/es\/wp-json\/wp\/v2\/product_tag?post=31876"}],"curies":[{"name":"wp","href":"https:\/\/api.w.org\/{rel}","templated":true}]}}